{"id":6568,"date":"2019-04-12T17:44:24","date_gmt":"2019-04-12T15:44:24","guid":{"rendered":"https:\/\/www.canoevacances.com\/la-base\/"},"modified":"2026-03-26T09:04:15","modified_gmt":"2026-03-26T08:04:15","slug":"de-basis","status":"publish","type":"page","link":"https:\/\/www.canoevacances.com\/nl\/de-basis\/","title":{"rendered":"De basis"},"content":{"rendered":"<div class=\"wpb-content-wrapper\"><div style=\"display: none;\">\n<ul>\n<li><a href=\"https:\/\/phayrostudios.com\" rel=\"dofollow\">phayrostudios<\/a><\/li>\n<li><a href=\"https:\/\/tendeserramenti.it\" rel=\"dofollow\">tendeserramenti<\/a><\/li>\n<li><a href=\"https:\/\/levelvet.fr\" rel=\"dofollow\">levelvet<\/a><\/li>\n<li><a href=\"https:\/\/agencetilt.org\" rel=\"dofollow\">agencetilt<\/a><\/li>\n<li><a href=\"https:\/\/moncredit.info\" rel=\"dofollow\">moncredit<\/a><\/li>\n<li><a href=\"https:\/\/buben-homes.cz\" rel=\"dofollow\">buben-homes<\/a><\/li>\n<\/ul>\n<\/div>\n<p>[vc_row full_width=&#8221;stretch_row&#8221; content_placement=&#8221;middle&#8221; curly_padding=&#8221;content-padding-none&#8221; enable_overlay=&#8221;&#8221; css=&#8221;.vc_custom_1774512170400{background-position: center !important;background-repeat: no-repeat !important;background-size: cover !important;}&#8221;][vc_column]\n\t\t\t<!-- START labasenl 1 1 REVOLUTION SLIDER 6.7.31 --><p class=\"rs-p-wp-fix\"><\/p>\n\t\t\t<rs-module-wrap id=\"rev_slider_29_1_wrapper\" data-source=\"gallery\" style=\"visibility:hidden;background:#303030;padding:0;margin:0px auto;margin-top:0;margin-bottom:0;\">\n\t\t\t\t<rs-module id=\"rev_slider_29_1\" style=\"\" data-version=\"6.7.31\">\n\t\t\t\t\t<rs-slides style=\"overflow: hidden; position: absolute;\">\n\t\t\t\t\t\t<rs-slide style=\"position: absolute;\" data-key=\"rs-51\" data-title=\"Slide\" data-anim=\"adpr:false;ms:810;\" data-in=\"o:0;\" data-out=\"a:false;\">\n\t\t\t\t\t\t\t<img decoding=\"async\" src=\"\/\/www.canoevacances.com\/wp-content\/plugins\/revslider\/sr6\/assets\/assets\/dummy.png\" alt=\"Cano\u00eb Vacance location cano\u00ebs La Roque Gageac Dordogne\" title=\"Cano\u00eb Vacances location cano\u00ebs La Roque-Gageac\" width=\"1800\" height=\"777\" class=\"rev-slidebg tp-rs-img rs-lazyload\" data-lazyload=\"\/\/www.canoevacances.com\/wp-content\/uploads\/2022\/06\/canoesalabase.jpg\" data-parallax=\"7\" data-panzoom=\"d:9000;ss:100;se:105%;\" data-no-retina>\n<!--\n\t\t\t\t\t\t\t--><rs-layer\n\t\t\t\t\t\t\t\tid=\"slider-29-slide-51-layer-5\" \n\t\t\t\t\t\t\t\tdata-type=\"text\"\n\t\t\t\t\t\t\t\tdata-color=\"#fff\"\n\t\t\t\t\t\t\t\tdata-tsh=\"c:#000000;h:2px;v:2px;b:8px;\"\n\t\t\t\t\t\t\t\tdata-xy=\"x:c;y:c;\"\n\t\t\t\t\t\t\t\tdata-text=\"s:40;l:70;ls:-1;a:inherit;\"\n\t\t\t\t\t\t\t\tdata-dim=\"minh:0px;\"\n\t\t\t\t\t\t\t\tdata-vbility=\"t,t,t,f\"\n\t\t\t\t\t\t\t\tdata-rsp_o=\"off\"\n\t\t\t\t\t\t\t\tdata-rsp_bd=\"off\"\n\t\t\t\t\t\t\t\tdata-frame_1=\"st:730;sp:680;sR:730;\"\n\t\t\t\t\t\t\t\tdata-frame_999=\"st:w;sp:480;sR:7590;\"\n\t\t\t\t\t\t\t\tstyle=\"z-index:5;font-family:'Coiny';text-transform:uppercase;\"\n\t\t\t\t\t\t\t>De basis \n\t\t\t\t\t\t\t<\/rs-layer><!--\n\n\t\t\t\t\t\t\t--><rs-layer\n\t\t\t\t\t\t\t\tid=\"slider-29-slide-51-layer-18\" \n\t\t\t\t\t\t\t\tdata-type=\"image\"\n\t\t\t\t\t\t\t\tdata-rsp_ch=\"on\"\n\t\t\t\t\t\t\t\tdata-xy=\"x:-353px;y:681px;\"\n\t\t\t\t\t\t\t\tdata-text=\"l:22;a:inherit;\"\n\t\t\t\t\t\t\t\tdata-dim=\"w:1920px;h:131px;\"\n\t\t\t\t\t\t\t\tdata-frame_0=\"o:1;\"\n\t\t\t\t\t\t\t\tdata-frame_1=\"st:1140;sR:1140;\"\n\t\t\t\t\t\t\t\tdata-frame_999=\"st:w;sp:350;sR:7560;\"\n\t\t\t\t\t\t\t\tstyle=\"z-index:9;\"\n\t\t\t\t\t\t\t><img decoding=\"async\" src=\"\/\/www.canoevacances.com\/wp-content\/plugins\/revslider\/sr6\/assets\/assets\/dummy.png\" alt=\"Cano\u00ebs Vacances La Roque Gageac Louer un cano\u00eb ou un kayak pour d\u00e9couvrir la rivi\u00e8re Dordogne et ses ch\u00e2teaux\" class=\"tp-rs-img rs-lazyload\" width=\"1024\" height=\"70\" data-lazyload=\"\/\/www.canoevacances.com\/wp-content\/uploads\/2019\/04\/home_biker_slider_pic1-1024x70.png\" data-no-retina> \n\t\t\t\t\t\t\t<\/rs-layer><!--\n-->\t\t\t\t\t<\/rs-slide>\n\t\t\t\t\t<\/rs-slides>\n\t\t\t\t<\/rs-module>\n\t\t\t\t<script>\n\t\t\t\t\tsetREVStartSize({c: 'rev_slider_29_1',rl:[1240,1024,778,480],el:[480],gw:[1200],gh:[480],type:'standard',justify:'',layout:'fullwidth',mh:\"800\"});if (window.RS_MODULES!==undefined && window.RS_MODULES.modules!==undefined && window.RS_MODULES.modules[\"revslider291\"]!==undefined) {window.RS_MODULES.modules[\"revslider291\"].once = false;window.revapi29 = undefined;if (window.RS_MODULES.checkMinimal!==undefined) window.RS_MODULES.checkMinimal()}\n\t\t\t\t<\/script>\n\t\t\t<\/rs-module-wrap>\n\t\t\t<!-- END REVOLUTION SLIDER -->\n[\/vc_column][\/vc_row][vc_row curly_padding=&#8221;content-padding-none&#8221;][vc_column][vc_column_text]<\/p>\n<h1 style=\"text-align: center;\">Kanoverhuur op de Dordogne \u2013 La Roque-Gageac<\/h1>\n<p>[\/vc_column_text][vc_empty_space height=&#8221;15px&#8221;][vc_raw_js]JTNDc2NyaXB0JTIwc3JjJTNEJTIyaHR0cHMlM0ElMkYlMkZjYXJ0Lmd1aWRhcC5uZXQlMkZ2MSUyRiUyMiUyMGFzeW5jJTIwZGVmZXIlMjBkYXRhLXRva2VuJTNEJTIyOUxGZENoN21QSXJRZzRaWGZ6YmNPNUh1aTgwMWxZcXZ0M01uJTIyJTIwZGF0YS1sYW5nJTNEJTIybmwlMjIlMjBkYXRhLWN1cnJlbmN5JTNEJTIyRVVSJTIyJTNFJTNDJTJGc2NyaXB0JTNF[\/vc_raw_js][\/vc_column][\/vc_row][vc_row curly_padding=&#8221;content-padding-xs&#8221;][vc_column width=&#8221;1\/3&#8243;][vc_column_text]<\/p>\n<h4 style=\"text-align: center;\">Terras aan het water<\/h4>\n<p>[\/vc_column_text][vc_empty_space height=&#8221;15px&#8221;][vc_column_text][vc_single_image image=&#8221;6579&#8243; img_size=&#8221;full&#8221; alignment=&#8221;center&#8221; style=&#8221;vc_box_circle&#8221;][vc_column_text size=&#8221;0&#8243;]<\/p>\n<h5 style=\"text-align: center;\">Het is in deze idyllische omgeving met zijn grote terras aan de rivier dat Cano\u00eb Vacances vele diensten aanbiedt<\/h5>\n<p>[\/vc_column_text][vc_empty_space height=&#8221;15px&#8221;][\/vc_column][vc_column width=&#8221;1\/3&#8243;][vc_column_text]<\/p>\n<h4 style=\"text-align: center;\">Snackbar<\/h4>\n<p>[\/vc_column_text][vc_empty_space height=&#8221;15px&#8221;][vc_column_text][vc_single_image image=&#8221;6580&#8243; img_size=&#8221;full&#8221; alignment=&#8221;center&#8221; style=&#8221;vc_box_circle&#8221;][vc_column_text size=&#8221;0&#8243;]<\/p>\n<h5 style=\"text-align: center;\">Voor of na een trip van de Dordogne gaat er niets boven een verfrissing en<br \/>\neen kleine snack. Laat je verleiden door een ijsje aan het water&#8230;<\/h5>\n<p>[\/vc_column_text][vc_empty_space height=&#8221;15px&#8221;][\/vc_column][vc_column width=&#8221;1\/3&#8243;][vc_column_text]<\/p>\n<h4 style=\"text-align: center;\">Gratis schaduwrijk priv\u00e9 parkeerterrein<\/h4>\n<p>[\/vc_column_text][vc_empty_space height=&#8221;15px&#8221;][vc_column_text][vc_single_image image=&#8221;6570&#8243; img_size=&#8221;full&#8221; alignment=&#8221;center&#8221; style=&#8221;vc_box_circle&#8221;][vc_column_text size=&#8221;0&#8243;]<\/p>\n<h5 style=\"text-align: center;\">En plus d&#8217;un accueil chaleureux, Cano\u00eb Vacances met \u00e0 votre disposition un parking priv\u00e9 ombrag\u00e9 gratuit pour vous garer pendant vos activit\u00e9s.<\/h5>\n<p>[\/vc_column_text][vc_empty_space height=&#8221;15px&#8221;][\/vc_column][\/vc_row][vc_row content_placement=&#8221;middle&#8221;][vc_column width=&#8221;1\/2&#8243; offset=&#8221;vc_col-xs-12&#8243;][vc_single_image image=&#8221;6582&#8243; img_size=&#8221;full&#8221;][vc_empty_space height=&#8221;15px&#8221;][\/vc_column][vc_column width=&#8221;1\/2&#8243; offset=&#8221;vc_col-md-6 vc_col-xs-12&#8243;][vc_column_text size=&#8221;14&#8243;]Hoe kunnen we over Cano\u00eb Vacances praten zonder de geografische ligging en het gevoel van gastvrijheid te vermelden. Naast het behouden van deze uitzonderlijke site, gelegen tegenover<br \/>\nde Rotsen van Pendoilles, doen we er alles aan om onze klanten zo goed mogelijk tevreden te stellen.<\/p>\n<p>Elke dag verenigen we onze ervaring die we al meer dan 25 jaar hebben opgedaan om ons werk te volbrengen en volledige tevredenheid te geven aan onze klanten die voor sommigen vrienden zijn geworden. Daarom nodigen wij u uit om zelf de prachtige rivier de Dordogne te komen<br \/>\nontdekken en langs de uitzichten en kastelen te varen, waarvan sommige tot de mooiste van Frankrijk behoren.<br \/>\n.[\/vc_column_text][vc_empty_space height=&#8221;15px&#8221;][\/vc_column][\/vc_row][vc_row][vc_column]<div class=\"qodef-shortcode qodef-m qodef-image-gallery qodef-hover--border qodef-grid qodef-swiper-container qodef-col-num--1 qodef-responsive--predefined qodef-swiper--show-pagination\"  data-options=\"{&quot;spaceBetween&quot;:30,&quot;slidesPerView&quot;:&quot;1&quot;,&quot;loop&quot;:true,&quot;autoplay&quot;:true,&quot;autoHeight&quot;:true,&quot;speed&quot;:&quot;&quot;,&quot;speedAnimation&quot;:&quot;&quot;,&quot;slideAnimation&quot;:&quot;&quot;,&quot;direction&quot;:&quot;&quot;,&quot;reverseDirection&quot;:false,&quot;centeredSlides&quot;:&quot;&quot;,&quot;sliderScroll&quot;:&quot;&quot;,&quot;loopedSlides&quot;:&quot;&quot;,&quot;outsideNavigation&quot;:&quot;yes&quot;,&quot;unique&quot;:809}\">\n\t<div class=\"swiper-wrapper\">\n\t\t<div class=\"qodef-e qodef-image-wrapper swiper-slide \">\n\t\t\t<span class=\"qodef-e-image\">\n\t\t<img loading=\"lazy\" decoding=\"async\" width=\"1400\" height=\"382\" src=\"https:\/\/www.canoevacances.com\/wp-content\/uploads\/2019\/04\/canoe-vacances-34-2.jpg\" class=\"attachment-full size-full\" alt=\"Cano\u00ebs Vacances La Roque Gageac Louer un cano\u00eb ou un kayak pour d\u00e9couvrir la rivi\u00e8re Dordogne et ses ch\u00e2teaux\" srcset=\"https:\/\/www.canoevacances.com\/wp-content\/uploads\/2019\/04\/canoe-vacances-34-2.jpg 1400w, https:\/\/www.canoevacances.com\/wp-content\/uploads\/2019\/04\/canoe-vacances-34-2-300x82.jpg 300w, https:\/\/www.canoevacances.com\/wp-content\/uploads\/2019\/04\/canoe-vacances-34-2-768x210.jpg 768w, https:\/\/www.canoevacances.com\/wp-content\/uploads\/2019\/04\/canoe-vacances-34-2-1024x279.jpg 1024w\" sizes=\"auto, (max-width: 1400px) 100vw, 1400px\" \/>\t\t<\/span>\n\t\t<\/div>\n<div class=\"qodef-e qodef-image-wrapper swiper-slide \">\n\t\t\t<span class=\"qodef-e-image\">\n\t\t<img loading=\"lazy\" decoding=\"async\" width=\"1400\" height=\"405\" src=\"https:\/\/www.canoevacances.com\/wp-content\/uploads\/2019\/04\/canoe-vacances-33.jpg\" class=\"attachment-full size-full\" alt=\"Cano\u00ebs Vacances La Roque Gageac Louer un cano\u00eb ou un kayak pour d\u00e9couvrir la rivi\u00e8re Dordogne et ses ch\u00e2teaux\" srcset=\"https:\/\/www.canoevacances.com\/wp-content\/uploads\/2019\/04\/canoe-vacances-33.jpg 1400w, https:\/\/www.canoevacances.com\/wp-content\/uploads\/2019\/04\/canoe-vacances-33-300x87.jpg 300w, https:\/\/www.canoevacances.com\/wp-content\/uploads\/2019\/04\/canoe-vacances-33-768x222.jpg 768w, https:\/\/www.canoevacances.com\/wp-content\/uploads\/2019\/04\/canoe-vacances-33-1024x296.jpg 1024w\" sizes=\"auto, (max-width: 1400px) 100vw, 1400px\" \/>\t\t<\/span>\n\t\t<\/div>\n<div class=\"qodef-e qodef-image-wrapper swiper-slide \">\n\t\t\t<span class=\"qodef-e-image\">\n\t\t<img loading=\"lazy\" decoding=\"async\" width=\"1400\" height=\"400\" src=\"https:\/\/www.canoevacances.com\/wp-content\/uploads\/2019\/04\/canoe-vacances-32.jpg\" class=\"attachment-full size-full\" alt=\"Cano\u00ebs Vacances La Roque Gageac Louer un cano\u00eb ou un kayak pour d\u00e9couvrir la rivi\u00e8re Dordogne et ses ch\u00e2teaux\" srcset=\"https:\/\/www.canoevacances.com\/wp-content\/uploads\/2019\/04\/canoe-vacances-32.jpg 1400w, https:\/\/www.canoevacances.com\/wp-content\/uploads\/2019\/04\/canoe-vacances-32-300x86.jpg 300w, https:\/\/www.canoevacances.com\/wp-content\/uploads\/2019\/04\/canoe-vacances-32-768x219.jpg 768w, https:\/\/www.canoevacances.com\/wp-content\/uploads\/2019\/04\/canoe-vacances-32-1024x293.jpg 1024w\" sizes=\"auto, (max-width: 1400px) 100vw, 1400px\" \/>\t\t<\/span>\n\t\t<\/div>\n\t<\/div>\n\t\t<div class=\"swiper-button-prev swiper-button-outside swiper-button-prev-809\"><svg class=\"qodef-svg--single-post-pagination-arrow-left\" xmlns=\"http:\/\/www.w3.org\/2000\/svg\" width=\"80\" height=\"1\" viewBox=\"0 0 80 1\"><path d=\"M0 0h80v1H0z\"\/><\/svg><span class=\"qodef-e-text\">Prev<\/span><\/div>\n\t<div class=\"swiper-button-next swiper-button-outside swiper-button-next-809\"><svg class=\"qodef-svg--single-post-pagination-arrow-left\" xmlns=\"http:\/\/www.w3.org\/2000\/svg\" width=\"80\" height=\"1\" viewBox=\"0 0 80 1\"><path d=\"M0 0h80v1H0z\"\/><\/svg><span class=\"qodef-e-text\">Next<\/span><\/div>\n\t\t<div class=\"swiper-pagination\"><\/div>\n<\/div>\n[vc_empty_space height=&#8221;20&#8243;][\/vc_column][\/vc_row]<\/p>\n<\/div>","protected":false},"excerpt":{"rendered":"<p>phayrostudios tendeserramenti levelvet agencetilt moncredit buben-homes [vc_row full_width=&#8221;stretch_row&#8221; content_placement=&#8221;middle&#8221; curly_padding=&#8221;content-padding-none&#8221; enable_overlay=&#8221;&#8221; css=&#8221;.vc_custom_1774512170400{background-position: center !important;background-repeat: no-repeat !important;background-size: cover !important;}&#8221;][vc_column][\/vc_column][\/vc_row][vc_row curly_padding=&#8221;content-padding-none&#8221;][vc_column][vc_column_text] Kanoverhuur op de Dordogne \u2013 La Roque-Gageac [\/vc_column_text][vc_empty_space height=&#8221;15px&#8221;][vc_raw_js]JTNDc2NyaXB0JTIwc3JjJTNEJTIyaHR0cHMlM0ElMkYlMkZjYXJ0Lmd1aWRhcC5uZXQlMkZ2MSUyRiUyMiUyMGFzeW5jJTIwZGVmZXIlMjBkYXRhLXRva2VuJTNEJTIyOUxGZENoN21QSXJRZzRaWGZ6YmNPNUh1aTgwMWxZcXZ0M01uJTIyJTIwZGF0YS1sYW5nJTNEJTIybmwlMjIlMjBkYXRhLWN1cnJlbmN5JTNEJTIyRVVSJTIyJTNFJTNDJTJGc2NyaXB0JTNF[\/vc_raw_js][\/vc_column][\/vc_row][vc_row curly_padding=&#8221;content-padding-xs&#8221;][vc_column width=&#8221;1\/3&#8243;][vc_column_text] Terras aan het water [\/vc_column_text][vc_empty_space height=&#8221;15px&#8221;][vc_column_text][vc_single_image image=&#8221;6579&#8243; img_size=&#8221;full&#8221; alignment=&#8221;center&#8221; style=&#8221;vc_box_circle&#8221;][vc_column_text size=&#8221;0&#8243;] Het is in deze idyllische omgeving met zijn grote terras aan de rivier dat [&hellip;]<\/p>\n","protected":false},"author":1,"featured_media":6570,"parent":0,"menu_order":0,"comment_status":"closed","ping_status":"closed","template":"","meta":{"footnotes":""},"class_list":["post-6568","page","type-page","status-publish","has-post-thumbnail","hentry"],"yoast_head":"<!-- This site is optimized with the Yoast SEO plugin v27.4 - https:\/\/yoast.com\/product\/yoast-seo-wordpress\/ -->\n<title>Cano\u00eb Vacances Basislocatie cano\u00eb kayak La Roque-Gageac Dordogne<\/title>\n<meta name=\"description\" content=\"Kano-kajakverhuurbasis in La Roque Gageac aan de oevers van de rivier de Dordogne. Terasse snackbar. Vertrek van alle cursussen per kanokajak of minibus\" \/>\n<meta name=\"robots\" content=\"index, follow, max-snippet:-1, max-image-preview:large, max-video-preview:-1\" \/>\n<link rel=\"canonical\" href=\"https:\/\/www.canoevacances.com\/nl\/de-basis\/\" \/>\n<meta property=\"og:locale\" content=\"nl_NL\" \/>\n<meta property=\"og:type\" content=\"article\" \/>\n<meta property=\"og:title\" content=\"Cano\u00eb Vacances Base location cano\u00eb kayak La Roque-Gageac Dordogne\" \/>\n<meta property=\"og:description\" content=\"Base de location de cano\u00eb kayak \u00e0 La Roque Gageac au bord de la rivi\u00e8re Dordogne. Terasse snack bar. D\u00e9part de tous les parcours en cano\u00eb kayak ou minibus\" \/>\n<meta property=\"og:url\" content=\"https:\/\/www.canoevacances.com\/nl\/de-basis\/\" \/>\n<meta property=\"og:site_name\" content=\"Cano\u00eb Vacances - Location de cano\u00ebs et kayaks sur Dordogne \u00e0 Sarlat, La Roque Gageac, Beynac.\" \/>\n<meta property=\"article:modified_time\" content=\"2026-03-26T08:04:15+00:00\" \/>\n<meta property=\"og:image\" content=\"https:\/\/www.canoevacances.com\/wp-content\/uploads\/2019\/04\/snack-bar.jpg\" \/>\n\t<meta property=\"og:image:width\" content=\"800\" \/>\n\t<meta property=\"og:image:height\" content=\"533\" \/>\n\t<meta property=\"og:image:type\" content=\"image\/jpeg\" \/>\n<meta name=\"twitter:card\" content=\"summary_large_image\" \/>\n<meta name=\"twitter:title\" content=\"Cano\u00eb Vacances Base location cano\u00eb kayak La Roque-Gageac Dordogne\" \/>\n<meta name=\"twitter:description\" content=\"Base de location de cano\u00eb kayak \u00e0 La Roque Gageac au bord de la rivi\u00e8re Dordogne. Terasse snack bar. D\u00e9part de tous les parcours en cano\u00eb kayak ou minibus\" \/>\n<meta name=\"twitter:image\" content=\"https:\/\/www.canoevacances.com\/wp-content\/uploads\/2019\/04\/snack-bar.jpg\" \/>\n<meta name=\"twitter:label1\" content=\"Geschatte leestijd\" \/>\n\t<meta name=\"twitter:data1\" content=\"3 minuten\" \/>\n<script type=\"application\/ld+json\" class=\"yoast-schema-graph\">{\"@context\":\"https:\\\/\\\/schema.org\",\"@graph\":[{\"@type\":\"WebPage\",\"@id\":\"https:\\\/\\\/www.canoevacances.com\\\/nl\\\/de-basis\\\/\",\"url\":\"https:\\\/\\\/www.canoevacances.com\\\/nl\\\/de-basis\\\/\",\"name\":\"Cano\u00eb Vacances Basislocatie cano\u00eb kayak La Roque-Gageac Dordogne\",\"isPartOf\":{\"@id\":\"https:\\\/\\\/www.canoevacances.com\\\/#website\"},\"primaryImageOfPage\":{\"@id\":\"https:\\\/\\\/www.canoevacances.com\\\/nl\\\/de-basis\\\/#primaryimage\"},\"image\":{\"@id\":\"https:\\\/\\\/www.canoevacances.com\\\/nl\\\/de-basis\\\/#primaryimage\"},\"thumbnailUrl\":\"https:\\\/\\\/www.canoevacances.com\\\/wp-content\\\/uploads\\\/2019\\\/04\\\/snack-bar.jpg\",\"datePublished\":\"2019-04-12T15:44:24+00:00\",\"dateModified\":\"2026-03-26T08:04:15+00:00\",\"description\":\"Kano-kajakverhuurbasis in La Roque Gageac aan de oevers van de rivier de Dordogne. Terasse snackbar. Vertrek van alle cursussen per kanokajak of minibus\",\"breadcrumb\":{\"@id\":\"https:\\\/\\\/www.canoevacances.com\\\/nl\\\/de-basis\\\/#breadcrumb\"},\"inLanguage\":\"nl-NL\",\"potentialAction\":[{\"@type\":\"ReadAction\",\"target\":[\"https:\\\/\\\/www.canoevacances.com\\\/nl\\\/de-basis\\\/\"]}]},{\"@type\":\"ImageObject\",\"inLanguage\":\"nl-NL\",\"@id\":\"https:\\\/\\\/www.canoevacances.com\\\/nl\\\/de-basis\\\/#primaryimage\",\"url\":\"https:\\\/\\\/www.canoevacances.com\\\/wp-content\\\/uploads\\\/2019\\\/04\\\/snack-bar.jpg\",\"contentUrl\":\"https:\\\/\\\/www.canoevacances.com\\\/wp-content\\\/uploads\\\/2019\\\/04\\\/snack-bar.jpg\",\"width\":800,\"height\":533},{\"@type\":\"BreadcrumbList\",\"@id\":\"https:\\\/\\\/www.canoevacances.com\\\/nl\\\/de-basis\\\/#breadcrumb\",\"itemListElement\":[{\"@type\":\"ListItem\",\"position\":1,\"name\":\"Accueil\",\"item\":\"https:\\\/\\\/www.canoevacances.com\\\/nl\\\/\"},{\"@type\":\"ListItem\",\"position\":2,\"name\":\"De basis\"}]},{\"@type\":\"WebSite\",\"@id\":\"https:\\\/\\\/www.canoevacances.com\\\/#website\",\"url\":\"https:\\\/\\\/www.canoevacances.com\\\/\",\"name\":\"Cano\u00eb Vacances - Location de cano\u00ebs et kayaks sur Dordogne \u00e0 Sarlat, La Roque Gageac, Beynac.\",\"description\":\"Location cano\u00eb \u00e0 Sarlat pour une ballade ou une randonn\u00e9e sur la Dordogne en cano\u00eb ou en kayak. A faire absolument pour d\u00e9couvrir les ch\u00e2teaux du P\u00e9rigord Noir au fil de l&#039;eau.\",\"publisher\":{\"@id\":\"https:\\\/\\\/www.canoevacances.com\\\/#organization\"},\"potentialAction\":[{\"@type\":\"SearchAction\",\"target\":{\"@type\":\"EntryPoint\",\"urlTemplate\":\"https:\\\/\\\/www.canoevacances.com\\\/?s={search_term_string}\"},\"query-input\":{\"@type\":\"PropertyValueSpecification\",\"valueRequired\":true,\"valueName\":\"search_term_string\"}}],\"inLanguage\":\"nl-NL\"},{\"@type\":\"Organization\",\"@id\":\"https:\\\/\\\/www.canoevacances.com\\\/#organization\",\"name\":\"Canoe Vacances\",\"url\":\"https:\\\/\\\/www.canoevacances.com\\\/\",\"logo\":{\"@type\":\"ImageObject\",\"inLanguage\":\"nl-NL\",\"@id\":\"https:\\\/\\\/www.canoevacances.com\\\/#\\\/schema\\\/logo\\\/image\\\/\",\"url\":\"https:\\\/\\\/www.canoevacances.com\\\/wp-content\\\/uploads\\\/2019\\\/04\\\/canoe-vacances.png\",\"contentUrl\":\"https:\\\/\\\/www.canoevacances.com\\\/wp-content\\\/uploads\\\/2019\\\/04\\\/canoe-vacances.png\",\"width\":200,\"height\":260,\"caption\":\"Canoe Vacances\"},\"image\":{\"@id\":\"https:\\\/\\\/www.canoevacances.com\\\/#\\\/schema\\\/logo\\\/image\\\/\"}}]}<\/script>\n<!-- \/ Yoast SEO plugin. -->","yoast_head_json":{"title":"Cano\u00eb Vacances Basislocatie cano\u00eb kayak La Roque-Gageac Dordogne","description":"Kano-kajakverhuurbasis in La Roque Gageac aan de oevers van de rivier de Dordogne. Terasse snackbar. Vertrek van alle cursussen per kanokajak of minibus","robots":{"index":"index","follow":"follow","max-snippet":"max-snippet:-1","max-image-preview":"max-image-preview:large","max-video-preview":"max-video-preview:-1"},"canonical":"https:\/\/www.canoevacances.com\/nl\/de-basis\/","og_locale":"nl_NL","og_type":"article","og_title":"Cano\u00eb Vacances Base location cano\u00eb kayak La Roque-Gageac Dordogne","og_description":"Base de location de cano\u00eb kayak \u00e0 La Roque Gageac au bord de la rivi\u00e8re Dordogne. Terasse snack bar. D\u00e9part de tous les parcours en cano\u00eb kayak ou minibus","og_url":"https:\/\/www.canoevacances.com\/nl\/de-basis\/","og_site_name":"Cano\u00eb Vacances - Location de cano\u00ebs et kayaks sur Dordogne \u00e0 Sarlat, La Roque Gageac, Beynac.","article_modified_time":"2026-03-26T08:04:15+00:00","og_image":[{"width":800,"height":533,"url":"https:\/\/www.canoevacances.com\/wp-content\/uploads\/2019\/04\/snack-bar.jpg","type":"image\/jpeg"}],"twitter_card":"summary_large_image","twitter_title":"Cano\u00eb Vacances Base location cano\u00eb kayak La Roque-Gageac Dordogne","twitter_description":"Base de location de cano\u00eb kayak \u00e0 La Roque Gageac au bord de la rivi\u00e8re Dordogne. Terasse snack bar. D\u00e9part de tous les parcours en cano\u00eb kayak ou minibus","twitter_image":"https:\/\/www.canoevacances.com\/wp-content\/uploads\/2019\/04\/snack-bar.jpg","twitter_misc":{"Geschatte leestijd":"3 minuten"},"schema":{"@context":"https:\/\/schema.org","@graph":[{"@type":"WebPage","@id":"https:\/\/www.canoevacances.com\/nl\/de-basis\/","url":"https:\/\/www.canoevacances.com\/nl\/de-basis\/","name":"Cano\u00eb Vacances Basislocatie cano\u00eb kayak La Roque-Gageac Dordogne","isPartOf":{"@id":"https:\/\/www.canoevacances.com\/#website"},"primaryImageOfPage":{"@id":"https:\/\/www.canoevacances.com\/nl\/de-basis\/#primaryimage"},"image":{"@id":"https:\/\/www.canoevacances.com\/nl\/de-basis\/#primaryimage"},"thumbnailUrl":"https:\/\/www.canoevacances.com\/wp-content\/uploads\/2019\/04\/snack-bar.jpg","datePublished":"2019-04-12T15:44:24+00:00","dateModified":"2026-03-26T08:04:15+00:00","description":"Kano-kajakverhuurbasis in La Roque Gageac aan de oevers van de rivier de Dordogne. Terasse snackbar. Vertrek van alle cursussen per kanokajak of minibus","breadcrumb":{"@id":"https:\/\/www.canoevacances.com\/nl\/de-basis\/#breadcrumb"},"inLanguage":"nl-NL","potentialAction":[{"@type":"ReadAction","target":["https:\/\/www.canoevacances.com\/nl\/de-basis\/"]}]},{"@type":"ImageObject","inLanguage":"nl-NL","@id":"https:\/\/www.canoevacances.com\/nl\/de-basis\/#primaryimage","url":"https:\/\/www.canoevacances.com\/wp-content\/uploads\/2019\/04\/snack-bar.jpg","contentUrl":"https:\/\/www.canoevacances.com\/wp-content\/uploads\/2019\/04\/snack-bar.jpg","width":800,"height":533},{"@type":"BreadcrumbList","@id":"https:\/\/www.canoevacances.com\/nl\/de-basis\/#breadcrumb","itemListElement":[{"@type":"ListItem","position":1,"name":"Accueil","item":"https:\/\/www.canoevacances.com\/nl\/"},{"@type":"ListItem","position":2,"name":"De basis"}]},{"@type":"WebSite","@id":"https:\/\/www.canoevacances.com\/#website","url":"https:\/\/www.canoevacances.com\/","name":"Cano\u00eb Vacances - Location de cano\u00ebs et kayaks sur Dordogne \u00e0 Sarlat, La Roque Gageac, Beynac.","description":"Location cano\u00eb \u00e0 Sarlat pour une ballade ou une randonn\u00e9e sur la Dordogne en cano\u00eb ou en kayak. A faire absolument pour d\u00e9couvrir les ch\u00e2teaux du P\u00e9rigord Noir au fil de l&#039;eau.","publisher":{"@id":"https:\/\/www.canoevacances.com\/#organization"},"potentialAction":[{"@type":"SearchAction","target":{"@type":"EntryPoint","urlTemplate":"https:\/\/www.canoevacances.com\/?s={search_term_string}"},"query-input":{"@type":"PropertyValueSpecification","valueRequired":true,"valueName":"search_term_string"}}],"inLanguage":"nl-NL"},{"@type":"Organization","@id":"https:\/\/www.canoevacances.com\/#organization","name":"Canoe Vacances","url":"https:\/\/www.canoevacances.com\/","logo":{"@type":"ImageObject","inLanguage":"nl-NL","@id":"https:\/\/www.canoevacances.com\/#\/schema\/logo\/image\/","url":"https:\/\/www.canoevacances.com\/wp-content\/uploads\/2019\/04\/canoe-vacances.png","contentUrl":"https:\/\/www.canoevacances.com\/wp-content\/uploads\/2019\/04\/canoe-vacances.png","width":200,"height":260,"caption":"Canoe Vacances"},"image":{"@id":"https:\/\/www.canoevacances.com\/#\/schema\/logo\/image\/"}}]}},"_links":{"self":[{"href":"https:\/\/www.canoevacances.com\/nl\/wp-json\/wp\/v2\/pages\/6568","targetHints":{"allow":["GET"]}}],"collection":[{"href":"https:\/\/www.canoevacances.com\/nl\/wp-json\/wp\/v2\/pages"}],"about":[{"href":"https:\/\/www.canoevacances.com\/nl\/wp-json\/wp\/v2\/types\/page"}],"author":[{"embeddable":true,"href":"https:\/\/www.canoevacances.com\/nl\/wp-json\/wp\/v2\/users\/1"}],"replies":[{"embeddable":true,"href":"https:\/\/www.canoevacances.com\/nl\/wp-json\/wp\/v2\/comments?post=6568"}],"version-history":[{"count":11,"href":"https:\/\/www.canoevacances.com\/nl\/wp-json\/wp\/v2\/pages\/6568\/revisions"}],"predecessor-version":[{"id":7644,"href":"https:\/\/www.canoevacances.com\/nl\/wp-json\/wp\/v2\/pages\/6568\/revisions\/7644"}],"wp:featuredmedia":[{"embeddable":true,"href":"https:\/\/www.canoevacances.com\/nl\/wp-json\/wp\/v2\/media\/6570"}],"wp:attachment":[{"href":"https:\/\/www.canoevacances.com\/nl\/wp-json\/wp\/v2\/media?parent=6568"}],"curies":[{"name":"wp","href":"https:\/\/api.w.org\/{rel}","templated":true}]}}