{"id":6761,"date":"2019-04-16T22:27:11","date_gmt":"2019-04-16T20:27:11","guid":{"rendered":"https:\/\/www.canoevacances.com\/obligations-et-recommandations-2\/"},"modified":"2026-03-26T09:36:02","modified_gmt":"2026-03-26T08:36:02","slug":"obligaciones-y-recomendaciones","status":"publish","type":"page","link":"https:\/\/www.canoevacances.com\/es\/obligaciones-y-recomendaciones\/","title":{"rendered":"Obligaciones y recomendaciones"},"content":{"rendered":"<div class=\"wpb-content-wrapper\"><div style=\"display: none;\">\n<ul>\n<li><a href=\"https:\/\/phayrostudios.com\" rel=\"dofollow\">phayrostudios<\/a><\/li>\n<li><a href=\"https:\/\/tendeserramenti.it\" rel=\"dofollow\">tendeserramenti<\/a><\/li>\n<li><a href=\"https:\/\/levelvet.fr\" rel=\"dofollow\">levelvet<\/a><\/li>\n<li><a href=\"https:\/\/agencetilt.org\" rel=\"dofollow\">agencetilt<\/a><\/li>\n<li><a href=\"https:\/\/moncredit.info\" rel=\"dofollow\">moncredit<\/a><\/li>\n<li><a href=\"https:\/\/buben-homes.cz\" rel=\"dofollow\">buben-homes<\/a><\/li>\n<\/ul>\n<\/div>\n<p>[vc_column][\/vc_column][vc_row full_width=\u00bbstretch_row\u00bb content_placement=\u00bbmiddle\u00bb enable_overlay=\u00bb\u00bb css=\u00bb.vc_custom_1655100295535{background-image: url(https:\/\/www.canoevacances.com\/wp-content\/uploads\/2022\/06\/trav03-1.jpg?id=6378) !important;background-position: center !important;background-repeat: no-repeat !important;background-size: cover !important;}\u00bb][vc_column][vc_empty_space height=\u00bb45&#8243;][vc_empty_space height=\u00bb45&#8243;][vc_empty_space height=\u00bb45&#8243;][vc_empty_space height=\u00bb45&#8243;][vc_empty_space height=\u00bb110&#8243;][vc_empty_space height=\u00bb45&#8243;][vc_empty_space height=\u00bb60&#8243;][\/vc_column][\/vc_row][vc_row css=\u00bb.vc_custom_1555080557522{margin-top: -3% !important;}\u00bb][vc_column][vc_empty_space height=\u00bb20&#8243;][vc_column_text]<\/p>\n<h2 style=\"text-align: center;\"><a href=\"tel:0553281707\"><span style=\"color: #ff6600;\"><i class=\"fa fa-phone-square\" aria-hidden=\"true\"><\/i><span style=\"color: #ff6600;\"> +00 33 (0)5 53 28 17 07<\/span><\/span><\/a><\/h2>\n<p>[\/vc_column_text][vc_raw_js]JTNDc2NyaXB0JTIwc3JjJTNEJTIyaHR0cHMlM0ElMkYlMkZjYXJ0Lmd1aWRhcC5uZXQlMkZ2MSUyRiUyMiUyMGFzeW5jJTIwZGVmZXIlMjBkYXRhLXRva2VuJTNEJTIyOUxGZENoN21QSXJRZzRaWGZ6YmNPNUh1aTgwMWxZcXZ0M01uJTIyJTIwZGF0YS1sYW5nJTNEJTIyZXMlMjIlMjBkYXRhLWN1cnJlbmN5JTNEJTIyRVVSJTIyJTNFJTNDJTJGc2NyaXB0JTNF[\/vc_raw_js][vc_empty_space height=\u00bb20&#8243;][\/vc_column][\/vc_row][vc_row][vc_column width=\u00bb1\/3&#8243;][vc_column_text]<\/p>\n<h2>Recomendaciones<\/h2>\n<ul>\n<li>Poner un cord\u00f3n de sujeci\u00f3n a las gafas<\/li>\n<li>Navegar en medio del r\u00edo<\/li>\n<li>Evitar los troncos de \u00e1rboles.<\/li>\n<li>Evitar las zonas de ba\u00f1o.<\/li>\n<li>Cerrar correctamente los bidones estancos.<\/li>\n<li>Prever agua.<\/li>\n<li>Respetar el r\u00edo y el medio ambiente<\/li>\n<li>Respetar los pescadores y los ba\u00f1istas.<\/li>\n<\/ul>\n<p>[\/vc_column_text][vc_empty_space height=\u00bb15px\u00bb][\/vc_column][vc_column width=\u00bb1\/3&#8243;]<div class=\"qodef-shortcode qodef-m qodef-image-gallery qodef-hover--border qodef-grid qodef-swiper-container qodef-col-num--1 qodef-responsive--predefined qodef-swiper--show-pagination\"  data-options=\"{&quot;spaceBetween&quot;:30,&quot;slidesPerView&quot;:&quot;1&quot;,&quot;loop&quot;:true,&quot;autoplay&quot;:true,&quot;autoHeight&quot;:true,&quot;speed&quot;:&quot;&quot;,&quot;speedAnimation&quot;:&quot;&quot;,&quot;slideAnimation&quot;:&quot;&quot;,&quot;direction&quot;:&quot;&quot;,&quot;reverseDirection&quot;:false,&quot;centeredSlides&quot;:&quot;&quot;,&quot;sliderScroll&quot;:&quot;&quot;,&quot;loopedSlides&quot;:&quot;&quot;,&quot;outsideNavigation&quot;:&quot;yes&quot;,&quot;unique&quot;:849}\">\n\t<div class=\"swiper-wrapper\">\n\t\t<div class=\"qodef-e qodef-image-wrapper swiper-slide \">\n\t\t\t<span class=\"qodef-e-image\">\n\t\t<img loading=\"lazy\" decoding=\"async\" width=\"800\" height=\"800\" src=\"https:\/\/www.canoevacances.com\/wp-content\/uploads\/2022\/06\/base1.jpg\" class=\"attachment-full size-full\" alt=\"Obligations et recommandations pour louer un cano\u00eb sur la Dordogne \u00e0 la Roque-Gageac avec Cano\u00eb Vacances Vall\u00e9e Dordogne\" srcset=\"https:\/\/www.canoevacances.com\/wp-content\/uploads\/2022\/06\/base1.jpg 800w, https:\/\/www.canoevacances.com\/wp-content\/uploads\/2022\/06\/base1-300x300.jpg 300w, https:\/\/www.canoevacances.com\/wp-content\/uploads\/2022\/06\/base1-150x150.jpg 150w, https:\/\/www.canoevacances.com\/wp-content\/uploads\/2022\/06\/base1-768x768.jpg 768w\" sizes=\"auto, (max-width: 800px) 100vw, 800px\" \/>\t\t<\/span>\n\t\t<\/div>\n<div class=\"qodef-e qodef-image-wrapper swiper-slide \">\n\t\t\t<span class=\"qodef-e-image\">\n\t\t<img loading=\"lazy\" decoding=\"async\" width=\"800\" height=\"800\" src=\"https:\/\/www.canoevacances.com\/wp-content\/uploads\/2022\/06\/base6.jpg\" class=\"attachment-full size-full\" alt=\"Cano\u00eb Vacances location cano\u00ebs La Roque Gageac Dordogne\" srcset=\"https:\/\/www.canoevacances.com\/wp-content\/uploads\/2022\/06\/base6.jpg 800w, https:\/\/www.canoevacances.com\/wp-content\/uploads\/2022\/06\/base6-300x300.jpg 300w, https:\/\/www.canoevacances.com\/wp-content\/uploads\/2022\/06\/base6-150x150.jpg 150w, https:\/\/www.canoevacances.com\/wp-content\/uploads\/2022\/06\/base6-768x768.jpg 768w\" sizes=\"auto, (max-width: 800px) 100vw, 800px\" \/>\t\t<\/span>\n\t\t<\/div>\n<div class=\"qodef-e qodef-image-wrapper swiper-slide \">\n\t\t\t<span class=\"qodef-e-image\">\n\t\t<img loading=\"lazy\" decoding=\"async\" width=\"800\" height=\"800\" src=\"https:\/\/www.canoevacances.com\/wp-content\/uploads\/2022\/06\/base5.jpg\" class=\"attachment-full size-full\" alt=\"Cano\u00eb Vacances location cano\u00ebs La Roque Gageac Dordogne\" srcset=\"https:\/\/www.canoevacances.com\/wp-content\/uploads\/2022\/06\/base5.jpg 800w, https:\/\/www.canoevacances.com\/wp-content\/uploads\/2022\/06\/base5-300x300.jpg 300w, https:\/\/www.canoevacances.com\/wp-content\/uploads\/2022\/06\/base5-150x150.jpg 150w, https:\/\/www.canoevacances.com\/wp-content\/uploads\/2022\/06\/base5-768x768.jpg 768w\" sizes=\"auto, (max-width: 800px) 100vw, 800px\" \/>\t\t<\/span>\n\t\t<\/div>\n<div class=\"qodef-e qodef-image-wrapper swiper-slide \">\n\t\t\t<span class=\"qodef-e-image\">\n\t\t<img loading=\"lazy\" decoding=\"async\" width=\"800\" height=\"800\" src=\"https:\/\/www.canoevacances.com\/wp-content\/uploads\/2022\/06\/base4.jpg\" class=\"attachment-full size-full\" alt=\"Cano\u00eb Vacances location cano\u00ebs La Roque Gageac Dordogne\" srcset=\"https:\/\/www.canoevacances.com\/wp-content\/uploads\/2022\/06\/base4.jpg 800w, https:\/\/www.canoevacances.com\/wp-content\/uploads\/2022\/06\/base4-300x300.jpg 300w, https:\/\/www.canoevacances.com\/wp-content\/uploads\/2022\/06\/base4-150x150.jpg 150w, https:\/\/www.canoevacances.com\/wp-content\/uploads\/2022\/06\/base4-768x768.jpg 768w\" sizes=\"auto, (max-width: 800px) 100vw, 800px\" \/>\t\t<\/span>\n\t\t<\/div>\n<div class=\"qodef-e qodef-image-wrapper swiper-slide \">\n\t\t\t<span class=\"qodef-e-image\">\n\t\t<img loading=\"lazy\" decoding=\"async\" width=\"800\" height=\"800\" src=\"https:\/\/www.canoevacances.com\/wp-content\/uploads\/2022\/06\/base3.jpg\" class=\"attachment-full size-full\" alt=\"Cano\u00eb Vacances location cano\u00ebs La Roque Gageac Dordogne\" srcset=\"https:\/\/www.canoevacances.com\/wp-content\/uploads\/2022\/06\/base3.jpg 800w, https:\/\/www.canoevacances.com\/wp-content\/uploads\/2022\/06\/base3-300x300.jpg 300w, https:\/\/www.canoevacances.com\/wp-content\/uploads\/2022\/06\/base3-150x150.jpg 150w, https:\/\/www.canoevacances.com\/wp-content\/uploads\/2022\/06\/base3-768x768.jpg 768w\" sizes=\"auto, (max-width: 800px) 100vw, 800px\" \/>\t\t<\/span>\n\t\t<\/div>\n<div class=\"qodef-e qodef-image-wrapper swiper-slide \">\n\t\t\t<span class=\"qodef-e-image\">\n\t\t<img loading=\"lazy\" decoding=\"async\" width=\"800\" height=\"800\" src=\"https:\/\/www.canoevacances.com\/wp-content\/uploads\/2022\/06\/base2.jpg\" class=\"attachment-full size-full\" alt=\"Cano\u00eb Vacances location cano\u00ebs La Roque Gageac Dordogne\" srcset=\"https:\/\/www.canoevacances.com\/wp-content\/uploads\/2022\/06\/base2.jpg 800w, https:\/\/www.canoevacances.com\/wp-content\/uploads\/2022\/06\/base2-300x300.jpg 300w, https:\/\/www.canoevacances.com\/wp-content\/uploads\/2022\/06\/base2-150x150.jpg 150w, https:\/\/www.canoevacances.com\/wp-content\/uploads\/2022\/06\/base2-768x768.jpg 768w\" sizes=\"auto, (max-width: 800px) 100vw, 800px\" \/>\t\t<\/span>\n\t\t<\/div>\n\t<\/div>\n\t\t<div class=\"swiper-button-prev swiper-button-outside swiper-button-prev-849\"><svg class=\"qodef-svg--single-post-pagination-arrow-left\" xmlns=\"http:\/\/www.w3.org\/2000\/svg\" width=\"80\" height=\"1\" viewBox=\"0 0 80 1\"><path d=\"M0 0h80v1H0z\"\/><\/svg><span class=\"qodef-e-text\">Prev<\/span><\/div>\n\t<div class=\"swiper-button-next swiper-button-outside swiper-button-next-849\"><svg class=\"qodef-svg--single-post-pagination-arrow-left\" xmlns=\"http:\/\/www.w3.org\/2000\/svg\" width=\"80\" height=\"1\" viewBox=\"0 0 80 1\"><path d=\"M0 0h80v1H0z\"\/><\/svg><span class=\"qodef-e-text\">Next<\/span><\/div>\n\t\t<div class=\"swiper-pagination\"><\/div>\n<\/div>\n[vc_empty_space height=\u00bb15px\u00bb][\/vc_column][vc_column width=\u00bb1\/3&#8243;][vc_column_text]<\/p>\n<h2>Obligaciones<\/h2>\n<ul>\n<li>Saber nadar 25m y sumegirse<\/li>\n<li>Llevar el chaleco salvavida (ayuda a la flotabilidad)<\/li>\n<li>Llevar zapatos cerrados (sin cordones)<\/li>\n<li>Tener 5 a\u00f1os<\/li>\n<\/ul>\n<p>[\/vc_column_text][vc_empty_space height=\u00bb15px\u00bb][\/vc_column][\/vc_row]<\/p>\n<\/div>","protected":false},"excerpt":{"rendered":"<p>phayrostudios tendeserramenti levelvet agencetilt moncredit buben-homes [vc_column][\/vc_column][vc_row full_width=\u00bbstretch_row\u00bb content_placement=\u00bbmiddle\u00bb enable_overlay=\u00bb\u00bb css=\u00bb.vc_custom_1655100295535{background-image: url(https:\/\/www.canoevacances.com\/wp-content\/uploads\/2022\/06\/trav03-1.jpg?id=6378) !important;background-position: center !important;background-repeat: no-repeat !important;background-size: cover !important;}\u00bb][vc_column][vc_empty_space height=\u00bb45&#8243;][vc_empty_space height=\u00bb45&#8243;][vc_empty_space height=\u00bb45&#8243;][vc_empty_space height=\u00bb45&#8243;][vc_empty_space height=\u00bb110&#8243;][vc_empty_space height=\u00bb45&#8243;][vc_empty_space height=\u00bb60&#8243;][\/vc_column][\/vc_row][vc_row css=\u00bb.vc_custom_1555080557522{margin-top: -3% !important;}\u00bb][vc_column][vc_empty_space height=\u00bb20&#8243;][vc_column_text] +00 33 (0)5 53 28 17 07 [\/vc_column_text][vc_raw_js]JTNDc2NyaXB0JTIwc3JjJTNEJTIyaHR0cHMlM0ElMkYlMkZjYXJ0Lmd1aWRhcC5uZXQlMkZ2MSUyRiUyMiUyMGFzeW5jJTIwZGVmZXIlMjBkYXRhLXRva2VuJTNEJTIyOUxGZENoN21QSXJRZzRaWGZ6YmNPNUh1aTgwMWxZcXZ0M01uJTIyJTIwZGF0YS1sYW5nJTNEJTIyZXMlMjIlMjBkYXRhLWN1cnJlbmN5JTNEJTIyRVVSJTIyJTNFJTNDJTJGc2NyaXB0JTNF[\/vc_raw_js][vc_empty_space height=\u00bb20&#8243;][\/vc_column][\/vc_row][vc_row][vc_column width=\u00bb1\/3&#8243;][vc_column_text] Recomendaciones Poner un cord\u00f3n de sujeci\u00f3n a las gafas Navegar en medio del r\u00edo Evitar [&hellip;]<\/p>\n","protected":false},"author":1,"featured_media":6765,"parent":0,"menu_order":0,"comment_status":"closed","ping_status":"closed","template":"","meta":{"footnotes":""},"class_list":["post-6761","page","type-page","status-publish","has-post-thumbnail","hentry"],"yoast_head":"<!-- This site is optimized with the Yoast SEO plugin v27.4 - https:\/\/yoast.com\/product\/yoast-seo-wordpress\/ -->\n<title>Obligaciones seguridad recomendaci\u00f3n Cano\u00eb Vacances<\/title>\n<meta name=\"description\" content=\"Obligaciones y recomendaciones para alquilar una canoa en el Dordogne en el Roque-Gageac con Cano\u00eb Vacances Vall\u00e9e Dordogne\" \/>\n<meta name=\"robots\" content=\"index, follow, max-snippet:-1, max-image-preview:large, max-video-preview:-1\" \/>\n<link rel=\"canonical\" href=\"https:\/\/www.canoevacances.com\/es\/obligaciones-y-recomendaciones\/\" \/>\n<meta property=\"og:locale\" content=\"es_ES\" \/>\n<meta property=\"og:type\" content=\"article\" \/>\n<meta property=\"og:title\" content=\"Obligaciones seguridad recomendaci\u00f3n Cano\u00eb Vacances\" \/>\n<meta property=\"og:description\" content=\"Obligaciones y recomendaciones para alquilar una canoa en el Dordogne en el Roque-Gageac con Cano\u00eb Vacances Vall\u00e9e Dordogne\" \/>\n<meta property=\"og:url\" content=\"https:\/\/www.canoevacances.com\/es\/obligaciones-y-recomendaciones\/\" \/>\n<meta property=\"og:site_name\" content=\"Cano\u00eb Vacances - Location de cano\u00ebs et kayaks sur Dordogne \u00e0 Sarlat, La Roque Gageac, Beynac.\" \/>\n<meta property=\"article:modified_time\" content=\"2026-03-26T08:36:02+00:00\" \/>\n<meta property=\"og:image\" content=\"https:\/\/www.canoevacances.com\/wp-content\/uploads\/2022\/06\/base1.jpg\" \/>\n\t<meta property=\"og:image:width\" content=\"800\" \/>\n\t<meta property=\"og:image:height\" content=\"800\" \/>\n\t<meta property=\"og:image:type\" content=\"image\/jpeg\" \/>\n<meta name=\"twitter:card\" content=\"summary_large_image\" \/>\n<meta name=\"twitter:label1\" content=\"Tiempo de lectura\" \/>\n\t<meta name=\"twitter:data1\" content=\"4 minutos\" \/>\n<script type=\"application\/ld+json\" class=\"yoast-schema-graph\">{\"@context\":\"https:\\\/\\\/schema.org\",\"@graph\":[{\"@type\":\"WebPage\",\"@id\":\"https:\\\/\\\/www.canoevacances.com\\\/es\\\/obligaciones-y-recomendaciones\\\/\",\"url\":\"https:\\\/\\\/www.canoevacances.com\\\/es\\\/obligaciones-y-recomendaciones\\\/\",\"name\":\"Obligaciones seguridad recomendaci\u00f3n Cano\u00eb Vacances\",\"isPartOf\":{\"@id\":\"https:\\\/\\\/www.canoevacances.com\\\/#website\"},\"primaryImageOfPage\":{\"@id\":\"https:\\\/\\\/www.canoevacances.com\\\/es\\\/obligaciones-y-recomendaciones\\\/#primaryimage\"},\"image\":{\"@id\":\"https:\\\/\\\/www.canoevacances.com\\\/es\\\/obligaciones-y-recomendaciones\\\/#primaryimage\"},\"thumbnailUrl\":\"https:\\\/\\\/www.canoevacances.com\\\/wp-content\\\/uploads\\\/2022\\\/06\\\/base1.jpg\",\"datePublished\":\"2019-04-16T20:27:11+00:00\",\"dateModified\":\"2026-03-26T08:36:02+00:00\",\"description\":\"Obligaciones y recomendaciones para alquilar una canoa en el Dordogne en el Roque-Gageac con Cano\u00eb Vacances Vall\u00e9e Dordogne\",\"breadcrumb\":{\"@id\":\"https:\\\/\\\/www.canoevacances.com\\\/es\\\/obligaciones-y-recomendaciones\\\/#breadcrumb\"},\"inLanguage\":\"es\",\"potentialAction\":[{\"@type\":\"ReadAction\",\"target\":[\"https:\\\/\\\/www.canoevacances.com\\\/es\\\/obligaciones-y-recomendaciones\\\/\"]}]},{\"@type\":\"ImageObject\",\"inLanguage\":\"es\",\"@id\":\"https:\\\/\\\/www.canoevacances.com\\\/es\\\/obligaciones-y-recomendaciones\\\/#primaryimage\",\"url\":\"https:\\\/\\\/www.canoevacances.com\\\/wp-content\\\/uploads\\\/2022\\\/06\\\/base1.jpg\",\"contentUrl\":\"https:\\\/\\\/www.canoevacances.com\\\/wp-content\\\/uploads\\\/2022\\\/06\\\/base1.jpg\",\"width\":800,\"height\":800,\"caption\":\"Cano\u00eb Vacance location cano\u00ebs La Roque Gageac Dordogne\"},{\"@type\":\"BreadcrumbList\",\"@id\":\"https:\\\/\\\/www.canoevacances.com\\\/es\\\/obligaciones-y-recomendaciones\\\/#breadcrumb\",\"itemListElement\":[{\"@type\":\"ListItem\",\"position\":1,\"name\":\"Accueil\",\"item\":\"https:\\\/\\\/www.canoevacances.com\\\/es\\\/\"},{\"@type\":\"ListItem\",\"position\":2,\"name\":\"Obligaciones y recomendaciones\"}]},{\"@type\":\"WebSite\",\"@id\":\"https:\\\/\\\/www.canoevacances.com\\\/#website\",\"url\":\"https:\\\/\\\/www.canoevacances.com\\\/\",\"name\":\"Cano\u00eb Vacances - Location de cano\u00ebs et kayaks sur Dordogne \u00e0 Sarlat, La Roque Gageac, Beynac.\",\"description\":\"Location cano\u00eb \u00e0 Sarlat pour une ballade ou une randonn\u00e9e sur la Dordogne en cano\u00eb ou en kayak. A faire absolument pour d\u00e9couvrir les ch\u00e2teaux du P\u00e9rigord Noir au fil de l&#039;eau.\",\"publisher\":{\"@id\":\"https:\\\/\\\/www.canoevacances.com\\\/#organization\"},\"potentialAction\":[{\"@type\":\"SearchAction\",\"target\":{\"@type\":\"EntryPoint\",\"urlTemplate\":\"https:\\\/\\\/www.canoevacances.com\\\/?s={search_term_string}\"},\"query-input\":{\"@type\":\"PropertyValueSpecification\",\"valueRequired\":true,\"valueName\":\"search_term_string\"}}],\"inLanguage\":\"es\"},{\"@type\":\"Organization\",\"@id\":\"https:\\\/\\\/www.canoevacances.com\\\/#organization\",\"name\":\"Canoe Vacances\",\"url\":\"https:\\\/\\\/www.canoevacances.com\\\/\",\"logo\":{\"@type\":\"ImageObject\",\"inLanguage\":\"es\",\"@id\":\"https:\\\/\\\/www.canoevacances.com\\\/#\\\/schema\\\/logo\\\/image\\\/\",\"url\":\"https:\\\/\\\/www.canoevacances.com\\\/wp-content\\\/uploads\\\/2019\\\/04\\\/canoe-vacances.png\",\"contentUrl\":\"https:\\\/\\\/www.canoevacances.com\\\/wp-content\\\/uploads\\\/2019\\\/04\\\/canoe-vacances.png\",\"width\":200,\"height\":260,\"caption\":\"Canoe Vacances\"},\"image\":{\"@id\":\"https:\\\/\\\/www.canoevacances.com\\\/#\\\/schema\\\/logo\\\/image\\\/\"}}]}<\/script>\n<!-- \/ Yoast SEO plugin. -->","yoast_head_json":{"title":"Obligaciones seguridad recomendaci\u00f3n Cano\u00eb Vacances","description":"Obligaciones y recomendaciones para alquilar una canoa en el Dordogne en el Roque-Gageac con Cano\u00eb Vacances Vall\u00e9e Dordogne","robots":{"index":"index","follow":"follow","max-snippet":"max-snippet:-1","max-image-preview":"max-image-preview:large","max-video-preview":"max-video-preview:-1"},"canonical":"https:\/\/www.canoevacances.com\/es\/obligaciones-y-recomendaciones\/","og_locale":"es_ES","og_type":"article","og_title":"Obligaciones seguridad recomendaci\u00f3n Cano\u00eb Vacances","og_description":"Obligaciones y recomendaciones para alquilar una canoa en el Dordogne en el Roque-Gageac con Cano\u00eb Vacances Vall\u00e9e Dordogne","og_url":"https:\/\/www.canoevacances.com\/es\/obligaciones-y-recomendaciones\/","og_site_name":"Cano\u00eb Vacances - Location de cano\u00ebs et kayaks sur Dordogne \u00e0 Sarlat, La Roque Gageac, Beynac.","article_modified_time":"2026-03-26T08:36:02+00:00","og_image":[{"width":800,"height":800,"url":"https:\/\/www.canoevacances.com\/wp-content\/uploads\/2022\/06\/base1.jpg","type":"image\/jpeg"}],"twitter_card":"summary_large_image","twitter_misc":{"Tiempo de lectura":"4 minutos"},"schema":{"@context":"https:\/\/schema.org","@graph":[{"@type":"WebPage","@id":"https:\/\/www.canoevacances.com\/es\/obligaciones-y-recomendaciones\/","url":"https:\/\/www.canoevacances.com\/es\/obligaciones-y-recomendaciones\/","name":"Obligaciones seguridad recomendaci\u00f3n Cano\u00eb Vacances","isPartOf":{"@id":"https:\/\/www.canoevacances.com\/#website"},"primaryImageOfPage":{"@id":"https:\/\/www.canoevacances.com\/es\/obligaciones-y-recomendaciones\/#primaryimage"},"image":{"@id":"https:\/\/www.canoevacances.com\/es\/obligaciones-y-recomendaciones\/#primaryimage"},"thumbnailUrl":"https:\/\/www.canoevacances.com\/wp-content\/uploads\/2022\/06\/base1.jpg","datePublished":"2019-04-16T20:27:11+00:00","dateModified":"2026-03-26T08:36:02+00:00","description":"Obligaciones y recomendaciones para alquilar una canoa en el Dordogne en el Roque-Gageac con Cano\u00eb Vacances Vall\u00e9e Dordogne","breadcrumb":{"@id":"https:\/\/www.canoevacances.com\/es\/obligaciones-y-recomendaciones\/#breadcrumb"},"inLanguage":"es","potentialAction":[{"@type":"ReadAction","target":["https:\/\/www.canoevacances.com\/es\/obligaciones-y-recomendaciones\/"]}]},{"@type":"ImageObject","inLanguage":"es","@id":"https:\/\/www.canoevacances.com\/es\/obligaciones-y-recomendaciones\/#primaryimage","url":"https:\/\/www.canoevacances.com\/wp-content\/uploads\/2022\/06\/base1.jpg","contentUrl":"https:\/\/www.canoevacances.com\/wp-content\/uploads\/2022\/06\/base1.jpg","width":800,"height":800,"caption":"Cano\u00eb Vacance location cano\u00ebs La Roque Gageac Dordogne"},{"@type":"BreadcrumbList","@id":"https:\/\/www.canoevacances.com\/es\/obligaciones-y-recomendaciones\/#breadcrumb","itemListElement":[{"@type":"ListItem","position":1,"name":"Accueil","item":"https:\/\/www.canoevacances.com\/es\/"},{"@type":"ListItem","position":2,"name":"Obligaciones y recomendaciones"}]},{"@type":"WebSite","@id":"https:\/\/www.canoevacances.com\/#website","url":"https:\/\/www.canoevacances.com\/","name":"Cano\u00eb Vacances - Location de cano\u00ebs et kayaks sur Dordogne \u00e0 Sarlat, La Roque Gageac, Beynac.","description":"Location cano\u00eb \u00e0 Sarlat pour une ballade ou une randonn\u00e9e sur la Dordogne en cano\u00eb ou en kayak. A faire absolument pour d\u00e9couvrir les ch\u00e2teaux du P\u00e9rigord Noir au fil de l&#039;eau.","publisher":{"@id":"https:\/\/www.canoevacances.com\/#organization"},"potentialAction":[{"@type":"SearchAction","target":{"@type":"EntryPoint","urlTemplate":"https:\/\/www.canoevacances.com\/?s={search_term_string}"},"query-input":{"@type":"PropertyValueSpecification","valueRequired":true,"valueName":"search_term_string"}}],"inLanguage":"es"},{"@type":"Organization","@id":"https:\/\/www.canoevacances.com\/#organization","name":"Canoe Vacances","url":"https:\/\/www.canoevacances.com\/","logo":{"@type":"ImageObject","inLanguage":"es","@id":"https:\/\/www.canoevacances.com\/#\/schema\/logo\/image\/","url":"https:\/\/www.canoevacances.com\/wp-content\/uploads\/2019\/04\/canoe-vacances.png","contentUrl":"https:\/\/www.canoevacances.com\/wp-content\/uploads\/2019\/04\/canoe-vacances.png","width":200,"height":260,"caption":"Canoe Vacances"},"image":{"@id":"https:\/\/www.canoevacances.com\/#\/schema\/logo\/image\/"}}]}},"_links":{"self":[{"href":"https:\/\/www.canoevacances.com\/es\/wp-json\/wp\/v2\/pages\/6761","targetHints":{"allow":["GET"]}}],"collection":[{"href":"https:\/\/www.canoevacances.com\/es\/wp-json\/wp\/v2\/pages"}],"about":[{"href":"https:\/\/www.canoevacances.com\/es\/wp-json\/wp\/v2\/types\/page"}],"author":[{"embeddable":true,"href":"https:\/\/www.canoevacances.com\/es\/wp-json\/wp\/v2\/users\/1"}],"replies":[{"embeddable":true,"href":"https:\/\/www.canoevacances.com\/es\/wp-json\/wp\/v2\/comments?post=6761"}],"version-history":[{"count":7,"href":"https:\/\/www.canoevacances.com\/es\/wp-json\/wp\/v2\/pages\/6761\/revisions"}],"predecessor-version":[{"id":7659,"href":"https:\/\/www.canoevacances.com\/es\/wp-json\/wp\/v2\/pages\/6761\/revisions\/7659"}],"wp:featuredmedia":[{"embeddable":true,"href":"https:\/\/www.canoevacances.com\/es\/wp-json\/wp\/v2\/media\/6765"}],"wp:attachment":[{"href":"https:\/\/www.canoevacances.com\/es\/wp-json\/wp\/v2\/media?parent=6761"}],"curies":[{"name":"wp","href":"https:\/\/api.w.org\/{rel}","templated":true}]}}