{"id":6711,"date":"2019-04-12T18:53:18","date_gmt":"2019-04-12T16:53:18","guid":{"rendered":"https:\/\/www.canoevacances.com\/tarifs\/"},"modified":"2026-03-26T15:39:41","modified_gmt":"2026-03-26T14:39:41","slug":"tarifas","status":"publish","type":"page","link":"https:\/\/www.canoevacances.com\/es\/tarifas\/","title":{"rendered":"Tarifas"},"content":{"rendered":"<p>[vc_column][\/vc_column][vc_row full_width=\u00bbstretch_row\u00bb content_placement=\u00bbmiddle\u00bb curly_padding=\u00bbcontent-padding-none\u00bb enable_overlay=\u00bb\u00bb css=\u00bb.vc_custom_1710180349933{background-position: center !important;background-repeat: no-repeat !important;background-size: cover !important;}\u00bb][vc_column]\n\t\t\t<!-- START tarifas1 REVOLUTION SLIDER 6.6.16 --><p class=\"rs-p-wp-fix\"><\/p>\n\t\t\t<rs-module-wrap id=\"rev_slider_23_1_wrapper\" data-source=\"gallery\" style=\"visibility:hidden;background:#303030;padding:0;margin:0px auto;margin-top:0;margin-bottom:0;\">\n\t\t\t\t<rs-module id=\"rev_slider_23_1\" style=\"\" data-version=\"6.6.16\">\n\t\t\t\t\t<rs-slides style=\"overflow: hidden; position: absolute;\">\n\t\t\t\t\t\t<rs-slide style=\"position: absolute;\" data-key=\"rs-45\" data-title=\"Slide\" data-anim=\"adpr:false;ms:810;\" data-in=\"o:0;\" data-out=\"a:false;\">\n\t\t\t\t\t\t\t<img decoding=\"async\" src=\"\/\/www.canoevacances.com\/wp-content\/plugins\/revslider\/public\/assets\/assets\/dummy.png\" alt=\"Cano\u00eb Vacances location cano\u00ebs La Roque Gageac Dordogne\" title=\"Cano\u00eb Vacances location cano\u00ebs La Roque-Gageac\" width=\"1800\" height=\"765\" class=\"rev-slidebg tp-rs-img rs-lazyload\" data-lazyload=\"\/\/www.canoevacances.com\/wp-content\/uploads\/2022\/06\/carsac-laroque.jpg\" data-parallax=\"7\" data-panzoom=\"d:9000;ss:100;se:105%;\" data-no-retina>\n<!--\n\t\t\t\t\t\t\t--><rs-layer\n\t\t\t\t\t\t\t\tid=\"slider-23-slide-45-layer-5\" \n\t\t\t\t\t\t\t\tdata-type=\"text\"\n\t\t\t\t\t\t\t\tdata-color=\"#fff\"\n\t\t\t\t\t\t\t\tdata-tsh=\"c:#000000;h:2px;v:2px;b:8px;\"\n\t\t\t\t\t\t\t\tdata-xy=\"x:c;y:c;\"\n\t\t\t\t\t\t\t\tdata-text=\"s:40;l:70;ls:-1;a:inherit;\"\n\t\t\t\t\t\t\t\tdata-dim=\"minh:0px;\"\n\t\t\t\t\t\t\t\tdata-vbility=\"t,t,t,f\"\n\t\t\t\t\t\t\t\tdata-rsp_o=\"off\"\n\t\t\t\t\t\t\t\tdata-rsp_bd=\"off\"\n\t\t\t\t\t\t\t\tdata-frame_1=\"st:730;sp:680;sR:730;\"\n\t\t\t\t\t\t\t\tdata-frame_999=\"st:w;sp:480;sR:7590;\"\n\t\t\t\t\t\t\t\tstyle=\"z-index:5;font-family:'Coiny';text-transform:uppercase;\"\n\t\t\t\t\t\t\t>Tarifas \n\t\t\t\t\t\t\t<\/rs-layer><!--\n\n\t\t\t\t\t\t\t--><rs-layer\n\t\t\t\t\t\t\t\tid=\"slider-23-slide-45-layer-18\" \n\t\t\t\t\t\t\t\tdata-type=\"image\"\n\t\t\t\t\t\t\t\tdata-rsp_ch=\"on\"\n\t\t\t\t\t\t\t\tdata-xy=\"x:-353px;y:681px;\"\n\t\t\t\t\t\t\t\tdata-text=\"l:22;a:inherit;\"\n\t\t\t\t\t\t\t\tdata-dim=\"w:1920px;h:131px;\"\n\t\t\t\t\t\t\t\tdata-frame_0=\"o:1;\"\n\t\t\t\t\t\t\t\tdata-frame_1=\"st:1140;sR:1140;\"\n\t\t\t\t\t\t\t\tdata-frame_999=\"st:w;sp:350;sR:7560;\"\n\t\t\t\t\t\t\t\tstyle=\"z-index:9;\"\n\t\t\t\t\t\t\t><img decoding=\"async\" src=\"\/\/www.canoevacances.com\/wp-content\/plugins\/revslider\/public\/assets\/assets\/dummy.png\" alt=\"Cano\u00ebs Vacances La Roque Gageac Louer un cano\u00eb ou un kayak pour d\u00e9couvrir la rivi\u00e8re Dordogne et ses ch\u00e2teaux\" class=\"tp-rs-img rs-lazyload\" width=\"1024\" height=\"70\" data-lazyload=\"\/\/www.canoevacances.com\/wp-content\/uploads\/2019\/04\/home_biker_slider_pic1-1024x70.png\" data-no-retina> \n\t\t\t\t\t\t\t<\/rs-layer><!--\n-->\t\t\t\t\t\t<\/rs-slide>\n\t\t\t\t\t<\/rs-slides>\n\t\t\t\t<\/rs-module>\n\t\t\t\t<script>\n\t\t\t\t\tsetREVStartSize({c: 'rev_slider_23_1',rl:[1240,1024,778,480],el:[480],gw:[1200],gh:[480],type:'standard',justify:'',layout:'fullwidth',mh:\"800\"});if (window.RS_MODULES!==undefined && window.RS_MODULES.modules!==undefined && window.RS_MODULES.modules[\"revslider231\"]!==undefined) {window.RS_MODULES.modules[\"revslider231\"].once = false;window.revapi23 = undefined;if (window.RS_MODULES.checkMinimal!==undefined) window.RS_MODULES.checkMinimal()}\n\t\t\t\t<\/script>\n\t\t\t<\/rs-module-wrap>\n\t\t\t<!-- END REVOLUTION SLIDER -->\n[\/vc_column][\/vc_row][vc_row curly_padding=\u00bbcontent-padding-none\u00bb][vc_column][vc_empty_space height=\u00bb15px\u00bb][vc_column_text size=\u00bb0&#8243;]<\/p>\n<div>\n<h1 style=\"text-align: left;\"><img loading=\"lazy\" decoding=\"async\" class=\"size-full wp-image-5536 alignright\" src=\"https:\/\/www.canoevacances.com\/wp-content\/uploads\/2019\/04\/PARCOUR1.png\" alt=\"Cano\u00ebs Vacances La Roque Gageac Louer un cano\u00eb ou un kayak pour d\u00e9couvrir la rivi\u00e8re Dordogne et ses ch\u00e2teaux\" width=\"150\" height=\"61\" \/>Tarifas de recorrido <strong>de Carsac a la Roque-Gageac<\/strong><\/h1>\n<\/div>\n<p>[\/vc_column_text][vc_raw_js]JTNDc2NyaXB0JTIwc3JjJTNEJTIyaHR0cHMlM0ElMkYlMkZjYXJ0Lmd1aWRhcC5uZXQlMkZ2MSUyRiUyMiUyMGFzeW5jJTIwZGVmZXIlMjBkYXRhLXRva2VuJTNEJTIyOUxGZENoN21QSXJRZzRaWGZ6YmNPNUh1aTgwMWxZcXZ0M01uJTIyJTIwZGF0YS1sYW5nJTNEJTIyZXMlMjIlMjBkYXRhLWN1cnJlbmN5JTNEJTIyRVVSJTIyJTNFJTNDJTJGc2NyaXB0JTNF[\/vc_raw_js][\/vc_column][\/vc_row][vc_row curly_padding=\u00bbcontent-padding-none\u00bb][vc_column][vc_empty_space height=\u00bb15px\u00bb][\/vc_column][vc_column width=\u00bb1\/4&#8243; css=\u00bb.vc_custom_1556007933481{border-top-width: 1px !important;border-right-width: 1px !important;border-bottom-width: 1px !important;border-left-width: 1px !important;background-color: #fcfcfc !important;border-left-color: #a0a0a0 !important;border-left-style: dashed !important;border-right-color: #a0a0a0 !important;border-right-style: dashed !important;border-top-color: #a0a0a0 !important;border-top-style: dashed !important;border-bottom-color: #a0a0a0 !important;border-bottom-style: dashed !important;}\u00bb][vc_raw_html]JTNDZ3VpZGFwLWJvb2tpbmctd2lkZ2V0JTIwYWN0aXZpdHktdXVpZCUzRCUyMnRNekxTYXY5SkV1M2xkMnNDamJyQThUS2hmWjBCVlhwbnhGTyUyMiUzRSUzQyUyRmd1aWRhcC1ib29raW5nLXdpZGdldCUzRSUyMA==[\/vc_raw_html][vc_column_text size=\u00bb0&#8243;]<\/p>\n<p style=\"text-align: center;\">Oferta : <span style=\"color: #ff6600;\"><strong>un 50%<\/strong><\/span> de descuento para los ni\u00f1os menores de 12 a\u00f1os que ocupan el tercer asiento de la canoa.<\/p>\n<h5 class=\" additional-class-1613442642 bd-content-element\" style=\"text-align: center;\"><span style=\"color: #ff6600;\">Tarifas especiales para los grupos y los comit\u00e9s de empresa<\/span><\/h5>\n<p>[\/vc_column_text][vc_column_text size=\u00bb0&#8243;]<\/p>\n<h2 style=\"text-align: center;\"><a href=\"tel:0553281707\"><span style=\"color: #ff6600;\"><i class=\"fa fa-phone-square\" aria-hidden=\"true\"><\/i><span style=\"color: #ff6600;\"> +00 33 (0)5 53 28 17 07<\/span><\/span><\/a><\/h2>\n<p>[\/vc_column_text][vc_empty_space height=\u00bb15px\u00bb][\/vc_column][vc_column width=\u00bb3\/4&#8243;][vc_row_inner content_placement=\u00bbmiddle\u00bb el_class=\u00bbrag\u00bb][vc_column_inner width=\u00bb2\/3&#8243;][vc_column_text size=\u00bb0&#8243;]<\/p>\n<h3 style=\"text-align: left;\">Carsac &#8211; La Roque-Gageac<\/h3>\n<p>[\/vc_column_text][\/vc_column_inner][vc_column_inner width=\u00bb1\/3&#8243;][vc_column_text size=\u00bb0&#8243;]<\/p>\n<h3 style=\"text-align: right;\"><span style=\"color: #ff6600;\">16km<\/span> <strong><i class=\"fa fa-clock-o\" aria-hidden=\"true\"><\/i> 3h<\/strong><\/h3>\n<p>[\/vc_column_text][\/vc_column_inner][\/vc_row_inner][vc_empty_space height=\u00bb15px\u00bb][vc_separator color=\u00bbblack\u00bb style=\u00bbdotted\u00bb][vc_column_text size=\u00bb0&#8243;]El punto de salida se encuentra en Carsac donde le llevaremos en bus. Pasar\u00e1n por el Castillo de Montfort, los pueblos de Vitrac, C\u00e9nac y disfrutar\u00e1 de una vista sobre la bastida de Domme. Por fin, volver\u00e1n a nuestra base para un gran final con los famosos acantilados de Pendoilles justo enfrente. Un paseo ideal para las personas que buscan tranquilidad y naturaleza.[\/vc_column_text][vc_empty_space height=\u00bb15px\u00bb][vc_row_inner][vc_column_inner width=\u00bb2\/3&#8243;][vc_column_text]<\/p>\n<h5>Canoa para 2, 3 y 4 personas<\/h5>\n<p>[\/vc_column_text][\/vc_column_inner][vc_column_inner width=\u00bb1\/3&#8243;][vc_column_text css=\u00bb.vc_custom_1774432000563{background-color: #f7f1e1 !important;}\u00bb]<\/p>\n<h5 style=\"text-align: center;\">22.00\u20ac\/pers.<\/h5>\n<p>[\/vc_column_text][\/vc_column_inner][\/vc_row_inner][vc_separator color=\u00bbblack\u00bb style=\u00bbdotted\u00bb][vc_row_inner][vc_column_inner width=\u00bb2\/3&#8243;][vc_column_text]<\/p>\n<h5>Kayak 1 persona<\/h5>\n<p>[\/vc_column_text][\/vc_column_inner][vc_column_inner width=\u00bb1\/3&#8243;][vc_column_text css=\u00bb.vc_custom_1774432014635{background-color: #f7f1e1 !important;}\u00bb]<\/p>\n<h5 style=\"text-align: center;\">24.00\u20ac\/pers.<\/h5>\n<p>[\/vc_column_text][\/vc_column_inner][\/vc_row_inner][vc_separator color=\u00bbblack\u00bb style=\u00bbdotted\u00bb][vc_row_inner][vc_column_inner width=\u00bb2\/3&#8243;][vc_column_text]<\/p>\n<h5>Bid\u00f3n estanco<\/h5>\n<p>[\/vc_column_text][\/vc_column_inner][vc_column_inner width=\u00bb1\/3&#8243;][vc_column_text css=\u00bb.vc_custom_1774453420281{background-color: #f7f1e1 !important;}\u00bb]<\/p>\n<h5 style=\"text-align: center;\">GRATIS<\/h5>\n<p>[\/vc_column_text][\/vc_column_inner][\/vc_row_inner][vc_separator color=\u00bbblack\u00bb style=\u00bbdotted\u00bb][vc_empty_space height=\u00bb15px\u00bb][vc_column_text size=\u00bb0&#8243; css=\u00bb.vc_custom_1774453270364{padding-top: 2px !important;padding-bottom: 4px !important;background-color: #000000 !important;}\u00bb]<\/p>\n<h4 style=\"text-align: center;\"><span style=\"color: #ffffff;\"><i class=\"fa fa-bus\" aria-hidden=\"true\"><\/i> Salida de la base en minibus 10h &#8211; 11h15 et 14h<\/span><\/h4>\n<p>[\/vc_column_text][vc_column_text size=\u00bb0&#8243;]<strong>La tarifa incluye :<\/strong> canoa, chaleco salvavida, remo y transporte.[\/vc_column_text][vc_empty_space height=\u00bb15px\u00bb][vc_single_image image=\u00bb6718&#8243; img_size=\u00bbfull\u00bb alignment=\u00bbcenter\u00bb][vc_empty_space height=\u00bb15px\u00bb][\/vc_column][\/vc_row][vc_row full_width=\u00bbstretch_row_content_no_spaces\u00bb][vc_column width=\u00bb1\/4&#8243;][vc_single_image image=\u00bb7740&#8243; img_size=\u00bbfull\u00bb onclick=\u00bblink_image\u00bb][\/vc_column][vc_column width=\u00bb1\/4&#8243;][vc_single_image image=\u00bb7736&#8243; img_size=\u00bbfull\u00bb onclick=\u00bblink_image\u00bb][\/vc_column][vc_column width=\u00bb1\/4&#8243;][vc_single_image image=\u00bb7732&#8243; img_size=\u00bbfull\u00bb onclick=\u00bblink_image\u00bb][\/vc_column][vc_column width=\u00bb1\/4&#8243;][vc_single_image image=\u00bb7704&#8243; img_size=\u00bbfull\u00bb onclick=\u00bblink_image\u00bb][\/vc_column][\/vc_row][vc_row full_width=\u00bbstretch_row\u00bb css=\u00bb.vc_custom_1774428950701{background-color: #efefef !important;}\u00bb][vc_column width=\u00bb1\/3&#8243;][vc_column_text]<\/p>\n<h5 align=\"center\"><img loading=\"lazy\" decoding=\"async\" class=\"alignnone wp-image-5281\" src=\"https:\/\/www.canoevacances.com\/wp-content\/uploads\/2019\/04\/BUS.png\" alt=\"\" width=\"75\" height=\"81\" \/><\/h5>\n<h5 style=\"text-align: center;\">Salida de la base<br \/>\nen minibus<\/h5>\n<p>[\/vc_column_text][vc_empty_space height=\u00bb15px\u00bb][\/vc_column][vc_column width=\u00bb1\/3&#8243;][vc_column_text]<\/p>\n<h5 align=\"center\"><img loading=\"lazy\" decoding=\"async\" class=\"alignnone wp-image-5283\" src=\"https:\/\/www.canoevacances.com\/wp-content\/uploads\/2019\/04\/CANO2.png\" alt=\"\" width=\"75\" height=\"81\" \/><\/h5>\n<h5 style=\"text-align: center;\">Inicio<br \/>\ndel recorrido<\/h5>\n<p>[\/vc_column_text][vc_empty_space height=\u00bb15px\u00bb][\/vc_column][vc_column width=\u00bb1\/3&#8243;][vc_column_text]<\/p>\n<h5 align=\"center\"><img loading=\"lazy\" decoding=\"async\" class=\"alignnone wp-image-5284\" src=\"https:\/\/www.canoevacances.com\/wp-content\/uploads\/2019\/04\/ARRIVEE.png\" alt=\"\" width=\"75\" height=\"81\" \/><\/h5>\n<h5 align=\"center\">Llegada<br \/>\na la base<\/h5>\n<p>[\/vc_column_text][vc_empty_space height=\u00bb15px\u00bb][\/vc_column][\/vc_row][vc_row][vc_column][vc_empty_space height=\u00bb15px\u00bb][vc_column_text size=\u00bb0&#8243;]<\/p>\n<h1 style=\"text-align: center;\"><span style=\"color: #ff6600;\"><strong>Descubre nuestras otras rutas en canoa o en kayak :<\/strong><\/span><\/h1>\n<p>[\/vc_column_text][vc_empty_space height=\u00bb15px\u00bb][vc_row_inner rtl_reverse=\u00bbyes\u00bb][vc_column_inner width=\u00bb1\/3&#8243;][vc_column_text size=\u00bb0&#8243;]<\/p>\n<h5 style=\"text-align: center;\"><a href=\"https:\/\/www.canoevacances.com\/es\/tarifas\/\">Carsac &#8211;&gt; La Roque-Gageac<\/a><br \/>\n<span style=\"color: #999999;\">aproximadamente 3H<\/span><\/h5>\n<p>[\/vc_column_text][vc_empty_space height=\u00bb15px\u00bb][\/vc_column_inner][vc_column_inner width=\u00bb1\/3&#8243;][vc_column_text size=\u00bb0&#8243;]<\/p>\n<h5 style=\"text-align: center;\"><a href=\"https:\/\/www.canoevacances.com\/es\/la-roque-gageac-les-milandes-en-canoe-kayak\/\">La Roque-Gageac &#8211;&gt; Les Milandes<\/a><br \/>\n<span style=\"color: #999999;\">aproximadamente 2h<\/span><\/h5>\n<p>[\/vc_column_text][vc_empty_space height=\u00bb15px\u00bb][\/vc_column_inner][vc_column_inner width=\u00bb1\/3&#8243;][vc_column_text size=\u00bb0&#8243;]<\/p>\n<h5 style=\"text-align: center;\"><a href=\"https:\/\/www.canoevacances.com\/es\/carsac-les-milandes-en-canoa-kayak\/\">Carsac &#8211;&gt; Les Milandes<\/a><br \/>\n<span style=\"color: #999999;\">aproximadamente 5H<\/span><\/h5>\n<p>[\/vc_column_text][vc_empty_space height=\u00bb15px\u00bb][\/vc_column_inner][\/vc_row_inner][\/vc_column][\/vc_row]<\/p>\n","protected":false},"excerpt":{"rendered":"<p>[vc_column][\/vc_column][vc_row full_width=\u00bbstretch_row\u00bb content_placement=\u00bbmiddle\u00bb curly_padding=\u00bbcontent-padding-none\u00bb enable_overlay=\u00bb\u00bb css=\u00bb.vc_custom_1710180349933{background-position: center !important;background-repeat: no-repeat !important;background-size: cover !important;}\u00bb][vc_column][\/vc_column][\/vc_row][vc_row curly_padding=\u00bbcontent-padding-none\u00bb][vc_column][vc_empty_space height=\u00bb15px\u00bb][vc_column_text size=\u00bb0&#8243;] Tarifas de recorrido de Carsac a la Roque-Gageac [\/vc_column_text][vc_raw_js]JTNDc2NyaXB0JTIwc3JjJTNEJTIyaHR0cHMlM0ElMkYlMkZjYXJ0Lmd1aWRhcC5uZXQlMkZ2MSUyRiUyMiUyMGFzeW5jJTIwZGVmZXIlMjBkYXRhLXRva2VuJTNEJTIyOUxGZENoN21QSXJRZzRaWGZ6YmNPNUh1aTgwMWxZcXZ0M01uJTIyJTIwZGF0YS1sYW5nJTNEJTIyZXMlMjIlMjBkYXRhLWN1cnJlbmN5JTNEJTIyRVVSJTIyJTNFJTNDJTJGc2NyaXB0JTNF[\/vc_raw_js][\/vc_column][\/vc_row][vc_row curly_padding=\u00bbcontent-padding-none\u00bb][vc_column][vc_empty_space height=\u00bb15px\u00bb][\/vc_column][vc_column width=\u00bb1\/4&#8243; css=\u00bb.vc_custom_1556007933481{border-top-width: 1px !important;border-right-width: 1px !important;border-bottom-width: 1px !important;border-left-width: 1px !important;background-color: #fcfcfc !important;border-left-color: #a0a0a0 !important;border-left-style: dashed !important;border-right-color: #a0a0a0 !important;border-right-style: dashed !important;border-top-color: #a0a0a0 !important;border-top-style: dashed !important;border-bottom-color: #a0a0a0 !important;border-bottom-style: dashed !important;}\u00bb][vc_raw_html]JTNDZ3VpZGFwLWJvb2tpbmctd2lkZ2V0JTIwYWN0aXZpdHktdXVpZCUzRCUyMnRNekxTYXY5SkV1M2xkMnNDamJyQThUS2hmWjBCVlhwbnhGTyUyMiUzRSUzQyUyRmd1aWRhcC1ib29raW5nLXdpZGdldCUzRSUyMA==[\/vc_raw_html][vc_column_text size=\u00bb0&#8243;] [&hellip;]<\/p>\n","protected":false},"author":1,"featured_media":6713,"parent":0,"menu_order":0,"comment_status":"closed","ping_status":"closed","template":"","meta":{"footnotes":""},"class_list":["post-6711","page","type-page","status-publish","has-post-thumbnail","hentry"],"yoast_head":"<!-- This site is optimized with the Yoast SEO plugin v27.3 - https:\/\/yoast.com\/product\/yoast-seo-wordpress\/ -->\n<title>Canoa Vacaciones Alquiler Canoas kayak r\u00edo Dordogne - Precios curso<\/title>\n<meta name=\"description\" content=\"Tarifas Carsac La Roque-Gageac en canoa o kayak con Canoa Vacaciones. Alquiler base de La Roque Gageac. 3h\/16 km de senderismo en kayak por la Dordogne\" \/>\n<meta name=\"robots\" content=\"index, follow, max-snippet:-1, max-image-preview:large, max-video-preview:-1\" \/>\n<link rel=\"canonical\" href=\"https:\/\/www.canoevacances.com\/es\/tarifas\/\" \/>\n<meta property=\"og:locale\" content=\"es_ES\" \/>\n<meta property=\"og:type\" content=\"article\" \/>\n<meta property=\"og:title\" content=\"Cano\u00eb Vacances Location Cano\u00ebs kayak rivi\u00e8re Dordogne - Tarifs parcours\" \/>\n<meta property=\"og:description\" content=\"Tarif Carsac La Roque-Gageac en cano\u00eb ou kayak avec Cano\u00eb Vacances. Location base de La Roque Gageac. 3h\/16 km de randonn\u00e9e en cano\u00eb kayak sur la Dordogne\" \/>\n<meta property=\"og:url\" content=\"https:\/\/www.canoevacances.com\/es\/tarifas\/\" \/>\n<meta property=\"og:site_name\" content=\"Cano\u00eb Vacances - Location de cano\u00ebs et kayaks sur Dordogne \u00e0 Sarlat, La Roque Gageac, Beynac.\" \/>\n<meta property=\"article:modified_time\" content=\"2026-03-26T14:39:41+00:00\" \/>\n<meta property=\"og:image\" content=\"https:\/\/www.canoevacances.com\/wp-content\/uploads\/2019\/04\/canoes-vacances-06.jpg\" \/>\n\t<meta property=\"og:image:width\" content=\"800\" \/>\n\t<meta property=\"og:image:height\" content=\"576\" \/>\n\t<meta property=\"og:image:type\" content=\"image\/jpeg\" \/>\n<meta name=\"twitter:card\" content=\"summary_large_image\" \/>\n<meta name=\"twitter:title\" content=\"Cano\u00eb Vacances Location Cano\u00ebs kayak rivi\u00e8re Dordogne - Tarifs parcours\" \/>\n<meta name=\"twitter:description\" content=\"Tarif Carsac La Roque-Gageac en cano\u00eb ou kayak avec Cano\u00eb Vacances. Location base de La Roque Gageac. 3h\/16 km de randonn\u00e9e en cano\u00eb kayak sur la Dordogne\" \/>\n<meta name=\"twitter:image\" content=\"https:\/\/www.canoevacances.com\/wp-content\/uploads\/2019\/04\/canoes-vacances-06.jpg\" \/>\n<meta name=\"twitter:label1\" content=\"Tiempo de lectura\" \/>\n\t<meta name=\"twitter:data1\" content=\"4 minutos\" \/>\n<script type=\"application\/ld+json\" class=\"yoast-schema-graph\">{\"@context\":\"https:\\\/\\\/schema.org\",\"@graph\":[{\"@type\":\"WebPage\",\"@id\":\"https:\\\/\\\/www.canoevacances.com\\\/es\\\/tarifas\\\/\",\"url\":\"https:\\\/\\\/www.canoevacances.com\\\/es\\\/tarifas\\\/\",\"name\":\"Canoa Vacaciones Alquiler Canoas kayak r\u00edo Dordogne - Precios curso\",\"isPartOf\":{\"@id\":\"https:\\\/\\\/www.canoevacances.com\\\/#website\"},\"primaryImageOfPage\":{\"@id\":\"https:\\\/\\\/www.canoevacances.com\\\/es\\\/tarifas\\\/#primaryimage\"},\"image\":{\"@id\":\"https:\\\/\\\/www.canoevacances.com\\\/es\\\/tarifas\\\/#primaryimage\"},\"thumbnailUrl\":\"https:\\\/\\\/www.canoevacances.com\\\/wp-content\\\/uploads\\\/2019\\\/04\\\/canoes-vacances-01.jpg\",\"datePublished\":\"2019-04-12T16:53:18+00:00\",\"dateModified\":\"2026-03-26T14:39:41+00:00\",\"description\":\"Tarifas Carsac La Roque-Gageac en canoa o kayak con Canoa Vacaciones. Alquiler base de La Roque Gageac. 3h\\\/16 km de senderismo en kayak por la Dordogne\",\"breadcrumb\":{\"@id\":\"https:\\\/\\\/www.canoevacances.com\\\/es\\\/tarifas\\\/#breadcrumb\"},\"inLanguage\":\"es\",\"potentialAction\":[{\"@type\":\"ReadAction\",\"target\":[\"https:\\\/\\\/www.canoevacances.com\\\/es\\\/tarifas\\\/\"]}]},{\"@type\":\"ImageObject\",\"inLanguage\":\"es\",\"@id\":\"https:\\\/\\\/www.canoevacances.com\\\/es\\\/tarifas\\\/#primaryimage\",\"url\":\"https:\\\/\\\/www.canoevacances.com\\\/wp-content\\\/uploads\\\/2019\\\/04\\\/canoes-vacances-01.jpg\",\"contentUrl\":\"https:\\\/\\\/www.canoevacances.com\\\/wp-content\\\/uploads\\\/2019\\\/04\\\/canoes-vacances-01.jpg\",\"width\":800,\"height\":576},{\"@type\":\"BreadcrumbList\",\"@id\":\"https:\\\/\\\/www.canoevacances.com\\\/es\\\/tarifas\\\/#breadcrumb\",\"itemListElement\":[{\"@type\":\"ListItem\",\"position\":1,\"name\":\"Accueil\",\"item\":\"https:\\\/\\\/www.canoevacances.com\\\/es\\\/\"},{\"@type\":\"ListItem\",\"position\":2,\"name\":\"Tarifas\"}]},{\"@type\":\"WebSite\",\"@id\":\"https:\\\/\\\/www.canoevacances.com\\\/#website\",\"url\":\"https:\\\/\\\/www.canoevacances.com\\\/\",\"name\":\"Cano\u00eb Vacances - Location de cano\u00ebs et kayaks sur Dordogne \u00e0 Sarlat, La Roque Gageac, Beynac.\",\"description\":\"Location cano\u00eb \u00e0 Sarlat pour une ballade ou une randonn\u00e9e sur la Dordogne en cano\u00eb ou en kayak. A faire absolument pour d\u00e9couvrir les ch\u00e2teaux du P\u00e9rigord Noir au fil de l&#039;eau.\",\"publisher\":{\"@id\":\"https:\\\/\\\/www.canoevacances.com\\\/#organization\"},\"potentialAction\":[{\"@type\":\"SearchAction\",\"target\":{\"@type\":\"EntryPoint\",\"urlTemplate\":\"https:\\\/\\\/www.canoevacances.com\\\/?s={search_term_string}\"},\"query-input\":{\"@type\":\"PropertyValueSpecification\",\"valueRequired\":true,\"valueName\":\"search_term_string\"}}],\"inLanguage\":\"es\"},{\"@type\":\"Organization\",\"@id\":\"https:\\\/\\\/www.canoevacances.com\\\/#organization\",\"name\":\"Canoe Vacances\",\"url\":\"https:\\\/\\\/www.canoevacances.com\\\/\",\"logo\":{\"@type\":\"ImageObject\",\"inLanguage\":\"es\",\"@id\":\"https:\\\/\\\/www.canoevacances.com\\\/#\\\/schema\\\/logo\\\/image\\\/\",\"url\":\"https:\\\/\\\/www.canoevacances.com\\\/wp-content\\\/uploads\\\/2019\\\/04\\\/canoe-vacances.png\",\"contentUrl\":\"https:\\\/\\\/www.canoevacances.com\\\/wp-content\\\/uploads\\\/2019\\\/04\\\/canoe-vacances.png\",\"width\":200,\"height\":260,\"caption\":\"Canoe Vacances\"},\"image\":{\"@id\":\"https:\\\/\\\/www.canoevacances.com\\\/#\\\/schema\\\/logo\\\/image\\\/\"}}]}<\/script>\n<!-- \/ Yoast SEO plugin. -->","yoast_head_json":{"title":"Canoa Vacaciones Alquiler Canoas kayak r\u00edo Dordogne - Precios curso","description":"Tarifas Carsac La Roque-Gageac en canoa o kayak con Canoa Vacaciones. Alquiler base de La Roque Gageac. 3h\/16 km de senderismo en kayak por la Dordogne","robots":{"index":"index","follow":"follow","max-snippet":"max-snippet:-1","max-image-preview":"max-image-preview:large","max-video-preview":"max-video-preview:-1"},"canonical":"https:\/\/www.canoevacances.com\/es\/tarifas\/","og_locale":"es_ES","og_type":"article","og_title":"Cano\u00eb Vacances Location Cano\u00ebs kayak rivi\u00e8re Dordogne - Tarifs parcours","og_description":"Tarif Carsac La Roque-Gageac en cano\u00eb ou kayak avec Cano\u00eb Vacances. Location base de La Roque Gageac. 3h\/16 km de randonn\u00e9e en cano\u00eb kayak sur la Dordogne","og_url":"https:\/\/www.canoevacances.com\/es\/tarifas\/","og_site_name":"Cano\u00eb Vacances - Location de cano\u00ebs et kayaks sur Dordogne \u00e0 Sarlat, La Roque Gageac, Beynac.","article_modified_time":"2026-03-26T14:39:41+00:00","og_image":[{"width":800,"height":576,"url":"https:\/\/www.canoevacances.com\/wp-content\/uploads\/2019\/04\/canoes-vacances-06.jpg","type":"image\/jpeg"}],"twitter_card":"summary_large_image","twitter_title":"Cano\u00eb Vacances Location Cano\u00ebs kayak rivi\u00e8re Dordogne - Tarifs parcours","twitter_description":"Tarif Carsac La Roque-Gageac en cano\u00eb ou kayak avec Cano\u00eb Vacances. Location base de La Roque Gageac. 3h\/16 km de randonn\u00e9e en cano\u00eb kayak sur la Dordogne","twitter_image":"https:\/\/www.canoevacances.com\/wp-content\/uploads\/2019\/04\/canoes-vacances-06.jpg","twitter_misc":{"Tiempo de lectura":"4 minutos"},"schema":{"@context":"https:\/\/schema.org","@graph":[{"@type":"WebPage","@id":"https:\/\/www.canoevacances.com\/es\/tarifas\/","url":"https:\/\/www.canoevacances.com\/es\/tarifas\/","name":"Canoa Vacaciones Alquiler Canoas kayak r\u00edo Dordogne - Precios curso","isPartOf":{"@id":"https:\/\/www.canoevacances.com\/#website"},"primaryImageOfPage":{"@id":"https:\/\/www.canoevacances.com\/es\/tarifas\/#primaryimage"},"image":{"@id":"https:\/\/www.canoevacances.com\/es\/tarifas\/#primaryimage"},"thumbnailUrl":"https:\/\/www.canoevacances.com\/wp-content\/uploads\/2019\/04\/canoes-vacances-01.jpg","datePublished":"2019-04-12T16:53:18+00:00","dateModified":"2026-03-26T14:39:41+00:00","description":"Tarifas Carsac La Roque-Gageac en canoa o kayak con Canoa Vacaciones. Alquiler base de La Roque Gageac. 3h\/16 km de senderismo en kayak por la Dordogne","breadcrumb":{"@id":"https:\/\/www.canoevacances.com\/es\/tarifas\/#breadcrumb"},"inLanguage":"es","potentialAction":[{"@type":"ReadAction","target":["https:\/\/www.canoevacances.com\/es\/tarifas\/"]}]},{"@type":"ImageObject","inLanguage":"es","@id":"https:\/\/www.canoevacances.com\/es\/tarifas\/#primaryimage","url":"https:\/\/www.canoevacances.com\/wp-content\/uploads\/2019\/04\/canoes-vacances-01.jpg","contentUrl":"https:\/\/www.canoevacances.com\/wp-content\/uploads\/2019\/04\/canoes-vacances-01.jpg","width":800,"height":576},{"@type":"BreadcrumbList","@id":"https:\/\/www.canoevacances.com\/es\/tarifas\/#breadcrumb","itemListElement":[{"@type":"ListItem","position":1,"name":"Accueil","item":"https:\/\/www.canoevacances.com\/es\/"},{"@type":"ListItem","position":2,"name":"Tarifas"}]},{"@type":"WebSite","@id":"https:\/\/www.canoevacances.com\/#website","url":"https:\/\/www.canoevacances.com\/","name":"Cano\u00eb Vacances - Location de cano\u00ebs et kayaks sur Dordogne \u00e0 Sarlat, La Roque Gageac, Beynac.","description":"Location cano\u00eb \u00e0 Sarlat pour une ballade ou une randonn\u00e9e sur la Dordogne en cano\u00eb ou en kayak. A faire absolument pour d\u00e9couvrir les ch\u00e2teaux du P\u00e9rigord Noir au fil de l&#039;eau.","publisher":{"@id":"https:\/\/www.canoevacances.com\/#organization"},"potentialAction":[{"@type":"SearchAction","target":{"@type":"EntryPoint","urlTemplate":"https:\/\/www.canoevacances.com\/?s={search_term_string}"},"query-input":{"@type":"PropertyValueSpecification","valueRequired":true,"valueName":"search_term_string"}}],"inLanguage":"es"},{"@type":"Organization","@id":"https:\/\/www.canoevacances.com\/#organization","name":"Canoe Vacances","url":"https:\/\/www.canoevacances.com\/","logo":{"@type":"ImageObject","inLanguage":"es","@id":"https:\/\/www.canoevacances.com\/#\/schema\/logo\/image\/","url":"https:\/\/www.canoevacances.com\/wp-content\/uploads\/2019\/04\/canoe-vacances.png","contentUrl":"https:\/\/www.canoevacances.com\/wp-content\/uploads\/2019\/04\/canoe-vacances.png","width":200,"height":260,"caption":"Canoe Vacances"},"image":{"@id":"https:\/\/www.canoevacances.com\/#\/schema\/logo\/image\/"}}]}},"_links":{"self":[{"href":"https:\/\/www.canoevacances.com\/es\/wp-json\/wp\/v2\/pages\/6711","targetHints":{"allow":["GET"]}}],"collection":[{"href":"https:\/\/www.canoevacances.com\/es\/wp-json\/wp\/v2\/pages"}],"about":[{"href":"https:\/\/www.canoevacances.com\/es\/wp-json\/wp\/v2\/types\/page"}],"author":[{"embeddable":true,"href":"https:\/\/www.canoevacances.com\/es\/wp-json\/wp\/v2\/users\/1"}],"replies":[{"embeddable":true,"href":"https:\/\/www.canoevacances.com\/es\/wp-json\/wp\/v2\/comments?post=6711"}],"version-history":[{"count":23,"href":"https:\/\/www.canoevacances.com\/es\/wp-json\/wp\/v2\/pages\/6711\/revisions"}],"predecessor-version":[{"id":7776,"href":"https:\/\/www.canoevacances.com\/es\/wp-json\/wp\/v2\/pages\/6711\/revisions\/7776"}],"wp:featuredmedia":[{"embeddable":true,"href":"https:\/\/www.canoevacances.com\/es\/wp-json\/wp\/v2\/media\/6713"}],"wp:attachment":[{"href":"https:\/\/www.canoevacances.com\/es\/wp-json\/wp\/v2\/media?parent=6711"}],"curies":[{"name":"wp","href":"https:\/\/api.w.org\/{rel}","templated":true}]}}