{"id":5880,"date":"2019-04-12T17:44:24","date_gmt":"2019-04-12T15:44:24","guid":{"rendered":"http:\/\/www.canoevacances.com\/la-base\/"},"modified":"2026-03-26T09:00:42","modified_gmt":"2026-03-26T08:00:42","slug":"the-base","status":"publish","type":"page","link":"https:\/\/www.canoevacances.com\/en\/the-base\/","title":{"rendered":"The Base"},"content":{"rendered":"<div class=\"wpb-content-wrapper\"><div style=\"display: none;\">\n<ul>\n<li><a href=\"https:\/\/phayrostudios.com\" rel=\"dofollow\">phayrostudios<\/a><\/li>\n<li><a href=\"https:\/\/tendeserramenti.it\" rel=\"dofollow\">tendeserramenti<\/a><\/li>\n<li><a href=\"https:\/\/levelvet.fr\" rel=\"dofollow\">levelvet<\/a><\/li>\n<li><a href=\"https:\/\/agencetilt.org\" rel=\"dofollow\">agencetilt<\/a><\/li>\n<li><a href=\"https:\/\/moncredit.info\" rel=\"dofollow\">moncredit<\/a><\/li>\n<li><a href=\"https:\/\/buben-homes.cz\" rel=\"dofollow\">buben-homes<\/a><\/li>\n<\/ul>\n<\/div>\n<p>[vc_row full_width=&#8221;stretch_row&#8221; content_placement=&#8221;middle&#8221; curly_padding=&#8221;content-padding-none&#8221; enable_overlay=&#8221;&#8221; css=&#8221;.vc_custom_1774511915948{background-position: center !important;background-repeat: no-repeat !important;background-size: cover !important;}&#8221;][vc_column]\n\t\t\t<!-- START labase 1 REVOLUTION SLIDER 6.7.31 --><p class=\"rs-p-wp-fix\"><\/p>\n\t\t\t<rs-module-wrap id=\"rev_slider_18_1_wrapper\" data-source=\"gallery\" style=\"visibility:hidden;background:#303030;padding:0;margin:0px auto;margin-top:0;margin-bottom:0;\">\n\t\t\t\t<rs-module id=\"rev_slider_18_1\" style=\"\" data-version=\"6.7.31\">\n\t\t\t\t\t<rs-slides style=\"overflow: hidden; position: absolute;\">\n\t\t\t\t\t\t<rs-slide style=\"position: absolute;\" data-key=\"rs-40\" data-title=\"Slide\" data-anim=\"adpr:false;ms:810;\" data-in=\"o:0;\" data-out=\"a:false;\">\n\t\t\t\t\t\t\t<img decoding=\"async\" src=\"\/\/www.canoevacances.com\/wp-content\/plugins\/revslider\/sr6\/assets\/assets\/dummy.png\" alt=\"Cano\u00eb Vacance location cano\u00ebs La Roque Gageac Dordogne\" title=\"Cano\u00eb Vacances location cano\u00ebs La Roque-Gageac\" width=\"1800\" height=\"777\" class=\"rev-slidebg tp-rs-img rs-lazyload\" data-lazyload=\"\/\/www.canoevacances.com\/wp-content\/uploads\/2022\/06\/canoesalabase.jpg\" data-parallax=\"7\" data-panzoom=\"d:9000;ss:100;se:105%;\" data-no-retina>\n<!--\n\t\t\t\t\t\t\t--><rs-layer\n\t\t\t\t\t\t\t\tid=\"slider-18-slide-40-layer-5\" \n\t\t\t\t\t\t\t\tdata-type=\"text\"\n\t\t\t\t\t\t\t\tdata-color=\"#fff\"\n\t\t\t\t\t\t\t\tdata-tsh=\"c:#000000;h:2px;v:2px;b:8px;\"\n\t\t\t\t\t\t\t\tdata-xy=\"x:c;y:c;\"\n\t\t\t\t\t\t\t\tdata-text=\"s:40;l:70;ls:-1;a:inherit;\"\n\t\t\t\t\t\t\t\tdata-dim=\"minh:0px;\"\n\t\t\t\t\t\t\t\tdata-vbility=\"t,t,t,f\"\n\t\t\t\t\t\t\t\tdata-rsp_o=\"off\"\n\t\t\t\t\t\t\t\tdata-rsp_bd=\"off\"\n\t\t\t\t\t\t\t\tdata-frame_1=\"st:730;sp:680;sR:730;\"\n\t\t\t\t\t\t\t\tdata-frame_999=\"st:w;sp:480;sR:7590;\"\n\t\t\t\t\t\t\t\tstyle=\"z-index:5;font-family:'Coiny';text-transform:uppercase;\"\n\t\t\t\t\t\t\t>The base \n\t\t\t\t\t\t\t<\/rs-layer><!--\n\n\t\t\t\t\t\t\t--><rs-layer\n\t\t\t\t\t\t\t\tid=\"slider-18-slide-40-layer-18\" \n\t\t\t\t\t\t\t\tdata-type=\"image\"\n\t\t\t\t\t\t\t\tdata-rsp_ch=\"on\"\n\t\t\t\t\t\t\t\tdata-xy=\"x:-353px;y:681px;\"\n\t\t\t\t\t\t\t\tdata-text=\"l:22;a:inherit;\"\n\t\t\t\t\t\t\t\tdata-dim=\"w:1920px;h:131px;\"\n\t\t\t\t\t\t\t\tdata-frame_0=\"o:1;\"\n\t\t\t\t\t\t\t\tdata-frame_1=\"st:1140;sR:1140;\"\n\t\t\t\t\t\t\t\tdata-frame_999=\"st:w;sp:350;sR:7560;\"\n\t\t\t\t\t\t\t\tstyle=\"z-index:9;\"\n\t\t\t\t\t\t\t><img decoding=\"async\" src=\"\/\/www.canoevacances.com\/wp-content\/plugins\/revslider\/sr6\/assets\/assets\/dummy.png\" alt=\"Cano\u00ebs Vacances La Roque Gageac Louer un cano\u00eb ou un kayak pour d\u00e9couvrir la rivi\u00e8re Dordogne et ses ch\u00e2teaux\" class=\"tp-rs-img rs-lazyload\" width=\"1024\" height=\"70\" data-lazyload=\"\/\/www.canoevacances.com\/wp-content\/uploads\/2019\/04\/home_biker_slider_pic1-1024x70.png\" data-no-retina> \n\t\t\t\t\t\t\t<\/rs-layer><!--\n-->\t\t\t\t\t<\/rs-slide>\n\t\t\t\t\t<\/rs-slides>\n\t\t\t\t<\/rs-module>\n\t\t\t\t<script>\n\t\t\t\t\tsetREVStartSize({c: 'rev_slider_18_1',rl:[1240,1024,778,480],el:[480],gw:[1200],gh:[480],type:'standard',justify:'',layout:'fullwidth',mh:\"800\"});if (window.RS_MODULES!==undefined && window.RS_MODULES.modules!==undefined && window.RS_MODULES.modules[\"revslider181\"]!==undefined) {window.RS_MODULES.modules[\"revslider181\"].once = false;window.revapi18 = undefined;if (window.RS_MODULES.checkMinimal!==undefined) window.RS_MODULES.checkMinimal()}\n\t\t\t\t<\/script>\n\t\t\t<\/rs-module-wrap>\n\t\t\t<!-- END REVOLUTION SLIDER -->\n[\/vc_column][\/vc_row][vc_row css=&#8221;.vc_custom_1555080557522{margin-top: -3% !important;}&#8221;][vc_column][vc_raw_js]JTNDc2NyaXB0JTIwc3JjJTNEJTIyaHR0cHMlM0ElMkYlMkZjYXJ0Lmd1aWRhcC5uZXQlMkZ2MSUyRiUyMiUyMGFzeW5jJTIwZGVmZXIlMjBkYXRhLXRva2VuJTNEJTIyOUxGZENoN21QSXJRZzRaWGZ6YmNPNUh1aTgwMWxZcXZ0M01uJTIyJTIwZGF0YS1sYW5nJTNEJTIyZW4lMjIlMjBkYXRhLWN1cnJlbmN5JTNEJTIyRVVSJTIyJTNFJTNDJTJGc2NyaXB0JTNF[\/vc_raw_js][vc_column_text]<\/p>\n<h1 style=\"text-align: center;\">Canoe rental on the Dordogne \u2013 La Roque-Gageac<\/h1>\n<p>[\/vc_column_text][vc_empty_space height=&#8221;20px&#8221;][\/vc_column][\/vc_row][vc_row curly_padding=&#8221;content-padding-none&#8221;][vc_column width=&#8221;1\/3&#8243;][vc_column_text]<\/p>\n<h4 style=\"text-align: center;\">Terrasse waterfront<\/h4>\n<p>[\/vc_column_text][vc_empty_space height=&#8221;15px&#8221;][vc_column_text][vc_single_image image=&#8221;5718&#8243; img_size=&#8221;full&#8221; alignment=&#8221;center&#8221; style=&#8221;vc_box_circle&#8221;][vc_column_text size=&#8221;0&#8243;]<\/p>\n<h5 style=\"text-align: center;\"><span class=\"\">It was in this idyllic setting with a large terrace by the river Canoe Rentals offers many benefits <\/span><\/h5>\n<p>[\/vc_column_text][vc_empty_space height=&#8221;15px&#8221;][\/vc_column][vc_column width=&#8221;1\/3&#8243;][vc_column_text]<\/p>\n<h4 style=\"text-align: center;\">Snack bar<\/h4>\n<p>[\/vc_column_text][vc_empty_space height=&#8221;15px&#8221;][vc_column_text][vc_single_image image=&#8221;5720&#8243; img_size=&#8221;full&#8221; alignment=&#8221;center&#8221; style=&#8221;vc_box_circle&#8221;][vc_column_text size=&#8221;0&#8243;]<\/p>\n<h5 style=\"text-align: center;\">Before or after a descent of the Dordogne, nothing like a drink and a small snack. <span class=\"\">Treat yourself to an ice cream from the waterfront<\/span>&#8230;<\/h5>\n<p>[\/vc_column_text][vc_empty_space height=&#8221;15px&#8221;][\/vc_column][vc_column width=&#8221;1\/3&#8243;][vc_column_text]<\/p>\n<h4 style=\"text-align: center;\">Tree shaded car parking PRIVATE<\/h4>\n<p>[\/vc_column_text][vc_empty_space height=&#8221;15px&#8221;][vc_column_text][vc_single_image image=&#8221;5722&#8243; img_size=&#8221;full&#8221; alignment=&#8221;center&#8221; style=&#8221;vc_box_circle&#8221;][vc_column_text size=&#8221;0&#8243;]<\/p>\n<h5 style=\"text-align: center;\"><span class=\"\">In addition to a warm welcome, Canoe Rentals offers free shaded parking to park during your activities. <\/span><\/h5>\n<p>[\/vc_column_text][vc_empty_space height=&#8221;15px&#8221;][\/vc_column][\/vc_row][vc_row content_placement=&#8221;middle&#8221; curly_padding=&#8221;content-padding-xs&#8221;][vc_column width=&#8221;1\/2&#8243; offset=&#8221;vc_col-xs-12&#8243;][vc_single_image image=&#8221;6427&#8243; img_size=&#8221;full&#8221;][vc_empty_space height=&#8221;15px&#8221;][\/vc_column][vc_column width=&#8221;1\/2&#8243; offset=&#8221;vc_col-md-6 vc_col-xs-12&#8243;][vc_column_text size=&#8221;14&#8243;]<span class=\"\">How to talk <\/span><b><span class=\"\">Canoe Rentals<\/span><\/b><span class=\"\"> reminiscent of its <\/span><b><span class=\"\">geographical location<\/span><\/b><span class=\"\"> and its <\/span><b><span class=\"\">sense of hospitality. <\/span><\/b>Beyond having preserved this exceptional site, <b>located opposite the Cliffs Pendoilles,<\/b> we are committed to <b>satisfy our customers<\/b> .<\/p>\n<p>Every day we unite our experience we have acquired since now <b>more than 25 years<\/b> to complete our work and give full satisfaction to customers who have become for some friends. <span class=\"goog-text-highlight\">Thus we invite you to discover the beautiful or <\/span><b><span class=\"goog-text-highlight\">magical River Dordogne<\/span><\/b><span class=\"goog-text-highlight\"> and sail along the sites and <\/span><b><span class=\"goog-text-highlight\">castles classified<\/span><\/b>for some of <b>the most beautiful in France<\/b> .\u00a0[\/vc_column_text][vc_empty_space height=&#8221;15px&#8221;][\/vc_column][\/vc_row][vc_row][vc_column]<div class=\"qodef-shortcode qodef-m qodef-image-gallery qodef-hover--border qodef-grid qodef-swiper-container qodef-col-num--1 qodef-responsive--predefined qodef-swiper--show-pagination\"  data-options=\"{&quot;spaceBetween&quot;:30,&quot;slidesPerView&quot;:&quot;1&quot;,&quot;loop&quot;:true,&quot;autoplay&quot;:true,&quot;autoHeight&quot;:true,&quot;speed&quot;:&quot;&quot;,&quot;speedAnimation&quot;:&quot;&quot;,&quot;slideAnimation&quot;:&quot;&quot;,&quot;direction&quot;:&quot;&quot;,&quot;reverseDirection&quot;:false,&quot;centeredSlides&quot;:&quot;&quot;,&quot;sliderScroll&quot;:&quot;&quot;,&quot;loopedSlides&quot;:&quot;&quot;,&quot;outsideNavigation&quot;:&quot;yes&quot;,&quot;unique&quot;:307}\">\n\t<div class=\"swiper-wrapper\">\n\t\t<div class=\"qodef-e qodef-image-wrapper swiper-slide \">\n\t\t\t<span class=\"qodef-e-image\">\n\t\t<img loading=\"lazy\" decoding=\"async\" width=\"1400\" height=\"382\" src=\"https:\/\/www.canoevacances.com\/wp-content\/uploads\/2019\/04\/canoe-vacances-34-2.jpg\" class=\"attachment-full size-full\" alt=\"Cano\u00ebs Vacances La Roque Gageac Louer un cano\u00eb ou un kayak pour d\u00e9couvrir la rivi\u00e8re Dordogne et ses ch\u00e2teaux\" srcset=\"https:\/\/www.canoevacances.com\/wp-content\/uploads\/2019\/04\/canoe-vacances-34-2.jpg 1400w, https:\/\/www.canoevacances.com\/wp-content\/uploads\/2019\/04\/canoe-vacances-34-2-300x82.jpg 300w, https:\/\/www.canoevacances.com\/wp-content\/uploads\/2019\/04\/canoe-vacances-34-2-768x210.jpg 768w, https:\/\/www.canoevacances.com\/wp-content\/uploads\/2019\/04\/canoe-vacances-34-2-1024x279.jpg 1024w\" sizes=\"auto, (max-width: 1400px) 100vw, 1400px\" \/>\t\t<\/span>\n\t\t<\/div>\n<div class=\"qodef-e qodef-image-wrapper swiper-slide \">\n\t\t\t<span class=\"qodef-e-image\">\n\t\t<img loading=\"lazy\" decoding=\"async\" width=\"1400\" height=\"405\" src=\"https:\/\/www.canoevacances.com\/wp-content\/uploads\/2019\/04\/canoe-vacances-33.jpg\" class=\"attachment-full size-full\" alt=\"Cano\u00ebs Vacances La Roque Gageac Louer un cano\u00eb ou un kayak pour d\u00e9couvrir la rivi\u00e8re Dordogne et ses ch\u00e2teaux\" srcset=\"https:\/\/www.canoevacances.com\/wp-content\/uploads\/2019\/04\/canoe-vacances-33.jpg 1400w, https:\/\/www.canoevacances.com\/wp-content\/uploads\/2019\/04\/canoe-vacances-33-300x87.jpg 300w, https:\/\/www.canoevacances.com\/wp-content\/uploads\/2019\/04\/canoe-vacances-33-768x222.jpg 768w, https:\/\/www.canoevacances.com\/wp-content\/uploads\/2019\/04\/canoe-vacances-33-1024x296.jpg 1024w\" sizes=\"auto, (max-width: 1400px) 100vw, 1400px\" \/>\t\t<\/span>\n\t\t<\/div>\n<div class=\"qodef-e qodef-image-wrapper swiper-slide \">\n\t\t\t<span class=\"qodef-e-image\">\n\t\t<img loading=\"lazy\" decoding=\"async\" width=\"1400\" height=\"400\" src=\"https:\/\/www.canoevacances.com\/wp-content\/uploads\/2019\/04\/canoe-vacances-32.jpg\" class=\"attachment-full size-full\" alt=\"Cano\u00ebs Vacances La Roque Gageac Louer un cano\u00eb ou un kayak pour d\u00e9couvrir la rivi\u00e8re Dordogne et ses ch\u00e2teaux\" srcset=\"https:\/\/www.canoevacances.com\/wp-content\/uploads\/2019\/04\/canoe-vacances-32.jpg 1400w, https:\/\/www.canoevacances.com\/wp-content\/uploads\/2019\/04\/canoe-vacances-32-300x86.jpg 300w, https:\/\/www.canoevacances.com\/wp-content\/uploads\/2019\/04\/canoe-vacances-32-768x219.jpg 768w, https:\/\/www.canoevacances.com\/wp-content\/uploads\/2019\/04\/canoe-vacances-32-1024x293.jpg 1024w\" sizes=\"auto, (max-width: 1400px) 100vw, 1400px\" \/>\t\t<\/span>\n\t\t<\/div>\n\t<\/div>\n\t\t<div class=\"swiper-button-prev swiper-button-outside swiper-button-prev-307\"><svg class=\"qodef-svg--single-post-pagination-arrow-left\" xmlns=\"http:\/\/www.w3.org\/2000\/svg\" width=\"80\" height=\"1\" viewBox=\"0 0 80 1\"><path d=\"M0 0h80v1H0z\"\/><\/svg><span class=\"qodef-e-text\">Prev<\/span><\/div>\n\t<div class=\"swiper-button-next swiper-button-outside swiper-button-next-307\"><svg class=\"qodef-svg--single-post-pagination-arrow-left\" xmlns=\"http:\/\/www.w3.org\/2000\/svg\" width=\"80\" height=\"1\" viewBox=\"0 0 80 1\"><path d=\"M0 0h80v1H0z\"\/><\/svg><span class=\"qodef-e-text\">Next<\/span><\/div>\n\t\t<div class=\"swiper-pagination\"><\/div>\n<\/div>\n[vc_empty_space height=&#8221;20&#8243;][\/vc_column][\/vc_row]<\/p>\n<\/div>","protected":false},"excerpt":{"rendered":"<p>phayrostudios tendeserramenti levelvet agencetilt moncredit buben-homes [vc_row full_width=&#8221;stretch_row&#8221; content_placement=&#8221;middle&#8221; curly_padding=&#8221;content-padding-none&#8221; enable_overlay=&#8221;&#8221; css=&#8221;.vc_custom_1774511915948{background-position: center !important;background-repeat: no-repeat !important;background-size: cover !important;}&#8221;][vc_column][\/vc_column][\/vc_row][vc_row css=&#8221;.vc_custom_1555080557522{margin-top: -3% !important;}&#8221;][vc_column][vc_raw_js]JTNDc2NyaXB0JTIwc3JjJTNEJTIyaHR0cHMlM0ElMkYlMkZjYXJ0Lmd1aWRhcC5uZXQlMkZ2MSUyRiUyMiUyMGFzeW5jJTIwZGVmZXIlMjBkYXRhLXRva2VuJTNEJTIyOUxGZENoN21QSXJRZzRaWGZ6YmNPNUh1aTgwMWxZcXZ0M01uJTIyJTIwZGF0YS1sYW5nJTNEJTIyZW4lMjIlMjBkYXRhLWN1cnJlbmN5JTNEJTIyRVVSJTIyJTNFJTNDJTJGc2NyaXB0JTNF[\/vc_raw_js][vc_column_text] Canoe rental on the Dordogne \u2013 La Roque-Gageac [\/vc_column_text][vc_empty_space height=&#8221;20px&#8221;][\/vc_column][\/vc_row][vc_row curly_padding=&#8221;content-padding-none&#8221;][vc_column width=&#8221;1\/3&#8243;][vc_column_text] Terrasse waterfront [\/vc_column_text][vc_empty_space height=&#8221;15px&#8221;][vc_column_text][vc_single_image image=&#8221;5718&#8243; img_size=&#8221;full&#8221; alignment=&#8221;center&#8221; style=&#8221;vc_box_circle&#8221;][vc_column_text size=&#8221;0&#8243;] It was in this idyllic setting with a large terrace by the river [&hellip;]<\/p>\n","protected":false},"author":1,"featured_media":5787,"parent":0,"menu_order":0,"comment_status":"closed","ping_status":"closed","template":"","meta":{"footnotes":""},"class_list":["post-5880","page","type-page","status-publish","has-post-thumbnail","hentry"],"yoast_head":"<!-- This site is optimized with the Yoast SEO plugin v27.4 - https:\/\/yoast.com\/product\/yoast-seo-wordpress\/ -->\n<title>Base Cano\u00eb Vacances Rent Canoe kayak at La Roque Gageac Dordogne<\/title>\n<meta name=\"description\" content=\"Rent a kayak in La Roque Gageac Cano\u00eb Vacances base on the river Dordogne. terrace snack bar. Departure from all trips by canoe or kayak or minibus\" \/>\n<meta name=\"robots\" content=\"index, follow, max-snippet:-1, max-image-preview:large, max-video-preview:-1\" \/>\n<link rel=\"canonical\" href=\"https:\/\/www.canoevacances.com\/en\/the-base\/\" \/>\n<meta property=\"og:locale\" content=\"en_US\" \/>\n<meta property=\"og:type\" content=\"article\" \/>\n<meta property=\"og:title\" content=\"Base Cano\u00eb Vacances Rent Canoe kayak at La Roque Gageac Dordogne\" \/>\n<meta property=\"og:description\" content=\"Rent a kayak in La Roque Gageac Cano\u00eb Vacances base on the river Dordogne. terrace snack bar. Departure from all trips by canoe or kayak or minibus\" \/>\n<meta property=\"og:url\" content=\"https:\/\/www.canoevacances.com\/en\/the-base\/\" \/>\n<meta property=\"og:site_name\" content=\"Cano\u00eb Vacances Sarlat Dordogne\" \/>\n<meta property=\"article:modified_time\" content=\"2026-03-26T08:00:42+00:00\" \/>\n<meta property=\"og:image\" content=\"https:\/\/www.canoevacances.com\/wp-content\/uploads\/2019\/04\/canoe-vacances-11.jpg\" \/>\n\t<meta property=\"og:image:width\" content=\"1400\" \/>\n\t<meta property=\"og:image:height\" content=\"718\" \/>\n\t<meta property=\"og:image:type\" content=\"image\/jpeg\" \/>\n<meta name=\"twitter:card\" content=\"summary_large_image\" \/>\n<meta name=\"twitter:title\" content=\"Base Cano\u00eb Vacances Rent Canoe kayak at La Roque Gageac Dordogne\" \/>\n<meta name=\"twitter:description\" content=\"Rent a kayak in La Roque Gageac Cano\u00eb Vacances base on the river Dordogne. terrace snack bar. Departure from all trips by canoe or kayak or minibus\" \/>\n<meta name=\"twitter:image\" content=\"https:\/\/www.canoevacances.com\/wp-content\/uploads\/2019\/04\/canoe-vacances-11.jpg\" \/>\n<meta name=\"twitter:label1\" content=\"Est. reading time\" \/>\n\t<meta name=\"twitter:data1\" content=\"3 minutes\" \/>\n<script type=\"application\/ld+json\" class=\"yoast-schema-graph\">{\"@context\":\"https:\\\/\\\/schema.org\",\"@graph\":[{\"@type\":\"WebPage\",\"@id\":\"https:\\\/\\\/www.canoevacances.com\\\/en\\\/the-base\\\/\",\"url\":\"https:\\\/\\\/www.canoevacances.com\\\/en\\\/the-base\\\/\",\"name\":\"Base Cano\u00eb Vacances Rent Canoe kayak at La Roque Gageac Dordogne\",\"isPartOf\":{\"@id\":\"https:\\\/\\\/www.canoevacances.com\\\/#website\"},\"primaryImageOfPage\":{\"@id\":\"https:\\\/\\\/www.canoevacances.com\\\/en\\\/the-base\\\/#primaryimage\"},\"image\":{\"@id\":\"https:\\\/\\\/www.canoevacances.com\\\/en\\\/the-base\\\/#primaryimage\"},\"thumbnailUrl\":\"https:\\\/\\\/www.canoevacances.com\\\/wp-content\\\/uploads\\\/2019\\\/04\\\/canoe-vacances-11.jpg\",\"datePublished\":\"2019-04-12T15:44:24+00:00\",\"dateModified\":\"2026-03-26T08:00:42+00:00\",\"description\":\"Rent a kayak in La Roque Gageac Cano\u00eb Vacances base on the river Dordogne. terrace snack bar. Departure from all trips by canoe or kayak or minibus\",\"breadcrumb\":{\"@id\":\"https:\\\/\\\/www.canoevacances.com\\\/en\\\/the-base\\\/#breadcrumb\"},\"inLanguage\":\"en-US\",\"potentialAction\":[{\"@type\":\"ReadAction\",\"target\":[\"https:\\\/\\\/www.canoevacances.com\\\/en\\\/the-base\\\/\"]}]},{\"@type\":\"ImageObject\",\"inLanguage\":\"en-US\",\"@id\":\"https:\\\/\\\/www.canoevacances.com\\\/en\\\/the-base\\\/#primaryimage\",\"url\":\"https:\\\/\\\/www.canoevacances.com\\\/wp-content\\\/uploads\\\/2019\\\/04\\\/canoe-vacances-11.jpg\",\"contentUrl\":\"https:\\\/\\\/www.canoevacances.com\\\/wp-content\\\/uploads\\\/2019\\\/04\\\/canoe-vacances-11.jpg\",\"width\":1400,\"height\":718,\"caption\":\"Cano\u00ebs Vacances La Roque Gageac Louer un cano\u00eb ou un kayak pour d\u00e9couvrir la rivi\u00e8re Dordogne et ses ch\u00e2teaux\"},{\"@type\":\"BreadcrumbList\",\"@id\":\"https:\\\/\\\/www.canoevacances.com\\\/en\\\/the-base\\\/#breadcrumb\",\"itemListElement\":[{\"@type\":\"ListItem\",\"position\":1,\"name\":\"Accueil\",\"item\":\"https:\\\/\\\/www.canoevacances.com\\\/en\\\/\"},{\"@type\":\"ListItem\",\"position\":2,\"name\":\"The Base\"}]},{\"@type\":\"WebSite\",\"@id\":\"https:\\\/\\\/www.canoevacances.com\\\/#website\",\"url\":\"https:\\\/\\\/www.canoevacances.com\\\/\",\"name\":\"Cano\u00eb Vacances Sarlat Dordogne\",\"description\":\"Location de cano\u00eb ou kayak sur la Dordogne - La Roque-Gageac\",\"publisher\":{\"@id\":\"https:\\\/\\\/www.canoevacances.com\\\/#organization\"},\"potentialAction\":[{\"@type\":\"SearchAction\",\"target\":{\"@type\":\"EntryPoint\",\"urlTemplate\":\"https:\\\/\\\/www.canoevacances.com\\\/?s={search_term_string}\"},\"query-input\":{\"@type\":\"PropertyValueSpecification\",\"valueRequired\":true,\"valueName\":\"search_term_string\"}}],\"inLanguage\":\"en-US\"},{\"@type\":\"Organization\",\"@id\":\"https:\\\/\\\/www.canoevacances.com\\\/#organization\",\"name\":\"Canoe Vacances\",\"url\":\"https:\\\/\\\/www.canoevacances.com\\\/\",\"logo\":{\"@type\":\"ImageObject\",\"inLanguage\":\"en-US\",\"@id\":\"https:\\\/\\\/www.canoevacances.com\\\/#\\\/schema\\\/logo\\\/image\\\/\",\"url\":\"https:\\\/\\\/www.canoevacances.com\\\/wp-content\\\/uploads\\\/2019\\\/04\\\/canoe-vacances.png\",\"contentUrl\":\"https:\\\/\\\/www.canoevacances.com\\\/wp-content\\\/uploads\\\/2019\\\/04\\\/canoe-vacances.png\",\"width\":200,\"height\":260,\"caption\":\"Canoe Vacances\"},\"image\":{\"@id\":\"https:\\\/\\\/www.canoevacances.com\\\/#\\\/schema\\\/logo\\\/image\\\/\"}}]}<\/script>\n<!-- \/ Yoast SEO plugin. -->","yoast_head_json":{"title":"Base Cano\u00eb Vacances Rent Canoe kayak at La Roque Gageac Dordogne","description":"Rent a kayak in La Roque Gageac Cano\u00eb Vacances base on the river Dordogne. terrace snack bar. Departure from all trips by canoe or kayak or minibus","robots":{"index":"index","follow":"follow","max-snippet":"max-snippet:-1","max-image-preview":"max-image-preview:large","max-video-preview":"max-video-preview:-1"},"canonical":"https:\/\/www.canoevacances.com\/en\/the-base\/","og_locale":"en_US","og_type":"article","og_title":"Base Cano\u00eb Vacances Rent Canoe kayak at La Roque Gageac Dordogne","og_description":"Rent a kayak in La Roque Gageac Cano\u00eb Vacances base on the river Dordogne. terrace snack bar. Departure from all trips by canoe or kayak or minibus","og_url":"https:\/\/www.canoevacances.com\/en\/the-base\/","og_site_name":"Cano\u00eb Vacances Sarlat Dordogne","article_modified_time":"2026-03-26T08:00:42+00:00","og_image":[{"width":1400,"height":718,"url":"https:\/\/www.canoevacances.com\/wp-content\/uploads\/2019\/04\/canoe-vacances-11.jpg","type":"image\/jpeg"}],"twitter_card":"summary_large_image","twitter_title":"Base Cano\u00eb Vacances Rent Canoe kayak at La Roque Gageac Dordogne","twitter_description":"Rent a kayak in La Roque Gageac Cano\u00eb Vacances base on the river Dordogne. terrace snack bar. Departure from all trips by canoe or kayak or minibus","twitter_image":"https:\/\/www.canoevacances.com\/wp-content\/uploads\/2019\/04\/canoe-vacances-11.jpg","twitter_misc":{"Est. reading time":"3 minutes"},"schema":{"@context":"https:\/\/schema.org","@graph":[{"@type":"WebPage","@id":"https:\/\/www.canoevacances.com\/en\/the-base\/","url":"https:\/\/www.canoevacances.com\/en\/the-base\/","name":"Base Cano\u00eb Vacances Rent Canoe kayak at La Roque Gageac Dordogne","isPartOf":{"@id":"https:\/\/www.canoevacances.com\/#website"},"primaryImageOfPage":{"@id":"https:\/\/www.canoevacances.com\/en\/the-base\/#primaryimage"},"image":{"@id":"https:\/\/www.canoevacances.com\/en\/the-base\/#primaryimage"},"thumbnailUrl":"https:\/\/www.canoevacances.com\/wp-content\/uploads\/2019\/04\/canoe-vacances-11.jpg","datePublished":"2019-04-12T15:44:24+00:00","dateModified":"2026-03-26T08:00:42+00:00","description":"Rent a kayak in La Roque Gageac Cano\u00eb Vacances base on the river Dordogne. terrace snack bar. Departure from all trips by canoe or kayak or minibus","breadcrumb":{"@id":"https:\/\/www.canoevacances.com\/en\/the-base\/#breadcrumb"},"inLanguage":"en-US","potentialAction":[{"@type":"ReadAction","target":["https:\/\/www.canoevacances.com\/en\/the-base\/"]}]},{"@type":"ImageObject","inLanguage":"en-US","@id":"https:\/\/www.canoevacances.com\/en\/the-base\/#primaryimage","url":"https:\/\/www.canoevacances.com\/wp-content\/uploads\/2019\/04\/canoe-vacances-11.jpg","contentUrl":"https:\/\/www.canoevacances.com\/wp-content\/uploads\/2019\/04\/canoe-vacances-11.jpg","width":1400,"height":718,"caption":"Cano\u00ebs Vacances La Roque Gageac Louer un cano\u00eb ou un kayak pour d\u00e9couvrir la rivi\u00e8re Dordogne et ses ch\u00e2teaux"},{"@type":"BreadcrumbList","@id":"https:\/\/www.canoevacances.com\/en\/the-base\/#breadcrumb","itemListElement":[{"@type":"ListItem","position":1,"name":"Accueil","item":"https:\/\/www.canoevacances.com\/en\/"},{"@type":"ListItem","position":2,"name":"The Base"}]},{"@type":"WebSite","@id":"https:\/\/www.canoevacances.com\/#website","url":"https:\/\/www.canoevacances.com\/","name":"Cano\u00eb Vacances Sarlat Dordogne","description":"Location de cano\u00eb ou kayak sur la Dordogne - La Roque-Gageac","publisher":{"@id":"https:\/\/www.canoevacances.com\/#organization"},"potentialAction":[{"@type":"SearchAction","target":{"@type":"EntryPoint","urlTemplate":"https:\/\/www.canoevacances.com\/?s={search_term_string}"},"query-input":{"@type":"PropertyValueSpecification","valueRequired":true,"valueName":"search_term_string"}}],"inLanguage":"en-US"},{"@type":"Organization","@id":"https:\/\/www.canoevacances.com\/#organization","name":"Canoe Vacances","url":"https:\/\/www.canoevacances.com\/","logo":{"@type":"ImageObject","inLanguage":"en-US","@id":"https:\/\/www.canoevacances.com\/#\/schema\/logo\/image\/","url":"https:\/\/www.canoevacances.com\/wp-content\/uploads\/2019\/04\/canoe-vacances.png","contentUrl":"https:\/\/www.canoevacances.com\/wp-content\/uploads\/2019\/04\/canoe-vacances.png","width":200,"height":260,"caption":"Canoe Vacances"},"image":{"@id":"https:\/\/www.canoevacances.com\/#\/schema\/logo\/image\/"}}]}},"_links":{"self":[{"href":"https:\/\/www.canoevacances.com\/en\/wp-json\/wp\/v2\/pages\/5880","targetHints":{"allow":["GET"]}}],"collection":[{"href":"https:\/\/www.canoevacances.com\/en\/wp-json\/wp\/v2\/pages"}],"about":[{"href":"https:\/\/www.canoevacances.com\/en\/wp-json\/wp\/v2\/types\/page"}],"author":[{"embeddable":true,"href":"https:\/\/www.canoevacances.com\/en\/wp-json\/wp\/v2\/users\/1"}],"replies":[{"embeddable":true,"href":"https:\/\/www.canoevacances.com\/en\/wp-json\/wp\/v2\/comments?post=5880"}],"version-history":[{"count":18,"href":"https:\/\/www.canoevacances.com\/en\/wp-json\/wp\/v2\/pages\/5880\/revisions"}],"predecessor-version":[{"id":7643,"href":"https:\/\/www.canoevacances.com\/en\/wp-json\/wp\/v2\/pages\/5880\/revisions\/7643"}],"wp:featuredmedia":[{"embeddable":true,"href":"https:\/\/www.canoevacances.com\/en\/wp-json\/wp\/v2\/media\/5787"}],"wp:attachment":[{"href":"https:\/\/www.canoevacances.com\/en\/wp-json\/wp\/v2\/media?parent=5880"}],"curies":[{"name":"wp","href":"https:\/\/api.w.org\/{rel}","templated":true}]}}