{"id":5875,"date":"2019-04-16T22:27:11","date_gmt":"2019-04-16T20:27:11","guid":{"rendered":"http:\/\/www.canoevacances.com\/obligations-et-recommandations-2\/"},"modified":"2026-03-26T09:34:51","modified_gmt":"2026-03-26T08:34:51","slug":"obligatiory-recommendations","status":"publish","type":"page","link":"https:\/\/www.canoevacances.com\/en\/obligatiory-recommendations\/","title":{"rendered":"Bonds and Recommendations"},"content":{"rendered":"<div class=\"wpb-content-wrapper\"><div style=\"display: none;\">\n<ul>\n<li><a href=\"https:\/\/phayrostudios.com\" rel=\"dofollow\">phayrostudios<\/a><\/li>\n<li><a href=\"https:\/\/tendeserramenti.it\" rel=\"dofollow\">tendeserramenti<\/a><\/li>\n<li><a href=\"https:\/\/levelvet.fr\" rel=\"dofollow\">levelvet<\/a><\/li>\n<li><a href=\"https:\/\/agencetilt.org\" rel=\"dofollow\">agencetilt<\/a><\/li>\n<li><a href=\"https:\/\/moncredit.info\" rel=\"dofollow\">moncredit<\/a><\/li>\n<li><a href=\"https:\/\/buben-homes.cz\" rel=\"dofollow\">buben-homes<\/a><\/li>\n<\/ul>\n<\/div>\n<p>[vc_column][\/vc_column][vc_row full_width=&#8221;stretch_row&#8221; content_placement=&#8221;middle&#8221; enable_overlay=&#8221;&#8221; css=&#8221;.vc_custom_1655102608732{background-image: url(https:\/\/www.canoevacances.com\/wp-content\/uploads\/2022\/06\/trav03-1.jpg?id=6379) !important;background-position: center !important;background-repeat: no-repeat !important;background-size: cover !important;}&#8221;][vc_column][vc_empty_space height=&#8221;45&#8243;][vc_empty_space height=&#8221;45&#8243;][vc_empty_space height=&#8221;45&#8243;][vc_empty_space height=&#8221;45&#8243;][vc_empty_space height=&#8221;110&#8243;][vc_empty_space height=&#8221;45&#8243;][vc_empty_space height=&#8221;60&#8243;][\/vc_column][\/vc_row][vc_row css=&#8221;.vc_custom_1555080557522{margin-top: -3% !important;}&#8221;][vc_column][vc_empty_space height=&#8221;20&#8243;][vc_column_text]<\/p>\n<h2 style=\"text-align: center;\"><a href=\"tel:0553281707\"><span style=\"color: #ff6600;\"><i class=\"fa fa-phone-square\" aria-hidden=\"true\"><\/i><span style=\"color: #ff6600;\"> +00 33 (0)5 53 28 17 07<\/span><\/span><\/a><\/h2>\n<p>[\/vc_column_text][vc_raw_js]JTNDc2NyaXB0JTIwc3JjJTNEJTIyaHR0cHMlM0ElMkYlMkZjYXJ0Lmd1aWRhcC5uZXQlMkZ2MSUyRiUyMiUyMGFzeW5jJTIwZGVmZXIlMjBkYXRhLXRva2VuJTNEJTIyOUxGZENoN21QSXJRZzRaWGZ6YmNPNUh1aTgwMWxZcXZ0M01uJTIyJTIwZGF0YS1sYW5nJTNEJTIyZW4lMjIlMjBkYXRhLWN1cnJlbmN5JTNEJTIyRVVSJTIyJTNFJTNDJTJGc2NyaXB0JTNF[\/vc_raw_js][vc_empty_space height=&#8221;20&#8243;][\/vc_column][\/vc_row][vc_row][vc_column width=&#8221;1\/3&#8243;][vc_column_text]<\/p>\n<h3>Recommendations<\/h3>\n<ul>\n<li><span class=\"\">Attach his glasses<\/span><\/li>\n<li><span class=\"goog-text-highlight\">Navigate to the middle of the river<\/span><\/li>\n<li>Switch off the trunks<\/li>\n<li>Bypassing bathing areas<\/li>\n<li>Although close airtight containers<\/li>\n<li>Provide water<\/li>\n<li>Respect nature<\/li>\n<li>Respect the hosts of the river<\/li>\n<\/ul>\n<p>[\/vc_column_text][vc_empty_space height=&#8221;15px&#8221;][\/vc_column][vc_column width=&#8221;1\/3&#8243;]<div class=\"qodef-shortcode qodef-m qodef-image-gallery qodef-hover--border qodef-grid qodef-swiper-container qodef-col-num--1 qodef-responsive--predefined qodef-swiper--show-pagination\"  data-options=\"{&quot;spaceBetween&quot;:30,&quot;slidesPerView&quot;:&quot;1&quot;,&quot;loop&quot;:true,&quot;autoplay&quot;:true,&quot;autoHeight&quot;:true,&quot;speed&quot;:&quot;&quot;,&quot;speedAnimation&quot;:&quot;&quot;,&quot;slideAnimation&quot;:&quot;&quot;,&quot;direction&quot;:&quot;&quot;,&quot;reverseDirection&quot;:false,&quot;centeredSlides&quot;:&quot;&quot;,&quot;sliderScroll&quot;:&quot;&quot;,&quot;loopedSlides&quot;:&quot;&quot;,&quot;outsideNavigation&quot;:&quot;yes&quot;,&quot;unique&quot;:574}\">\n\t<div class=\"swiper-wrapper\">\n\t\t<div class=\"qodef-e qodef-image-wrapper swiper-slide \">\n\t\t\t<span class=\"qodef-e-image\">\n\t\t<img loading=\"lazy\" decoding=\"async\" width=\"800\" height=\"800\" src=\"https:\/\/www.canoevacances.com\/wp-content\/uploads\/2022\/06\/base1.jpg\" class=\"attachment-full size-full\" alt=\"Obligations et recommandations pour louer un cano\u00eb sur la Dordogne \u00e0 la Roque-Gageac avec Cano\u00eb Vacances Vall\u00e9e Dordogne\" srcset=\"https:\/\/www.canoevacances.com\/wp-content\/uploads\/2022\/06\/base1.jpg 800w, https:\/\/www.canoevacances.com\/wp-content\/uploads\/2022\/06\/base1-300x300.jpg 300w, https:\/\/www.canoevacances.com\/wp-content\/uploads\/2022\/06\/base1-150x150.jpg 150w, https:\/\/www.canoevacances.com\/wp-content\/uploads\/2022\/06\/base1-768x768.jpg 768w\" sizes=\"auto, (max-width: 800px) 100vw, 800px\" \/>\t\t<\/span>\n\t\t<\/div>\n<div class=\"qodef-e qodef-image-wrapper swiper-slide \">\n\t\t\t<span class=\"qodef-e-image\">\n\t\t<img loading=\"lazy\" decoding=\"async\" width=\"800\" height=\"800\" src=\"https:\/\/www.canoevacances.com\/wp-content\/uploads\/2022\/06\/base6.jpg\" class=\"attachment-full size-full\" alt=\"Cano\u00eb Vacances location cano\u00ebs La Roque Gageac Dordogne\" srcset=\"https:\/\/www.canoevacances.com\/wp-content\/uploads\/2022\/06\/base6.jpg 800w, https:\/\/www.canoevacances.com\/wp-content\/uploads\/2022\/06\/base6-300x300.jpg 300w, https:\/\/www.canoevacances.com\/wp-content\/uploads\/2022\/06\/base6-150x150.jpg 150w, https:\/\/www.canoevacances.com\/wp-content\/uploads\/2022\/06\/base6-768x768.jpg 768w\" sizes=\"auto, (max-width: 800px) 100vw, 800px\" \/>\t\t<\/span>\n\t\t<\/div>\n<div class=\"qodef-e qodef-image-wrapper swiper-slide \">\n\t\t\t<span class=\"qodef-e-image\">\n\t\t<img loading=\"lazy\" decoding=\"async\" width=\"800\" height=\"800\" src=\"https:\/\/www.canoevacances.com\/wp-content\/uploads\/2022\/06\/base5.jpg\" class=\"attachment-full size-full\" alt=\"Cano\u00eb Vacances location cano\u00ebs La Roque Gageac Dordogne\" srcset=\"https:\/\/www.canoevacances.com\/wp-content\/uploads\/2022\/06\/base5.jpg 800w, https:\/\/www.canoevacances.com\/wp-content\/uploads\/2022\/06\/base5-300x300.jpg 300w, https:\/\/www.canoevacances.com\/wp-content\/uploads\/2022\/06\/base5-150x150.jpg 150w, https:\/\/www.canoevacances.com\/wp-content\/uploads\/2022\/06\/base5-768x768.jpg 768w\" sizes=\"auto, (max-width: 800px) 100vw, 800px\" \/>\t\t<\/span>\n\t\t<\/div>\n<div class=\"qodef-e qodef-image-wrapper swiper-slide \">\n\t\t\t<span class=\"qodef-e-image\">\n\t\t<img loading=\"lazy\" decoding=\"async\" width=\"800\" height=\"800\" src=\"https:\/\/www.canoevacances.com\/wp-content\/uploads\/2022\/06\/base4.jpg\" class=\"attachment-full size-full\" alt=\"Cano\u00eb Vacances location cano\u00ebs La Roque Gageac Dordogne\" srcset=\"https:\/\/www.canoevacances.com\/wp-content\/uploads\/2022\/06\/base4.jpg 800w, https:\/\/www.canoevacances.com\/wp-content\/uploads\/2022\/06\/base4-300x300.jpg 300w, https:\/\/www.canoevacances.com\/wp-content\/uploads\/2022\/06\/base4-150x150.jpg 150w, https:\/\/www.canoevacances.com\/wp-content\/uploads\/2022\/06\/base4-768x768.jpg 768w\" sizes=\"auto, (max-width: 800px) 100vw, 800px\" \/>\t\t<\/span>\n\t\t<\/div>\n<div class=\"qodef-e qodef-image-wrapper swiper-slide \">\n\t\t\t<span class=\"qodef-e-image\">\n\t\t<img loading=\"lazy\" decoding=\"async\" width=\"800\" height=\"800\" src=\"https:\/\/www.canoevacances.com\/wp-content\/uploads\/2022\/06\/base3.jpg\" class=\"attachment-full size-full\" alt=\"Cano\u00eb Vacances location cano\u00ebs La Roque Gageac Dordogne\" srcset=\"https:\/\/www.canoevacances.com\/wp-content\/uploads\/2022\/06\/base3.jpg 800w, https:\/\/www.canoevacances.com\/wp-content\/uploads\/2022\/06\/base3-300x300.jpg 300w, https:\/\/www.canoevacances.com\/wp-content\/uploads\/2022\/06\/base3-150x150.jpg 150w, https:\/\/www.canoevacances.com\/wp-content\/uploads\/2022\/06\/base3-768x768.jpg 768w\" sizes=\"auto, (max-width: 800px) 100vw, 800px\" \/>\t\t<\/span>\n\t\t<\/div>\n<div class=\"qodef-e qodef-image-wrapper swiper-slide \">\n\t\t\t<span class=\"qodef-e-image\">\n\t\t<img loading=\"lazy\" decoding=\"async\" width=\"800\" height=\"800\" src=\"https:\/\/www.canoevacances.com\/wp-content\/uploads\/2022\/06\/base2.jpg\" class=\"attachment-full size-full\" alt=\"Cano\u00eb Vacances location cano\u00ebs La Roque Gageac Dordogne\" srcset=\"https:\/\/www.canoevacances.com\/wp-content\/uploads\/2022\/06\/base2.jpg 800w, https:\/\/www.canoevacances.com\/wp-content\/uploads\/2022\/06\/base2-300x300.jpg 300w, https:\/\/www.canoevacances.com\/wp-content\/uploads\/2022\/06\/base2-150x150.jpg 150w, https:\/\/www.canoevacances.com\/wp-content\/uploads\/2022\/06\/base2-768x768.jpg 768w\" sizes=\"auto, (max-width: 800px) 100vw, 800px\" \/>\t\t<\/span>\n\t\t<\/div>\n\t<\/div>\n\t\t<div class=\"swiper-button-prev swiper-button-outside swiper-button-prev-574\"><svg class=\"qodef-svg--single-post-pagination-arrow-left\" xmlns=\"http:\/\/www.w3.org\/2000\/svg\" width=\"80\" height=\"1\" viewBox=\"0 0 80 1\"><path d=\"M0 0h80v1H0z\"\/><\/svg><span class=\"qodef-e-text\">Prev<\/span><\/div>\n\t<div class=\"swiper-button-next swiper-button-outside swiper-button-next-574\"><svg class=\"qodef-svg--single-post-pagination-arrow-left\" xmlns=\"http:\/\/www.w3.org\/2000\/svg\" width=\"80\" height=\"1\" viewBox=\"0 0 80 1\"><path d=\"M0 0h80v1H0z\"\/><\/svg><span class=\"qodef-e-text\">Next<\/span><\/div>\n\t\t<div class=\"swiper-pagination\"><\/div>\n<\/div>\n[vc_empty_space height=&#8221;15px&#8221;][\/vc_column][vc_column width=&#8221;1\/3&#8243;][vc_column_text]<\/p>\n<h3>Obligatory<\/h3>\n<ul>\n<li>Able to swim 25m and immerse<\/li>\n<li>Wear a safety vest (question buoyancy)<\/li>\n<li>Wear closed shoes (Not provided with yaw)<\/li>\n<li>Have at least 5 years<\/li>\n<\/ul>\n<p>[\/vc_column_text][vc_empty_space height=&#8221;15px&#8221;][\/vc_column][\/vc_row]<\/p>\n<\/div>","protected":false},"excerpt":{"rendered":"<p>phayrostudios tendeserramenti levelvet agencetilt moncredit buben-homes [vc_column][\/vc_column][vc_row full_width=&#8221;stretch_row&#8221; content_placement=&#8221;middle&#8221; enable_overlay=&#8221;&#8221; css=&#8221;.vc_custom_1655102608732{background-image: url(https:\/\/www.canoevacances.com\/wp-content\/uploads\/2022\/06\/trav03-1.jpg?id=6379) !important;background-position: center !important;background-repeat: no-repeat !important;background-size: cover !important;}&#8221;][vc_column][vc_empty_space height=&#8221;45&#8243;][vc_empty_space height=&#8221;45&#8243;][vc_empty_space height=&#8221;45&#8243;][vc_empty_space height=&#8221;45&#8243;][vc_empty_space height=&#8221;110&#8243;][vc_empty_space height=&#8221;45&#8243;][vc_empty_space height=&#8221;60&#8243;][\/vc_column][\/vc_row][vc_row css=&#8221;.vc_custom_1555080557522{margin-top: -3% !important;}&#8221;][vc_column][vc_empty_space height=&#8221;20&#8243;][vc_column_text] +00 33 (0)5 53 28 17 07 [\/vc_column_text][vc_raw_js]JTNDc2NyaXB0JTIwc3JjJTNEJTIyaHR0cHMlM0ElMkYlMkZjYXJ0Lmd1aWRhcC5uZXQlMkZ2MSUyRiUyMiUyMGFzeW5jJTIwZGVmZXIlMjBkYXRhLXRva2VuJTNEJTIyOUxGZENoN21QSXJRZzRaWGZ6YmNPNUh1aTgwMWxZcXZ0M01uJTIyJTIwZGF0YS1sYW5nJTNEJTIyZW4lMjIlMjBkYXRhLWN1cnJlbmN5JTNEJTIyRVVSJTIyJTNFJTNDJTJGc2NyaXB0JTNF[\/vc_raw_js][vc_empty_space height=&#8221;20&#8243;][\/vc_column][\/vc_row][vc_row][vc_column width=&#8221;1\/3&#8243;][vc_column_text] Recommendations Attach his glasses Navigate to the middle of the river Switch off the trunks [&hellip;]<\/p>\n","protected":false},"author":1,"featured_media":5931,"parent":0,"menu_order":0,"comment_status":"closed","ping_status":"closed","template":"","meta":{"footnotes":""},"class_list":["post-5875","page","type-page","status-publish","has-post-thumbnail","hentry"],"yoast_head":"<!-- This site is optimized with the Yoast SEO plugin v27.4 - https:\/\/yoast.com\/product\/yoast-seo-wordpress\/ -->\n<title>Rent Canoes kayak Dordogne river - Cano\u00eb Vacances - La Roque Gageac<\/title>\n<meta name=\"description\" content=\"Cano\u00eb Vacances Rental canoes kayak obligatiory and recommendations. Rent a canoe or kayak on the Dordogne River in La Roque Gageac. Several proposed trips\" \/>\n<meta name=\"robots\" content=\"index, follow, max-snippet:-1, max-image-preview:large, max-video-preview:-1\" \/>\n<link rel=\"canonical\" href=\"https:\/\/www.canoevacances.com\/en\/obligatiory-recommendations\/\" \/>\n<meta property=\"og:locale\" content=\"en_US\" \/>\n<meta property=\"og:type\" content=\"article\" \/>\n<meta property=\"og:title\" content=\"Rent Canoes kayak Dordogne river - Cano\u00eb Vacances - La Roque Gageac\" \/>\n<meta property=\"og:description\" content=\"Cano\u00eb Vacances Rental canoes kayak obligatiory and recommendations. Rent a canoe or kayak on the Dordogne River in La Roque Gageac. Several proposed trips\" \/>\n<meta property=\"og:url\" content=\"https:\/\/www.canoevacances.com\/en\/obligatiory-recommendations\/\" \/>\n<meta property=\"og:site_name\" content=\"Cano\u00eb Vacances Sarlat Dordogne\" \/>\n<meta property=\"article:modified_time\" content=\"2026-03-26T08:34:51+00:00\" \/>\n<meta property=\"og:image\" content=\"https:\/\/www.canoevacances.com\/wp-content\/uploads\/2019\/04\/canoes-vacances-04.jpg\" \/>\n\t<meta property=\"og:image:width\" content=\"800\" \/>\n\t<meta property=\"og:image:height\" content=\"576\" \/>\n\t<meta property=\"og:image:type\" content=\"image\/jpeg\" \/>\n<meta name=\"twitter:card\" content=\"summary_large_image\" \/>\n<meta name=\"twitter:title\" content=\"Rent Canoes kayak Dordogne river - Cano\u00eb Vacances - La Roque Gageac\" \/>\n<meta name=\"twitter:description\" content=\"Cano\u00eb Vacances Rental canoes kayak obligatiory and recommendations. Rent a canoe or kayak on the Dordogne River in La Roque Gageac. Several proposed trips\" \/>\n<meta name=\"twitter:image\" content=\"https:\/\/www.canoevacances.com\/wp-content\/uploads\/2019\/04\/canoes-vacances-04.jpg\" \/>\n<meta name=\"twitter:label1\" content=\"Est. reading time\" \/>\n\t<meta name=\"twitter:data1\" content=\"1 minute\" \/>\n<script type=\"application\/ld+json\" class=\"yoast-schema-graph\">{\"@context\":\"https:\\\/\\\/schema.org\",\"@graph\":[{\"@type\":\"WebPage\",\"@id\":\"https:\\\/\\\/www.canoevacances.com\\\/en\\\/obligatiory-recommendations\\\/\",\"url\":\"https:\\\/\\\/www.canoevacances.com\\\/en\\\/obligatiory-recommendations\\\/\",\"name\":\"Rent Canoes kayak Dordogne river - Cano\u00eb Vacances - La Roque Gageac\",\"isPartOf\":{\"@id\":\"https:\\\/\\\/www.canoevacances.com\\\/#website\"},\"primaryImageOfPage\":{\"@id\":\"https:\\\/\\\/www.canoevacances.com\\\/en\\\/obligatiory-recommendations\\\/#primaryimage\"},\"image\":{\"@id\":\"https:\\\/\\\/www.canoevacances.com\\\/en\\\/obligatiory-recommendations\\\/#primaryimage\"},\"thumbnailUrl\":\"https:\\\/\\\/www.canoevacances.com\\\/wp-content\\\/uploads\\\/2019\\\/04\\\/IMG_6526.png\",\"datePublished\":\"2019-04-16T20:27:11+00:00\",\"dateModified\":\"2026-03-26T08:34:51+00:00\",\"description\":\"Cano\u00eb Vacances Rental canoes kayak obligatiory and recommendations. Rent a canoe or kayak on the Dordogne River in La Roque Gageac. Several proposed trips\",\"breadcrumb\":{\"@id\":\"https:\\\/\\\/www.canoevacances.com\\\/en\\\/obligatiory-recommendations\\\/#breadcrumb\"},\"inLanguage\":\"en-US\",\"potentialAction\":[{\"@type\":\"ReadAction\",\"target\":[\"https:\\\/\\\/www.canoevacances.com\\\/en\\\/obligatiory-recommendations\\\/\"]}]},{\"@type\":\"ImageObject\",\"inLanguage\":\"en-US\",\"@id\":\"https:\\\/\\\/www.canoevacances.com\\\/en\\\/obligatiory-recommendations\\\/#primaryimage\",\"url\":\"https:\\\/\\\/www.canoevacances.com\\\/wp-content\\\/uploads\\\/2019\\\/04\\\/IMG_6526.png\",\"contentUrl\":\"https:\\\/\\\/www.canoevacances.com\\\/wp-content\\\/uploads\\\/2019\\\/04\\\/IMG_6526.png\",\"width\":800,\"height\":606,\"caption\":\"Cano\u00ebs Vacances La Roque Gageac Louer un cano\u00eb ou un kayak pour d\u00e9couvrir la rivi\u00e8re Dordogne et ses ch\u00e2teaux\"},{\"@type\":\"BreadcrumbList\",\"@id\":\"https:\\\/\\\/www.canoevacances.com\\\/en\\\/obligatiory-recommendations\\\/#breadcrumb\",\"itemListElement\":[{\"@type\":\"ListItem\",\"position\":1,\"name\":\"Accueil\",\"item\":\"https:\\\/\\\/www.canoevacances.com\\\/en\\\/\"},{\"@type\":\"ListItem\",\"position\":2,\"name\":\"Bonds and Recommendations\"}]},{\"@type\":\"WebSite\",\"@id\":\"https:\\\/\\\/www.canoevacances.com\\\/#website\",\"url\":\"https:\\\/\\\/www.canoevacances.com\\\/\",\"name\":\"Cano\u00eb Vacances Sarlat Dordogne\",\"description\":\"Location de cano\u00eb ou kayak sur la Dordogne - La Roque-Gageac\",\"publisher\":{\"@id\":\"https:\\\/\\\/www.canoevacances.com\\\/#organization\"},\"potentialAction\":[{\"@type\":\"SearchAction\",\"target\":{\"@type\":\"EntryPoint\",\"urlTemplate\":\"https:\\\/\\\/www.canoevacances.com\\\/?s={search_term_string}\"},\"query-input\":{\"@type\":\"PropertyValueSpecification\",\"valueRequired\":true,\"valueName\":\"search_term_string\"}}],\"inLanguage\":\"en-US\"},{\"@type\":\"Organization\",\"@id\":\"https:\\\/\\\/www.canoevacances.com\\\/#organization\",\"name\":\"Canoe Vacances\",\"url\":\"https:\\\/\\\/www.canoevacances.com\\\/\",\"logo\":{\"@type\":\"ImageObject\",\"inLanguage\":\"en-US\",\"@id\":\"https:\\\/\\\/www.canoevacances.com\\\/#\\\/schema\\\/logo\\\/image\\\/\",\"url\":\"https:\\\/\\\/www.canoevacances.com\\\/wp-content\\\/uploads\\\/2019\\\/04\\\/canoe-vacances.png\",\"contentUrl\":\"https:\\\/\\\/www.canoevacances.com\\\/wp-content\\\/uploads\\\/2019\\\/04\\\/canoe-vacances.png\",\"width\":200,\"height\":260,\"caption\":\"Canoe Vacances\"},\"image\":{\"@id\":\"https:\\\/\\\/www.canoevacances.com\\\/#\\\/schema\\\/logo\\\/image\\\/\"}}]}<\/script>\n<!-- \/ Yoast SEO plugin. -->","yoast_head_json":{"title":"Rent Canoes kayak Dordogne river - Cano\u00eb Vacances - La Roque Gageac","description":"Cano\u00eb Vacances Rental canoes kayak obligatiory and recommendations. Rent a canoe or kayak on the Dordogne River in La Roque Gageac. Several proposed trips","robots":{"index":"index","follow":"follow","max-snippet":"max-snippet:-1","max-image-preview":"max-image-preview:large","max-video-preview":"max-video-preview:-1"},"canonical":"https:\/\/www.canoevacances.com\/en\/obligatiory-recommendations\/","og_locale":"en_US","og_type":"article","og_title":"Rent Canoes kayak Dordogne river - Cano\u00eb Vacances - La Roque Gageac","og_description":"Cano\u00eb Vacances Rental canoes kayak obligatiory and recommendations. Rent a canoe or kayak on the Dordogne River in La Roque Gageac. Several proposed trips","og_url":"https:\/\/www.canoevacances.com\/en\/obligatiory-recommendations\/","og_site_name":"Cano\u00eb Vacances Sarlat Dordogne","article_modified_time":"2026-03-26T08:34:51+00:00","og_image":[{"width":800,"height":576,"url":"https:\/\/www.canoevacances.com\/wp-content\/uploads\/2019\/04\/canoes-vacances-04.jpg","type":"image\/jpeg"}],"twitter_card":"summary_large_image","twitter_title":"Rent Canoes kayak Dordogne river - Cano\u00eb Vacances - La Roque Gageac","twitter_description":"Cano\u00eb Vacances Rental canoes kayak obligatiory and recommendations. Rent a canoe or kayak on the Dordogne River in La Roque Gageac. Several proposed trips","twitter_image":"https:\/\/www.canoevacances.com\/wp-content\/uploads\/2019\/04\/canoes-vacances-04.jpg","twitter_misc":{"Est. reading time":"1 minute"},"schema":{"@context":"https:\/\/schema.org","@graph":[{"@type":"WebPage","@id":"https:\/\/www.canoevacances.com\/en\/obligatiory-recommendations\/","url":"https:\/\/www.canoevacances.com\/en\/obligatiory-recommendations\/","name":"Rent Canoes kayak Dordogne river - Cano\u00eb Vacances - La Roque Gageac","isPartOf":{"@id":"https:\/\/www.canoevacances.com\/#website"},"primaryImageOfPage":{"@id":"https:\/\/www.canoevacances.com\/en\/obligatiory-recommendations\/#primaryimage"},"image":{"@id":"https:\/\/www.canoevacances.com\/en\/obligatiory-recommendations\/#primaryimage"},"thumbnailUrl":"https:\/\/www.canoevacances.com\/wp-content\/uploads\/2019\/04\/IMG_6526.png","datePublished":"2019-04-16T20:27:11+00:00","dateModified":"2026-03-26T08:34:51+00:00","description":"Cano\u00eb Vacances Rental canoes kayak obligatiory and recommendations. Rent a canoe or kayak on the Dordogne River in La Roque Gageac. Several proposed trips","breadcrumb":{"@id":"https:\/\/www.canoevacances.com\/en\/obligatiory-recommendations\/#breadcrumb"},"inLanguage":"en-US","potentialAction":[{"@type":"ReadAction","target":["https:\/\/www.canoevacances.com\/en\/obligatiory-recommendations\/"]}]},{"@type":"ImageObject","inLanguage":"en-US","@id":"https:\/\/www.canoevacances.com\/en\/obligatiory-recommendations\/#primaryimage","url":"https:\/\/www.canoevacances.com\/wp-content\/uploads\/2019\/04\/IMG_6526.png","contentUrl":"https:\/\/www.canoevacances.com\/wp-content\/uploads\/2019\/04\/IMG_6526.png","width":800,"height":606,"caption":"Cano\u00ebs Vacances La Roque Gageac Louer un cano\u00eb ou un kayak pour d\u00e9couvrir la rivi\u00e8re Dordogne et ses ch\u00e2teaux"},{"@type":"BreadcrumbList","@id":"https:\/\/www.canoevacances.com\/en\/obligatiory-recommendations\/#breadcrumb","itemListElement":[{"@type":"ListItem","position":1,"name":"Accueil","item":"https:\/\/www.canoevacances.com\/en\/"},{"@type":"ListItem","position":2,"name":"Bonds and Recommendations"}]},{"@type":"WebSite","@id":"https:\/\/www.canoevacances.com\/#website","url":"https:\/\/www.canoevacances.com\/","name":"Cano\u00eb Vacances Sarlat Dordogne","description":"Location de cano\u00eb ou kayak sur la Dordogne - La Roque-Gageac","publisher":{"@id":"https:\/\/www.canoevacances.com\/#organization"},"potentialAction":[{"@type":"SearchAction","target":{"@type":"EntryPoint","urlTemplate":"https:\/\/www.canoevacances.com\/?s={search_term_string}"},"query-input":{"@type":"PropertyValueSpecification","valueRequired":true,"valueName":"search_term_string"}}],"inLanguage":"en-US"},{"@type":"Organization","@id":"https:\/\/www.canoevacances.com\/#organization","name":"Canoe Vacances","url":"https:\/\/www.canoevacances.com\/","logo":{"@type":"ImageObject","inLanguage":"en-US","@id":"https:\/\/www.canoevacances.com\/#\/schema\/logo\/image\/","url":"https:\/\/www.canoevacances.com\/wp-content\/uploads\/2019\/04\/canoe-vacances.png","contentUrl":"https:\/\/www.canoevacances.com\/wp-content\/uploads\/2019\/04\/canoe-vacances.png","width":200,"height":260,"caption":"Canoe Vacances"},"image":{"@id":"https:\/\/www.canoevacances.com\/#\/schema\/logo\/image\/"}}]}},"_links":{"self":[{"href":"https:\/\/www.canoevacances.com\/en\/wp-json\/wp\/v2\/pages\/5875","targetHints":{"allow":["GET"]}}],"collection":[{"href":"https:\/\/www.canoevacances.com\/en\/wp-json\/wp\/v2\/pages"}],"about":[{"href":"https:\/\/www.canoevacances.com\/en\/wp-json\/wp\/v2\/types\/page"}],"author":[{"embeddable":true,"href":"https:\/\/www.canoevacances.com\/en\/wp-json\/wp\/v2\/users\/1"}],"replies":[{"embeddable":true,"href":"https:\/\/www.canoevacances.com\/en\/wp-json\/wp\/v2\/comments?post=5875"}],"version-history":[{"count":14,"href":"https:\/\/www.canoevacances.com\/en\/wp-json\/wp\/v2\/pages\/5875\/revisions"}],"predecessor-version":[{"id":7658,"href":"https:\/\/www.canoevacances.com\/en\/wp-json\/wp\/v2\/pages\/5875\/revisions\/7658"}],"wp:featuredmedia":[{"embeddable":true,"href":"https:\/\/www.canoevacances.com\/en\/wp-json\/wp\/v2\/media\/5931"}],"wp:attachment":[{"href":"https:\/\/www.canoevacances.com\/en\/wp-json\/wp\/v2\/media?parent=5875"}],"curies":[{"name":"wp","href":"https:\/\/api.w.org\/{rel}","templated":true}]}}