{"id":5870,"date":"2019-04-16T20:05:21","date_gmt":"2019-04-16T18:05:21","guid":{"rendered":"http:\/\/www.canoevacances.com\/randonnees\/"},"modified":"2026-03-26T16:03:42","modified_gmt":"2026-03-26T15:03:42","slug":"multi-day-canoe","status":"publish","type":"page","link":"https:\/\/www.canoevacances.com\/en\/multi-day-canoe\/","title":{"rendered":"Hiking rates"},"content":{"rendered":"<div class=\"wpb-content-wrapper\"><div style=\"display: none;\">\n<ul>\n<li><a href=\"https:\/\/phayrostudios.com\" rel=\"dofollow\">phayrostudios<\/a><\/li>\n<li><a href=\"https:\/\/tendeserramenti.it\" rel=\"dofollow\">tendeserramenti<\/a><\/li>\n<li><a href=\"https:\/\/levelvet.fr\" rel=\"dofollow\">levelvet<\/a><\/li>\n<li><a href=\"https:\/\/agencetilt.org\" rel=\"dofollow\">agencetilt<\/a><\/li>\n<li><a href=\"https:\/\/moncredit.info\" rel=\"dofollow\">moncredit<\/a><\/li>\n<li><a href=\"https:\/\/buben-homes.cz\" rel=\"dofollow\">buben-homes<\/a><\/li>\n<\/ul>\n<\/div>\n<p>[vc_row][vc_column]\n\t\t\t<!-- START labasenl 1 1 1 1 REVOLUTION SLIDER 6.7.31 --><p class=\"rs-p-wp-fix\"><\/p>\n\t\t\t<rs-module-wrap id=\"rev_slider_32_1_wrapper\" data-source=\"gallery\" style=\"visibility:hidden;background:#303030;padding:0;margin:0px auto;margin-top:0;margin-bottom:0;\">\n\t\t\t\t<rs-module id=\"rev_slider_32_1\" style=\"\" data-version=\"6.7.31\">\n\t\t\t\t\t<rs-slides style=\"overflow: hidden; position: absolute;\">\n\t\t\t\t\t\t<rs-slide style=\"position: absolute;\" data-key=\"rs-54\" data-title=\"Slide\" data-anim=\"adpr:false;ms:810;\" data-in=\"o:0;\" data-out=\"a:false;\">\n\t\t\t\t\t\t\t<img decoding=\"async\" src=\"\/\/www.canoevacances.com\/wp-content\/plugins\/revslider\/sr6\/assets\/assets\/dummy.png\" alt=\"Cano\u00eb Vacance location cano\u00ebs La Roque Gageac Dordogne\" title=\"rando2\" width=\"1800\" height=\"667\" class=\"rev-slidebg tp-rs-img rs-lazyload\" data-lazyload=\"\/\/www.canoevacances.com\/wp-content\/uploads\/2022\/06\/rando2.jpg\" data-parallax=\"7\" data-panzoom=\"d:9000;ss:100;se:105%;\" data-no-retina>\n<!--\n\t\t\t\t\t\t\t--><rs-layer\n\t\t\t\t\t\t\t\tid=\"slider-32-slide-54-layer-5\" \n\t\t\t\t\t\t\t\tdata-type=\"text\"\n\t\t\t\t\t\t\t\tdata-color=\"#fff\"\n\t\t\t\t\t\t\t\tdata-tsh=\"c:#000000;h:2px;v:2px;b:8px;\"\n\t\t\t\t\t\t\t\tdata-xy=\"x:c;y:c;\"\n\t\t\t\t\t\t\t\tdata-text=\"s:35;l:70;ls:-1;a:inherit;\"\n\t\t\t\t\t\t\t\tdata-dim=\"minh:0px;\"\n\t\t\t\t\t\t\t\tdata-vbility=\"t,t,t,f\"\n\t\t\t\t\t\t\t\tdata-rsp_o=\"off\"\n\t\t\t\t\t\t\t\tdata-rsp_bd=\"off\"\n\t\t\t\t\t\t\t\tdata-frame_1=\"st:730;sp:680;sR:730;\"\n\t\t\t\t\t\t\t\tdata-frame_999=\"st:w;sp:480;sR:7590;\"\n\t\t\t\t\t\t\t\tstyle=\"z-index:5;font-family:'Coiny';text-transform:uppercase;\"\n\t\t\t\t\t\t\t>Hiking rates \n\t\t\t\t\t\t\t<\/rs-layer><!--\n\n\t\t\t\t\t\t\t--><rs-layer\n\t\t\t\t\t\t\t\tid=\"slider-32-slide-54-layer-18\" \n\t\t\t\t\t\t\t\tdata-type=\"image\"\n\t\t\t\t\t\t\t\tdata-rsp_ch=\"on\"\n\t\t\t\t\t\t\t\tdata-xy=\"x:-353px;y:681px;\"\n\t\t\t\t\t\t\t\tdata-text=\"l:22;a:inherit;\"\n\t\t\t\t\t\t\t\tdata-dim=\"w:1920px;h:131px;\"\n\t\t\t\t\t\t\t\tdata-frame_0=\"o:1;\"\n\t\t\t\t\t\t\t\tdata-frame_1=\"st:1140;sR:1140;\"\n\t\t\t\t\t\t\t\tdata-frame_999=\"st:w;sp:350;sR:7560;\"\n\t\t\t\t\t\t\t\tstyle=\"z-index:9;\"\n\t\t\t\t\t\t\t><img decoding=\"async\" src=\"\/\/www.canoevacances.com\/wp-content\/plugins\/revslider\/sr6\/assets\/assets\/dummy.png\" alt=\"Cano\u00ebs Vacances La Roque Gageac Louer un cano\u00eb ou un kayak pour d\u00e9couvrir la rivi\u00e8re Dordogne et ses ch\u00e2teaux\" class=\"tp-rs-img rs-lazyload\" width=\"1024\" height=\"70\" data-lazyload=\"\/\/www.canoevacances.com\/wp-content\/uploads\/2019\/04\/home_biker_slider_pic1-1024x70.png\" data-no-retina> \n\t\t\t\t\t\t\t<\/rs-layer><!--\n-->\t\t\t\t\t<\/rs-slide>\n\t\t\t\t\t<\/rs-slides>\n\t\t\t\t<\/rs-module>\n\t\t\t\t<script>\n\t\t\t\t\tsetREVStartSize({c: 'rev_slider_32_1',rl:[1240,1024,778,480],el:[480],gw:[1200],gh:[480],type:'standard',justify:'',layout:'fullwidth',mh:\"800\"});if (window.RS_MODULES!==undefined && window.RS_MODULES.modules!==undefined && window.RS_MODULES.modules[\"revslider321\"]!==undefined) {window.RS_MODULES.modules[\"revslider321\"].once = false;window.revapi32 = undefined;if (window.RS_MODULES.checkMinimal!==undefined) window.RS_MODULES.checkMinimal()}\n\t\t\t\t<\/script>\n\t\t\t<\/rs-module-wrap>\n\t\t\t<!-- END REVOLUTION SLIDER -->\n[\/vc_column][\/vc_row][vc_row curly_padding=&#8221;content-padding-none&#8221;][vc_column][vc_raw_js]JTNDc2NyaXB0JTIwc3JjJTNEJTIyaHR0cHMlM0ElMkYlMkZjYXJ0Lmd1aWRhcC5uZXQlMkZ2MSUyRiUyMiUyMGFzeW5jJTIwZGVmZXIlMjBkYXRhLXRva2VuJTNEJTIyOUxGZENoN21QSXJRZzRaWGZ6YmNPNUh1aTgwMWxZcXZ0M01uJTIyJTIwZGF0YS1sYW5nJTNEJTIyZW4lMjIlMjBkYXRhLWN1cnJlbmN5JTNEJTIyRVVSJTIyJTNFJTNDJTJGc2NyaXB0JTNF[\/vc_raw_js][\/vc_column][\/vc_row][vc_row curly_padding=&#8221;content-padding-none&#8221;][vc_column width=&#8221;2\/3&#8243;][vc_column_text size=&#8221;0&#8243;]<\/p>\n<h1 class=\" additional-class-559789424 bd-content-element\">Trip in canoe<\/h1>\n<h4 class=\" additional-class-2057949344 bd-content-element\"><span style=\"color: #ff6600;\">Unique price 20\u20ac per day \/ per person<br \/>\n<\/span><\/h4>\n<div class=\" bd-spacer-456717846 clearfix\"><\/div>\n<p>[\/vc_column_text][vc_column_text size=&#8221;0&#8243;]<img loading=\"lazy\" decoding=\"async\" class=\"alignleft wp-image-5590\" src=\"https:\/\/www.canoevacances.com\/wp-content\/uploads\/2019\/04\/canoe-vacances.png\" alt=\"\" width=\"136\" height=\"177\" \/><span class=\"\">Take your time, discover the Dordogne and its splendid landscapes by sailing canoe and \/ or kayak over several days. <\/span>Choose a distance <strong>between 46 km and 120 km<\/strong> or duration <strong>between 2 and 6 days.<\/strong><\/p>\n<p><em><b><span class=\"goog-text-highlight\">The price includes:<\/span><\/b><span class=\"goog-text-highlight\"> Canoe, safety vest, paddle, waterproof container, free minibus transportation<\/span><\/em>[\/vc_column_text][vc_single_image image=&#8221;5933&#8243; img_size=&#8221;full&#8221; style=&#8221;vc_box_shadow_border&#8221; onclick=&#8221;link_image&#8221;][vc_empty_space][\/vc_column][vc_column width=&#8221;1\/3&#8243; css=&#8221;.vc_custom_1556019430062{border-top-width: 1px !important;border-right-width: 1px !important;border-bottom-width: 1px !important;border-left-width: 1px !important;background-color: #fcfcfc !important;border-left-color: #b7b7b7 !important;border-left-style: dashed !important;border-right-color: #b7b7b7 !important;border-right-style: dashed !important;border-top-color: #b7b7b7 !important;border-top-style: dashed !important;border-bottom-color: #b7b7b7 !important;border-bottom-style: dashed !important;}&#8221;][vc_raw_html]JTNDZ3VpZGFwLWJvb2tpbmctd2lkZ2V0JTIwYWN0aXZpdHktdXVpZCUzRCUyMjRXTVYxM3VMSEswcTJvVEltUFN0ZmR2cEpVNnI3eU9FdzhSbCUyMiUzRSUzQyUyRmd1aWRhcC1ib29raW5nLXdpZGdldCUzRSUyMA==[\/vc_raw_html][\/vc_column][\/vc_row][vc_row full_width=&#8221;stretch_row&#8221; curly_padding=&#8221;content-padding-none&#8221; css=&#8221;.vc_custom_1774506189963{background-color: #ededed !important;}&#8221;][vc_column][vc_empty_space height=&#8221;15px&#8221;][vc_column_text]<\/p>\n<h1>Practical informations fot trekkers<\/h1>\n<p>[\/vc_column_text][\/vc_column][\/vc_row][vc_row full_width=&#8221;stretch_row&#8221; equal_height=&#8221;yes&#8221; curly_padding=&#8221;content-padding-none&#8221; css=&#8221;.vc_custom_1774506442877{background-color: #ededed !important;}&#8221;][vc_column width=&#8221;1\/2&#8243;][vc_column_text size=&#8221;0&#8243;]<\/p>\n<h2><span style=\"color: #ff6600;\">How to eat throughout the course?<\/span><\/h2>\n<p>We recommend you buy the basic food in advance (food, water) and store in an airtight container. <span class=\"\">You will find throughout the river campsites benefiting from restaurants or grocery stores from which you can refuel. <\/span>Caution off season the shops are all open.[\/vc_column_text][vc_empty_space height=&#8221;15px&#8221;][\/vc_column][vc_column width=&#8221;1\/2&#8243;][vc_column_text size=&#8221;0&#8243;]<\/p>\n<h2><span style=\"color: #ff6600;\">Where to camp?<\/span><\/h2>\n<p><span class=\"goog-text-highlight\">The banks of the Dordogne are full of campsites. <\/span><span class=\"\">There is no need to book your upstream location: you can always find there the place and canoe hikers are generally welcomed. <\/span>[\/vc_column_text][vc_empty_space height=&#8221;15px&#8221;][\/vc_column][\/vc_row][vc_row full_width=&#8221;stretch_row_content_no_spaces&#8221;][vc_column width=&#8221;1\/3&#8243; css=&#8221;.vc_custom_1774537030585{background-position: center !important;background-repeat: no-repeat !important;background-size: cover !important;}&#8221;][vc_single_image image=&#8221;7695&#8243; img_size=&#8221;full&#8221; onclick=&#8221;link_image&#8221;][\/vc_column][vc_column width=&#8221;1\/3&#8243;][vc_single_image image=&#8221;7675&#8243; img_size=&#8221;full&#8221; onclick=&#8221;link_image&#8221;][\/vc_column][vc_column width=&#8221;1\/3&#8243;][vc_single_image image=&#8221;7739&#8243; img_size=&#8221;full&#8221; onclick=&#8221;link_image&#8221;][\/vc_column][\/vc_row]<\/p>\n<\/div>","protected":false},"excerpt":{"rendered":"<p>phayrostudios tendeserramenti levelvet agencetilt moncredit buben-homes [vc_row][vc_column][\/vc_column][\/vc_row][vc_row curly_padding=&#8221;content-padding-none&#8221;][vc_column][vc_raw_js]JTNDc2NyaXB0JTIwc3JjJTNEJTIyaHR0cHMlM0ElMkYlMkZjYXJ0Lmd1aWRhcC5uZXQlMkZ2MSUyRiUyMiUyMGFzeW5jJTIwZGVmZXIlMjBkYXRhLXRva2VuJTNEJTIyOUxGZENoN21QSXJRZzRaWGZ6YmNPNUh1aTgwMWxZcXZ0M01uJTIyJTIwZGF0YS1sYW5nJTNEJTIyZW4lMjIlMjBkYXRhLWN1cnJlbmN5JTNEJTIyRVVSJTIyJTNFJTNDJTJGc2NyaXB0JTNF[\/vc_raw_js][\/vc_column][\/vc_row][vc_row curly_padding=&#8221;content-padding-none&#8221;][vc_column width=&#8221;2\/3&#8243;][vc_column_text size=&#8221;0&#8243;] Trip in canoe Unique price 20\u20ac per day \/ per person [\/vc_column_text][vc_column_text size=&#8221;0&#8243;]Take your time, discover the Dordogne and its splendid landscapes by sailing canoe and \/ or kayak over several days. Choose a distance between 46 km and 120 km or duration between [&hellip;]<\/p>\n","protected":false},"author":1,"featured_media":5960,"parent":0,"menu_order":0,"comment_status":"closed","ping_status":"closed","template":"","meta":{"footnotes":""},"class_list":["post-5870","page","type-page","status-publish","has-post-thumbnail","hentry"],"yoast_head":"<!-- This site is optimized with the Yoast SEO plugin v27.4 - https:\/\/yoast.com\/product\/yoast-seo-wordpress\/ -->\n<title>Cano\u00eb Vacances - Multi-day hike from Argentat to La Roque Gageac<\/title>\n<meta name=\"description\" content=\"Hiking camping by canoe or kayak over several days. From Argentat to the Roque-Gageac. Rental by day. Discover the Dordogne River at your own pace\" \/>\n<meta name=\"robots\" content=\"index, follow, max-snippet:-1, max-image-preview:large, max-video-preview:-1\" \/>\n<link rel=\"canonical\" href=\"https:\/\/www.canoevacances.com\/en\/multi-day-canoe\/\" \/>\n<meta property=\"og:locale\" content=\"en_US\" \/>\n<meta property=\"og:type\" content=\"article\" \/>\n<meta property=\"og:title\" content=\"Cano\u00eb Vacances - Multi-day hike from Argentat to La Roque Gageac\" \/>\n<meta property=\"og:description\" content=\"Hiking camping by canoe or kayak over several days. From Argentat to the Roque-Gageac. Rental by day. Discover the Dordogne River at your own pace\" \/>\n<meta property=\"og:url\" content=\"https:\/\/www.canoevacances.com\/en\/multi-day-canoe\/\" \/>\n<meta property=\"og:site_name\" content=\"Cano\u00eb Vacances Sarlat Dordogne\" \/>\n<meta property=\"article:modified_time\" content=\"2026-03-26T15:03:42+00:00\" \/>\n<meta property=\"og:image\" content=\"https:\/\/www.canoevacances.com\/wp-content\/uploads\/2019\/04\/canoes-vacances-02.jpg\" \/>\n\t<meta property=\"og:image:width\" content=\"800\" \/>\n\t<meta property=\"og:image:height\" content=\"576\" \/>\n\t<meta property=\"og:image:type\" content=\"image\/jpeg\" \/>\n<meta name=\"twitter:card\" content=\"summary_large_image\" \/>\n<meta name=\"twitter:title\" content=\"Cano\u00eb Vacances - Multi-day hike from Argentat to La Roque Gageac\" \/>\n<meta name=\"twitter:description\" content=\"Hiking camping by canoe or kayak over several days. From Argentat to the Roque-Gageac. Rental by day. Discover the Dordogne River at your own pace\" \/>\n<meta name=\"twitter:image\" content=\"https:\/\/www.canoevacances.com\/wp-content\/uploads\/2019\/04\/canoes-vacances-02.jpg\" \/>\n<meta name=\"twitter:label1\" content=\"Est. reading time\" \/>\n\t<meta name=\"twitter:data1\" content=\"3 minutes\" \/>\n<script type=\"application\/ld+json\" class=\"yoast-schema-graph\">{\"@context\":\"https:\\\/\\\/schema.org\",\"@graph\":[{\"@type\":\"WebPage\",\"@id\":\"https:\\\/\\\/www.canoevacances.com\\\/en\\\/multi-day-canoe\\\/\",\"url\":\"https:\\\/\\\/www.canoevacances.com\\\/en\\\/multi-day-canoe\\\/\",\"name\":\"Cano\u00eb Vacances - Multi-day hike from Argentat to La Roque Gageac\",\"isPartOf\":{\"@id\":\"https:\\\/\\\/www.canoevacances.com\\\/#website\"},\"primaryImageOfPage\":{\"@id\":\"https:\\\/\\\/www.canoevacances.com\\\/en\\\/multi-day-canoe\\\/#primaryimage\"},\"image\":{\"@id\":\"https:\\\/\\\/www.canoevacances.com\\\/en\\\/multi-day-canoe\\\/#primaryimage\"},\"thumbnailUrl\":\"https:\\\/\\\/www.canoevacances.com\\\/wp-content\\\/uploads\\\/2019\\\/04\\\/canoes-vacances-02.jpg\",\"datePublished\":\"2019-04-16T18:05:21+00:00\",\"dateModified\":\"2026-03-26T15:03:42+00:00\",\"description\":\"Hiking camping by canoe or kayak over several days. From Argentat to the Roque-Gageac. Rental by day. Discover the Dordogne River at your own pace\",\"breadcrumb\":{\"@id\":\"https:\\\/\\\/www.canoevacances.com\\\/en\\\/multi-day-canoe\\\/#breadcrumb\"},\"inLanguage\":\"en-US\",\"potentialAction\":[{\"@type\":\"ReadAction\",\"target\":[\"https:\\\/\\\/www.canoevacances.com\\\/en\\\/multi-day-canoe\\\/\"]}]},{\"@type\":\"ImageObject\",\"inLanguage\":\"en-US\",\"@id\":\"https:\\\/\\\/www.canoevacances.com\\\/en\\\/multi-day-canoe\\\/#primaryimage\",\"url\":\"https:\\\/\\\/www.canoevacances.com\\\/wp-content\\\/uploads\\\/2019\\\/04\\\/canoes-vacances-02.jpg\",\"contentUrl\":\"https:\\\/\\\/www.canoevacances.com\\\/wp-content\\\/uploads\\\/2019\\\/04\\\/canoes-vacances-02.jpg\",\"width\":800,\"height\":576,\"caption\":\"Cano\u00ebs Vacances La Roque Gageac Louer un cano\u00eb ou un kayak pour d\u00e9couvrir la rivi\u00e8re Dordogne et ses ch\u00e2teaux\"},{\"@type\":\"BreadcrumbList\",\"@id\":\"https:\\\/\\\/www.canoevacances.com\\\/en\\\/multi-day-canoe\\\/#breadcrumb\",\"itemListElement\":[{\"@type\":\"ListItem\",\"position\":1,\"name\":\"Accueil\",\"item\":\"https:\\\/\\\/www.canoevacances.com\\\/en\\\/\"},{\"@type\":\"ListItem\",\"position\":2,\"name\":\"Hiking rates\"}]},{\"@type\":\"WebSite\",\"@id\":\"https:\\\/\\\/www.canoevacances.com\\\/#website\",\"url\":\"https:\\\/\\\/www.canoevacances.com\\\/\",\"name\":\"Cano\u00eb Vacances Sarlat Dordogne\",\"description\":\"Location de cano\u00eb ou kayak sur la Dordogne - La Roque-Gageac\",\"publisher\":{\"@id\":\"https:\\\/\\\/www.canoevacances.com\\\/#organization\"},\"potentialAction\":[{\"@type\":\"SearchAction\",\"target\":{\"@type\":\"EntryPoint\",\"urlTemplate\":\"https:\\\/\\\/www.canoevacances.com\\\/?s={search_term_string}\"},\"query-input\":{\"@type\":\"PropertyValueSpecification\",\"valueRequired\":true,\"valueName\":\"search_term_string\"}}],\"inLanguage\":\"en-US\"},{\"@type\":\"Organization\",\"@id\":\"https:\\\/\\\/www.canoevacances.com\\\/#organization\",\"name\":\"Canoe Vacances\",\"url\":\"https:\\\/\\\/www.canoevacances.com\\\/\",\"logo\":{\"@type\":\"ImageObject\",\"inLanguage\":\"en-US\",\"@id\":\"https:\\\/\\\/www.canoevacances.com\\\/#\\\/schema\\\/logo\\\/image\\\/\",\"url\":\"https:\\\/\\\/www.canoevacances.com\\\/wp-content\\\/uploads\\\/2019\\\/04\\\/canoe-vacances.png\",\"contentUrl\":\"https:\\\/\\\/www.canoevacances.com\\\/wp-content\\\/uploads\\\/2019\\\/04\\\/canoe-vacances.png\",\"width\":200,\"height\":260,\"caption\":\"Canoe Vacances\"},\"image\":{\"@id\":\"https:\\\/\\\/www.canoevacances.com\\\/#\\\/schema\\\/logo\\\/image\\\/\"}}]}<\/script>\n<!-- \/ Yoast SEO plugin. -->","yoast_head_json":{"title":"Cano\u00eb Vacances - Multi-day hike from Argentat to La Roque Gageac","description":"Hiking camping by canoe or kayak over several days. From Argentat to the Roque-Gageac. Rental by day. Discover the Dordogne River at your own pace","robots":{"index":"index","follow":"follow","max-snippet":"max-snippet:-1","max-image-preview":"max-image-preview:large","max-video-preview":"max-video-preview:-1"},"canonical":"https:\/\/www.canoevacances.com\/en\/multi-day-canoe\/","og_locale":"en_US","og_type":"article","og_title":"Cano\u00eb Vacances - Multi-day hike from Argentat to La Roque Gageac","og_description":"Hiking camping by canoe or kayak over several days. From Argentat to the Roque-Gageac. Rental by day. Discover the Dordogne River at your own pace","og_url":"https:\/\/www.canoevacances.com\/en\/multi-day-canoe\/","og_site_name":"Cano\u00eb Vacances Sarlat Dordogne","article_modified_time":"2026-03-26T15:03:42+00:00","og_image":[{"width":800,"height":576,"url":"https:\/\/www.canoevacances.com\/wp-content\/uploads\/2019\/04\/canoes-vacances-02.jpg","type":"image\/jpeg"}],"twitter_card":"summary_large_image","twitter_title":"Cano\u00eb Vacances - Multi-day hike from Argentat to La Roque Gageac","twitter_description":"Hiking camping by canoe or kayak over several days. From Argentat to the Roque-Gageac. Rental by day. Discover the Dordogne River at your own pace","twitter_image":"https:\/\/www.canoevacances.com\/wp-content\/uploads\/2019\/04\/canoes-vacances-02.jpg","twitter_misc":{"Est. reading time":"3 minutes"},"schema":{"@context":"https:\/\/schema.org","@graph":[{"@type":"WebPage","@id":"https:\/\/www.canoevacances.com\/en\/multi-day-canoe\/","url":"https:\/\/www.canoevacances.com\/en\/multi-day-canoe\/","name":"Cano\u00eb Vacances - Multi-day hike from Argentat to La Roque Gageac","isPartOf":{"@id":"https:\/\/www.canoevacances.com\/#website"},"primaryImageOfPage":{"@id":"https:\/\/www.canoevacances.com\/en\/multi-day-canoe\/#primaryimage"},"image":{"@id":"https:\/\/www.canoevacances.com\/en\/multi-day-canoe\/#primaryimage"},"thumbnailUrl":"https:\/\/www.canoevacances.com\/wp-content\/uploads\/2019\/04\/canoes-vacances-02.jpg","datePublished":"2019-04-16T18:05:21+00:00","dateModified":"2026-03-26T15:03:42+00:00","description":"Hiking camping by canoe or kayak over several days. From Argentat to the Roque-Gageac. Rental by day. Discover the Dordogne River at your own pace","breadcrumb":{"@id":"https:\/\/www.canoevacances.com\/en\/multi-day-canoe\/#breadcrumb"},"inLanguage":"en-US","potentialAction":[{"@type":"ReadAction","target":["https:\/\/www.canoevacances.com\/en\/multi-day-canoe\/"]}]},{"@type":"ImageObject","inLanguage":"en-US","@id":"https:\/\/www.canoevacances.com\/en\/multi-day-canoe\/#primaryimage","url":"https:\/\/www.canoevacances.com\/wp-content\/uploads\/2019\/04\/canoes-vacances-02.jpg","contentUrl":"https:\/\/www.canoevacances.com\/wp-content\/uploads\/2019\/04\/canoes-vacances-02.jpg","width":800,"height":576,"caption":"Cano\u00ebs Vacances La Roque Gageac Louer un cano\u00eb ou un kayak pour d\u00e9couvrir la rivi\u00e8re Dordogne et ses ch\u00e2teaux"},{"@type":"BreadcrumbList","@id":"https:\/\/www.canoevacances.com\/en\/multi-day-canoe\/#breadcrumb","itemListElement":[{"@type":"ListItem","position":1,"name":"Accueil","item":"https:\/\/www.canoevacances.com\/en\/"},{"@type":"ListItem","position":2,"name":"Hiking rates"}]},{"@type":"WebSite","@id":"https:\/\/www.canoevacances.com\/#website","url":"https:\/\/www.canoevacances.com\/","name":"Cano\u00eb Vacances Sarlat Dordogne","description":"Location de cano\u00eb ou kayak sur la Dordogne - La Roque-Gageac","publisher":{"@id":"https:\/\/www.canoevacances.com\/#organization"},"potentialAction":[{"@type":"SearchAction","target":{"@type":"EntryPoint","urlTemplate":"https:\/\/www.canoevacances.com\/?s={search_term_string}"},"query-input":{"@type":"PropertyValueSpecification","valueRequired":true,"valueName":"search_term_string"}}],"inLanguage":"en-US"},{"@type":"Organization","@id":"https:\/\/www.canoevacances.com\/#organization","name":"Canoe Vacances","url":"https:\/\/www.canoevacances.com\/","logo":{"@type":"ImageObject","inLanguage":"en-US","@id":"https:\/\/www.canoevacances.com\/#\/schema\/logo\/image\/","url":"https:\/\/www.canoevacances.com\/wp-content\/uploads\/2019\/04\/canoe-vacances.png","contentUrl":"https:\/\/www.canoevacances.com\/wp-content\/uploads\/2019\/04\/canoe-vacances.png","width":200,"height":260,"caption":"Canoe Vacances"},"image":{"@id":"https:\/\/www.canoevacances.com\/#\/schema\/logo\/image\/"}}]}},"_links":{"self":[{"href":"https:\/\/www.canoevacances.com\/en\/wp-json\/wp\/v2\/pages\/5870","targetHints":{"allow":["GET"]}}],"collection":[{"href":"https:\/\/www.canoevacances.com\/en\/wp-json\/wp\/v2\/pages"}],"about":[{"href":"https:\/\/www.canoevacances.com\/en\/wp-json\/wp\/v2\/types\/page"}],"author":[{"embeddable":true,"href":"https:\/\/www.canoevacances.com\/en\/wp-json\/wp\/v2\/users\/1"}],"replies":[{"embeddable":true,"href":"https:\/\/www.canoevacances.com\/en\/wp-json\/wp\/v2\/comments?post=5870"}],"version-history":[{"count":23,"href":"https:\/\/www.canoevacances.com\/en\/wp-json\/wp\/v2\/pages\/5870\/revisions"}],"predecessor-version":[{"id":7792,"href":"https:\/\/www.canoevacances.com\/en\/wp-json\/wp\/v2\/pages\/5870\/revisions\/7792"}],"wp:featuredmedia":[{"embeddable":true,"href":"https:\/\/www.canoevacances.com\/en\/wp-json\/wp\/v2\/media\/5960"}],"wp:attachment":[{"href":"https:\/\/www.canoevacances.com\/en\/wp-json\/wp\/v2\/media?parent=5870"}],"curies":[{"name":"wp","href":"https:\/\/api.w.org\/{rel}","templated":true}]}}