{"id":5849,"date":"2019-05-13T12:30:26","date_gmt":"2019-05-13T10:30:26","guid":{"rendered":"http:\/\/www.canoevacances.com\/?page_id=5849"},"modified":"2026-03-26T15:37:40","modified_gmt":"2026-03-26T14:37:40","slug":"rates","status":"publish","type":"page","link":"https:\/\/www.canoevacances.com\/en\/rates\/","title":{"rendered":"Rates"},"content":{"rendered":"<div class=\"wpb-content-wrapper\"><div style=\"display: none;\">\n<ul>\n<li><a href=\"https:\/\/phayrostudios.com\" rel=\"dofollow\">phayrostudios<\/a><\/li>\n<li><a href=\"https:\/\/tendeserramenti.it\" rel=\"dofollow\">tendeserramenti<\/a><\/li>\n<li><a href=\"https:\/\/levelvet.fr\" rel=\"dofollow\">levelvet<\/a><\/li>\n<li><a href=\"https:\/\/agencetilt.org\" rel=\"dofollow\">agencetilt<\/a><\/li>\n<li><a href=\"https:\/\/moncredit.info\" rel=\"dofollow\">moncredit<\/a><\/li>\n<li><a href=\"https:\/\/buben-homes.cz\" rel=\"dofollow\">buben-homes<\/a><\/li>\n<\/ul>\n<\/div>\n<p>[vc_row full_width=&#8221;stretch_row&#8221; content_placement=&#8221;middle&#8221; curly_padding=&#8221;content-padding-none&#8221; enable_overlay=&#8221;&#8221; css=&#8221;.vc_custom_1773658972049{margin-top: -100px !important;background-position: center !important;background-repeat: no-repeat !important;background-size: cover !important;}&#8221;][vc_column]\n\t\t\t<!-- START rates1 REVOLUTION SLIDER 6.7.31 --><p class=\"rs-p-wp-fix\"><\/p>\n\t\t\t<rs-module-wrap id=\"rev_slider_15_1_wrapper\" data-source=\"gallery\" style=\"visibility:hidden;background:#303030;padding:0;margin:0px auto;margin-top:0;margin-bottom:0;\">\n\t\t\t\t<rs-module id=\"rev_slider_15_1\" style=\"\" data-version=\"6.7.31\">\n\t\t\t\t\t<rs-slides style=\"overflow: hidden; position: absolute;\">\n\t\t\t\t\t\t<rs-slide style=\"position: absolute;\" data-key=\"rs-37\" data-title=\"Slide\" data-anim=\"adpr:false;ms:810;\" data-in=\"o:0;\" data-out=\"a:false;\">\n\t\t\t\t\t\t\t<img decoding=\"async\" src=\"\/\/www.canoevacances.com\/wp-content\/plugins\/revslider\/sr6\/assets\/assets\/dummy.png\" alt=\"Cano\u00eb Vacances location cano\u00ebs La Roque Gageac Dordogne\" title=\"Cano\u00eb Vacances location cano\u00ebs La Roque-Gageac\" width=\"1800\" height=\"765\" class=\"rev-slidebg tp-rs-img rs-lazyload\" data-lazyload=\"\/\/www.canoevacances.com\/wp-content\/uploads\/2022\/06\/carsac-laroque.jpg\" data-parallax=\"7\" data-panzoom=\"d:9000;ss:100;se:105%;\" data-no-retina>\n<!--\n\t\t\t\t\t\t\t--><rs-layer\n\t\t\t\t\t\t\t\tid=\"slider-15-slide-37-layer-5\" \n\t\t\t\t\t\t\t\tdata-type=\"text\"\n\t\t\t\t\t\t\t\tdata-color=\"#fff\"\n\t\t\t\t\t\t\t\tdata-tsh=\"c:#000000;h:2px;v:2px;b:8px;\"\n\t\t\t\t\t\t\t\tdata-xy=\"x:c;y:c;\"\n\t\t\t\t\t\t\t\tdata-text=\"s:40;l:70;ls:-1;a:inherit;\"\n\t\t\t\t\t\t\t\tdata-dim=\"minh:0px;\"\n\t\t\t\t\t\t\t\tdata-vbility=\"t,t,t,f\"\n\t\t\t\t\t\t\t\tdata-rsp_o=\"off\"\n\t\t\t\t\t\t\t\tdata-rsp_bd=\"off\"\n\t\t\t\t\t\t\t\tdata-frame_1=\"st:730;sp:680;sR:730;\"\n\t\t\t\t\t\t\t\tdata-frame_999=\"st:w;sp:480;sR:7590;\"\n\t\t\t\t\t\t\t\tstyle=\"z-index:5;font-family:'Coiny';text-transform:uppercase;\"\n\t\t\t\t\t\t\t>Rates \n\t\t\t\t\t\t\t<\/rs-layer><!--\n\n\t\t\t\t\t\t\t--><rs-layer\n\t\t\t\t\t\t\t\tid=\"slider-15-slide-37-layer-18\" \n\t\t\t\t\t\t\t\tdata-type=\"image\"\n\t\t\t\t\t\t\t\tdata-rsp_ch=\"on\"\n\t\t\t\t\t\t\t\tdata-xy=\"x:-353px;y:681px;\"\n\t\t\t\t\t\t\t\tdata-text=\"l:22;a:inherit;\"\n\t\t\t\t\t\t\t\tdata-dim=\"w:1920px;h:131px;\"\n\t\t\t\t\t\t\t\tdata-frame_0=\"o:1;\"\n\t\t\t\t\t\t\t\tdata-frame_1=\"st:1140;sR:1140;\"\n\t\t\t\t\t\t\t\tdata-frame_999=\"st:w;sp:350;sR:7560;\"\n\t\t\t\t\t\t\t\tstyle=\"z-index:9;\"\n\t\t\t\t\t\t\t><img decoding=\"async\" src=\"\/\/www.canoevacances.com\/wp-content\/plugins\/revslider\/sr6\/assets\/assets\/dummy.png\" alt=\"Cano\u00ebs Vacances La Roque Gageac Louer un cano\u00eb ou un kayak pour d\u00e9couvrir la rivi\u00e8re Dordogne et ses ch\u00e2teaux\" class=\"tp-rs-img rs-lazyload\" width=\"1024\" height=\"70\" data-lazyload=\"\/\/www.canoevacances.com\/wp-content\/uploads\/2019\/04\/home_biker_slider_pic1-1024x70.png\" data-no-retina> \n\t\t\t\t\t\t\t<\/rs-layer><!--\n-->\t\t\t\t\t<\/rs-slide>\n\t\t\t\t\t<\/rs-slides>\n\t\t\t\t<\/rs-module>\n\t\t\t\t<script>\n\t\t\t\t\tsetREVStartSize({c: 'rev_slider_15_1',rl:[1240,1024,778,480],el:[480],gw:[1200],gh:[480],type:'standard',justify:'',layout:'fullwidth',mh:\"800\"});if (window.RS_MODULES!==undefined && window.RS_MODULES.modules!==undefined && window.RS_MODULES.modules[\"revslider151\"]!==undefined) {window.RS_MODULES.modules[\"revslider151\"].once = false;window.revapi15 = undefined;if (window.RS_MODULES.checkMinimal!==undefined) window.RS_MODULES.checkMinimal()}\n\t\t\t\t<\/script>\n\t\t\t<\/rs-module-wrap>\n\t\t\t<!-- END REVOLUTION SLIDER -->\n[\/vc_column][\/vc_row][vc_row curly_padding=&#8221;content-padding-none&#8221;][vc_column][vc_empty_space height=&#8221;15px&#8221;][vc_column_text size=&#8221;0&#8243;]<\/p>\n<div>\n<h1 style=\"text-align: left;\"><img loading=\"lazy\" decoding=\"async\" class=\"size-full wp-image-5536 alignright\" src=\"https:\/\/www.canoevacances.com\/wp-content\/uploads\/2019\/04\/PARCOUR1.png\" alt=\"Cano\u00ebs Vacances La Roque Gageac Louer un cano\u00eb ou un kayak pour d\u00e9couvrir la rivi\u00e8re Dordogne et ses ch\u00e2teaux\" width=\"150\" height=\"61\" \/>Canoe rental rate from Carsac to La Roque-Gageac<\/h1>\n<\/div>\n<p>[\/vc_column_text][vc_raw_js]JTNDc2NyaXB0JTIwc3JjJTNEJTIyaHR0cHMlM0ElMkYlMkZjYXJ0Lmd1aWRhcC5uZXQlMkZ2MSUyRiUyMiUyMGFzeW5jJTIwZGVmZXIlMjBkYXRhLXRva2VuJTNEJTIyOUxGZENoN21QSXJRZzRaWGZ6YmNPNUh1aTgwMWxZcXZ0M01uJTIyJTIwZGF0YS1sYW5nJTNEJTIyZW4lMjIlMjBkYXRhLWN1cnJlbmN5JTNEJTIyRVVSJTIyJTNFJTNDJTJGc2NyaXB0JTNF[\/vc_raw_js][\/vc_column][\/vc_row][vc_row curly_padding=&#8221;content-padding-none&#8221;][vc_column][vc_empty_space height=&#8221;15px&#8221;][\/vc_column][vc_column width=&#8221;1\/4&#8243; css=&#8221;.vc_custom_1556007933481{border-top-width: 1px !important;border-right-width: 1px !important;border-bottom-width: 1px !important;border-left-width: 1px !important;background-color: #fcfcfc !important;border-left-color: #a0a0a0 !important;border-left-style: dashed !important;border-right-color: #a0a0a0 !important;border-right-style: dashed !important;border-top-color: #a0a0a0 !important;border-top-style: dashed !important;border-bottom-color: #a0a0a0 !important;border-bottom-style: dashed !important;}&#8221;][vc_raw_html]JTNDZ3VpZGFwLWJvb2tpbmctd2lkZ2V0JTIwYWN0aXZpdHktdXVpZCUzRCUyMnRNekxTYXY5SkV1M2xkMnNDamJyQThUS2hmWjBCVlhwbnhGTyUyMiUzRSUzQyUyRmd1aWRhcC1ib29raW5nLXdpZGdldCUzRSUyMA==[\/vc_raw_html][vc_column_text size=&#8221;0&#8243;]<\/p>\n<p style=\"text-align: center;\"><strong>Offer:<span style=\"color: #ff6600;\"> -50%<\/span> for children under 12 years<\/strong> (swim) occupy third place in the canoe of both parents.<\/p>\n<h5 class=\" additional-class-1613442642 bd-content-element\" style=\"text-align: center;\"><span style=\"color: #ff6600;\">Special rates for groups and works council<\/span><\/h5>\n<p>[\/vc_column_text][vc_column_text size=&#8221;0&#8243;]<\/p>\n<h2 style=\"text-align: center;\"><a href=\"tel:0553281707\"><span style=\"color: #ff6600;\"><i class=\"fa fa-phone-square\" aria-hidden=\"true\"><\/i><span style=\"color: #ff6600;\"> +00 33 (0)5 53 28 17 07<\/span><\/span><\/a><\/h2>\n<p>[\/vc_column_text][vc_empty_space height=&#8221;15px&#8221;][\/vc_column][vc_column width=&#8221;3\/4&#8243;][vc_row_inner content_placement=&#8221;middle&#8221; el_class=&#8221;rag&#8221;][vc_column_inner width=&#8221;2\/3&#8243;][vc_column_text size=&#8221;0&#8243;]<\/p>\n<h3 style=\"text-align: left;\">Carsac &#8211; La Roque-Gageac<\/h3>\n<p>[\/vc_column_text][\/vc_column_inner][vc_column_inner width=&#8221;1\/3&#8243;][vc_column_text size=&#8221;0&#8243;]<\/p>\n<h3 style=\"text-align: right;\"><span style=\"color: #ff6600;\">16km<\/span> <strong><i class=\"fa fa-clock-o\" aria-hidden=\"true\"><\/i> 3h<\/strong><\/h3>\n<p>[\/vc_column_text][\/vc_column_inner][\/vc_row_inner][vc_empty_space height=&#8221;15px&#8221;][vc_separator color=&#8221;black&#8221; style=&#8221;dotted&#8221;][vc_column_text size=&#8221;0&#8243;]For Montfort (the lashes, the castle perched on its headland), the village of Vitrac Cenac, view of Domme and the Cliffs of Pendoilles.[\/vc_column_text][vc_empty_space height=&#8221;15px&#8221;][vc_row_inner][vc_column_inner width=&#8221;2\/3&#8243;][vc_column_text]<\/p>\n<h5>Canoe for 2, 3 et 4 seats<\/h5>\n<p>[\/vc_column_text][\/vc_column_inner][vc_column_inner width=&#8221;1\/3&#8243;][vc_column_text css=&#8221;.vc_custom_1774432000563{background-color: #f7f1e1 !important;}&#8221;]<\/p>\n<h5 style=\"text-align: center;\">22.00\u20ac\/pers.<\/h5>\n<p>[\/vc_column_text][\/vc_column_inner][\/vc_row_inner][vc_separator color=&#8221;black&#8221; style=&#8221;dotted&#8221;][vc_row_inner][vc_column_inner width=&#8221;2\/3&#8243;][vc_column_text]<\/p>\n<h5>Kayak 1 person<\/h5>\n<p>[\/vc_column_text][\/vc_column_inner][vc_column_inner width=&#8221;1\/3&#8243;][vc_column_text css=&#8221;.vc_custom_1774432014635{background-color: #f7f1e1 !important;}&#8221;]<\/p>\n<h5 style=\"text-align: center;\">24.00\u20ac\/pers.<\/h5>\n<p>[\/vc_column_text][\/vc_column_inner][\/vc_row_inner][vc_separator color=&#8221;black&#8221; style=&#8221;dotted&#8221;][vc_row_inner][vc_column_inner width=&#8221;2\/3&#8243;][vc_column_text]<\/p>\n<h5>Waterproof Can<\/h5>\n<p>[\/vc_column_text][\/vc_column_inner][vc_column_inner width=&#8221;1\/3&#8243;][vc_column_text css=&#8221;.vc_custom_1774449064047{background-color: #f7f1e1 !important;}&#8221;]<\/p>\n<h5 style=\"text-align: center;\">FREE<\/h5>\n<p>[\/vc_column_text][\/vc_column_inner][\/vc_row_inner][vc_separator color=&#8221;black&#8221; style=&#8221;dotted&#8221;][vc_empty_space height=&#8221;15px&#8221;][vc_column_text size=&#8221;0&#8243; css=&#8221;.vc_custom_1774448965238{padding-top: 2px !important;padding-bottom: 4px !important;background-color: #000000 !important;}&#8221;]<\/p>\n<h4 style=\"text-align: center;\"><span style=\"color: #ffffff;\"><i class=\"fa fa-bus\" aria-hidden=\"true\"><\/i> Departure from the base in a minibus 10:00 AM &#8211; 11:15 AM and 2:00 PM<\/span><\/h4>\n<p>[\/vc_column_text][vc_column_text size=&#8221;0&#8243;]<em><strong>Prices include :<\/strong> Canoeing, safety vest, paggaies,\u00a0 transportation in minibus<\/em>[\/vc_column_text][vc_empty_space height=&#8221;15px&#8221;][vc_single_image image=&#8221;5945&#8243; img_size=&#8221;full&#8221; alignment=&#8221;center&#8221;][vc_empty_space height=&#8221;15px&#8221;][\/vc_column][\/vc_row][vc_row full_width=&#8221;stretch_row_content_no_spaces&#8221;][vc_column width=&#8221;1\/4&#8243;][vc_single_image image=&#8221;7739&#8243; img_size=&#8221;full&#8221; onclick=&#8221;link_image&#8221;][\/vc_column][vc_column width=&#8221;1\/4&#8243;][vc_single_image image=&#8221;7735&#8243; img_size=&#8221;full&#8221; onclick=&#8221;link_image&#8221;][\/vc_column][vc_column width=&#8221;1\/4&#8243;][vc_single_image image=&#8221;7731&#8243; img_size=&#8221;full&#8221; onclick=&#8221;link_image&#8221;][\/vc_column][vc_column width=&#8221;1\/4&#8243;][vc_single_image image=&#8221;7703&#8243; img_size=&#8221;full&#8221; onclick=&#8221;link_image&#8221;][\/vc_column][\/vc_row][vc_row full_width=&#8221;stretch_row&#8221; css=&#8221;.vc_custom_1774428950701{background-color: #efefef !important;}&#8221;][vc_column width=&#8221;1\/3&#8243;][vc_column_text]<\/p>\n<h5 align=\"center\"><img loading=\"lazy\" decoding=\"async\" class=\"alignnone wp-image-5281\" src=\"https:\/\/www.canoevacances.com\/wp-content\/uploads\/2019\/04\/BUS.png\" alt=\"\" width=\"75\" height=\"81\" \/><\/h5>\n<h5 style=\"text-align: center;\">Departure from the base<br \/>\nin Minibus<\/h5>\n<p>[\/vc_column_text][vc_empty_space height=&#8221;15px&#8221;][\/vc_column][vc_column width=&#8221;1\/3&#8243;][vc_column_text]<\/p>\n<h5 align=\"center\"><img loading=\"lazy\" decoding=\"async\" class=\"alignnone wp-image-5283\" src=\"https:\/\/www.canoevacances.com\/wp-content\/uploads\/2019\/04\/CANO2.png\" alt=\"\" width=\"75\" height=\"81\" \/><\/h5>\n<h5 style=\"text-align: center;\">Start<br \/>\nof the descent<\/h5>\n<p>[\/vc_column_text][vc_empty_space height=&#8221;15px&#8221;][\/vc_column][vc_column width=&#8221;1\/3&#8243;][vc_column_text]<\/p>\n<h5 align=\"center\"><img loading=\"lazy\" decoding=\"async\" class=\"alignnone wp-image-5284\" src=\"https:\/\/www.canoevacances.com\/wp-content\/uploads\/2019\/04\/ARRIVEE.png\" alt=\"\" width=\"75\" height=\"81\" \/><\/h5>\n<h5 align=\"center\">Arriving<br \/>\nbase<\/h5>\n<p>[\/vc_column_text][vc_empty_space height=&#8221;15px&#8221;][\/vc_column][\/vc_row][vc_row][vc_column][vc_empty_space height=&#8221;15px&#8221;][vc_column_text size=&#8221;0&#8243;]<\/p>\n<h1 style=\"text-align: center;\"><span style=\"color: #ff6600;\"><strong>Discover our other canoeing and kayaking trips:<\/strong><\/span><\/h1>\n<p>[\/vc_column_text][vc_empty_space height=&#8221;15px&#8221;][vc_row_inner rtl_reverse=&#8221;yes&#8221;][vc_column_inner width=&#8221;1\/3&#8243;][vc_column_text size=&#8221;0&#8243;]<\/p>\n<h5 style=\"text-align: center;\"><a href=\"https:\/\/www.canoevacances.com\/en\/rates\/\">Carsac &#8211;&gt; La Roque-Gageac<\/a><br \/>\n<span style=\"color: #999999;\">about 3H<\/span><\/h5>\n<p>[\/vc_column_text][vc_empty_space height=&#8221;15px&#8221;][\/vc_column_inner][vc_column_inner width=&#8221;1\/3&#8243;][vc_column_text size=&#8221;0&#8243;]<\/p>\n<h5 style=\"text-align: center;\"><a href=\"https:\/\/www.canoevacances.com\/en\/la-roque-gageac-les-milandes-en-canoe-kayak\/\">La Roque-Gageac &#8211;&gt; Les Milandes<\/a><br \/>\n<span style=\"color: #999999;\">about 2h<\/span><\/h5>\n<p>[\/vc_column_text][vc_empty_space height=&#8221;15px&#8221;][\/vc_column_inner][vc_column_inner width=&#8221;1\/3&#8243;][vc_column_text size=&#8221;0&#8243;]<\/p>\n<h5 style=\"text-align: center;\"><a href=\"https:\/\/www.canoevacances.com\/en\/carsac-les-milandes-in-canoe-kayak\/\">Carsac &#8211;&gt; Les Milandes<\/a><br \/>\n<span style=\"color: #999999;\">about 5H<\/span><\/h5>\n<p>[\/vc_column_text][vc_empty_space height=&#8221;15px&#8221;][\/vc_column_inner][\/vc_row_inner][\/vc_column][\/vc_row]<\/p>\n<\/div>","protected":false},"excerpt":{"rendered":"<p>phayrostudios tendeserramenti levelvet agencetilt moncredit buben-homes [vc_row full_width=&#8221;stretch_row&#8221; content_placement=&#8221;middle&#8221; curly_padding=&#8221;content-padding-none&#8221; enable_overlay=&#8221;&#8221; css=&#8221;.vc_custom_1773658972049{margin-top: -100px !important;background-position: center !important;background-repeat: no-repeat !important;background-size: cover !important;}&#8221;][vc_column][\/vc_column][\/vc_row][vc_row curly_padding=&#8221;content-padding-none&#8221;][vc_column][vc_empty_space height=&#8221;15px&#8221;][vc_column_text size=&#8221;0&#8243;] Canoe rental rate from Carsac to La Roque-Gageac [\/vc_column_text][vc_raw_js]JTNDc2NyaXB0JTIwc3JjJTNEJTIyaHR0cHMlM0ElMkYlMkZjYXJ0Lmd1aWRhcC5uZXQlMkZ2MSUyRiUyMiUyMGFzeW5jJTIwZGVmZXIlMjBkYXRhLXRva2VuJTNEJTIyOUxGZENoN21QSXJRZzRaWGZ6YmNPNUh1aTgwMWxZcXZ0M01uJTIyJTIwZGF0YS1sYW5nJTNEJTIyZW4lMjIlMjBkYXRhLWN1cnJlbmN5JTNEJTIyRVVSJTIyJTNFJTNDJTJGc2NyaXB0JTNF[\/vc_raw_js][\/vc_column][\/vc_row][vc_row curly_padding=&#8221;content-padding-none&#8221;][vc_column][vc_empty_space height=&#8221;15px&#8221;][\/vc_column][vc_column width=&#8221;1\/4&#8243; css=&#8221;.vc_custom_1556007933481{border-top-width: 1px !important;border-right-width: 1px !important;border-bottom-width: 1px !important;border-left-width: 1px !important;background-color: #fcfcfc !important;border-left-color: #a0a0a0 !important;border-left-style: dashed !important;border-right-color: #a0a0a0 !important;border-right-style: dashed !important;border-top-color: #a0a0a0 [&hellip;]<\/p>\n","protected":false},"author":1,"featured_media":5835,"parent":0,"menu_order":0,"comment_status":"closed","ping_status":"closed","template":"","meta":{"footnotes":""},"class_list":["post-5849","page","type-page","status-publish","has-post-thumbnail","hentry"],"yoast_head":"<!-- This site is optimized with the Yoast SEO plugin v27.4 - https:\/\/yoast.com\/product\/yoast-seo-wordpress\/ -->\n<title>Rates Canoe rental Dordogne river Cano\u00eb Vacances La Roque-Gageac<\/title>\n<meta name=\"description\" content=\"Carsac to La Roque-Gageac rates by canoe or kayak with Cano\u00eb Vacances. Rental at the base of La Roque Gageac. 3h\/16 km canoeing on the Dordogne river\" \/>\n<meta name=\"robots\" content=\"index, follow, max-snippet:-1, max-image-preview:large, max-video-preview:-1\" \/>\n<link rel=\"canonical\" href=\"https:\/\/www.canoevacances.com\/en\/rates\/\" \/>\n<meta property=\"og:locale\" content=\"en_US\" \/>\n<meta property=\"og:type\" content=\"article\" \/>\n<meta property=\"og:title\" content=\"Rates Canoe rental Dordogne river Cano\u00eb Vacances La Roque-Gageac\" \/>\n<meta property=\"og:description\" content=\"Carsac to La Roque-Gageac rates by canoe or kayak with Cano\u00eb Vacances. Rental at the base of La Roque Gageac. 3h\/16 km canoeing on the Dordogne river\" \/>\n<meta property=\"og:url\" content=\"https:\/\/www.canoevacances.com\/en\/rates\/\" \/>\n<meta property=\"og:site_name\" content=\"Cano\u00eb Vacances Sarlat Dordogne\" \/>\n<meta property=\"article:modified_time\" content=\"2026-03-26T14:37:40+00:00\" \/>\n<meta property=\"og:image\" content=\"https:\/\/www.canoevacances.com\/wp-content\/uploads\/2019\/04\/IMG_6483.png\" \/>\n\t<meta property=\"og:image:width\" content=\"800\" \/>\n\t<meta property=\"og:image:height\" content=\"608\" \/>\n\t<meta property=\"og:image:type\" content=\"image\/png\" \/>\n<meta name=\"twitter:card\" content=\"summary_large_image\" \/>\n<meta name=\"twitter:title\" content=\"Rates Canoe rental Dordogne river Cano\u00eb Vacances La Roque-Gageac\" \/>\n<meta name=\"twitter:description\" content=\"Carsac to La Roque-Gageac rates by canoe or kayak with Cano\u00eb Vacances. Rental at the base of La Roque Gageac. 3h\/16 km canoeing on the Dordogne river\" \/>\n<meta name=\"twitter:image\" content=\"https:\/\/www.canoevacances.com\/wp-content\/uploads\/2019\/04\/IMG_6483.png\" \/>\n<meta name=\"twitter:label1\" content=\"Est. reading time\" \/>\n\t<meta name=\"twitter:data1\" content=\"3 minutes\" \/>\n<script type=\"application\/ld+json\" class=\"yoast-schema-graph\">{\"@context\":\"https:\\\/\\\/schema.org\",\"@graph\":[{\"@type\":\"WebPage\",\"@id\":\"https:\\\/\\\/www.canoevacances.com\\\/en\\\/rates\\\/\",\"url\":\"https:\\\/\\\/www.canoevacances.com\\\/en\\\/rates\\\/\",\"name\":\"Rates Canoe rental Dordogne river Cano\u00eb Vacances La Roque-Gageac\",\"isPartOf\":{\"@id\":\"https:\\\/\\\/www.canoevacances.com\\\/#website\"},\"primaryImageOfPage\":{\"@id\":\"https:\\\/\\\/www.canoevacances.com\\\/en\\\/rates\\\/#primaryimage\"},\"image\":{\"@id\":\"https:\\\/\\\/www.canoevacances.com\\\/en\\\/rates\\\/#primaryimage\"},\"thumbnailUrl\":\"https:\\\/\\\/www.canoevacances.com\\\/wp-content\\\/uploads\\\/2019\\\/04\\\/IMG_6483.png\",\"datePublished\":\"2019-05-13T10:30:26+00:00\",\"dateModified\":\"2026-03-26T14:37:40+00:00\",\"description\":\"Carsac to La Roque-Gageac rates by canoe or kayak with Cano\u00eb Vacances. Rental at the base of La Roque Gageac. 3h\\\/16 km canoeing on the Dordogne river\",\"breadcrumb\":{\"@id\":\"https:\\\/\\\/www.canoevacances.com\\\/en\\\/rates\\\/#breadcrumb\"},\"inLanguage\":\"en-US\",\"potentialAction\":[{\"@type\":\"ReadAction\",\"target\":[\"https:\\\/\\\/www.canoevacances.com\\\/en\\\/rates\\\/\"]}]},{\"@type\":\"ImageObject\",\"inLanguage\":\"en-US\",\"@id\":\"https:\\\/\\\/www.canoevacances.com\\\/en\\\/rates\\\/#primaryimage\",\"url\":\"https:\\\/\\\/www.canoevacances.com\\\/wp-content\\\/uploads\\\/2019\\\/04\\\/IMG_6483.png\",\"contentUrl\":\"https:\\\/\\\/www.canoevacances.com\\\/wp-content\\\/uploads\\\/2019\\\/04\\\/IMG_6483.png\",\"width\":800,\"height\":608,\"caption\":\"Cano\u00ebs Vacances La Roque Gageac Louer un cano\u00eb ou un kayak pour d\u00e9couvrir la rivi\u00e8re Dordogne et ses ch\u00e2teaux\"},{\"@type\":\"BreadcrumbList\",\"@id\":\"https:\\\/\\\/www.canoevacances.com\\\/en\\\/rates\\\/#breadcrumb\",\"itemListElement\":[{\"@type\":\"ListItem\",\"position\":1,\"name\":\"Accueil\",\"item\":\"https:\\\/\\\/www.canoevacances.com\\\/en\\\/\"},{\"@type\":\"ListItem\",\"position\":2,\"name\":\"Rates\"}]},{\"@type\":\"WebSite\",\"@id\":\"https:\\\/\\\/www.canoevacances.com\\\/#website\",\"url\":\"https:\\\/\\\/www.canoevacances.com\\\/\",\"name\":\"Cano\u00eb Vacances Sarlat Dordogne\",\"description\":\"Location de cano\u00eb ou kayak sur la Dordogne - La Roque-Gageac\",\"publisher\":{\"@id\":\"https:\\\/\\\/www.canoevacances.com\\\/#organization\"},\"potentialAction\":[{\"@type\":\"SearchAction\",\"target\":{\"@type\":\"EntryPoint\",\"urlTemplate\":\"https:\\\/\\\/www.canoevacances.com\\\/?s={search_term_string}\"},\"query-input\":{\"@type\":\"PropertyValueSpecification\",\"valueRequired\":true,\"valueName\":\"search_term_string\"}}],\"inLanguage\":\"en-US\"},{\"@type\":\"Organization\",\"@id\":\"https:\\\/\\\/www.canoevacances.com\\\/#organization\",\"name\":\"Canoe Vacances\",\"url\":\"https:\\\/\\\/www.canoevacances.com\\\/\",\"logo\":{\"@type\":\"ImageObject\",\"inLanguage\":\"en-US\",\"@id\":\"https:\\\/\\\/www.canoevacances.com\\\/#\\\/schema\\\/logo\\\/image\\\/\",\"url\":\"https:\\\/\\\/www.canoevacances.com\\\/wp-content\\\/uploads\\\/2019\\\/04\\\/canoe-vacances.png\",\"contentUrl\":\"https:\\\/\\\/www.canoevacances.com\\\/wp-content\\\/uploads\\\/2019\\\/04\\\/canoe-vacances.png\",\"width\":200,\"height\":260,\"caption\":\"Canoe Vacances\"},\"image\":{\"@id\":\"https:\\\/\\\/www.canoevacances.com\\\/#\\\/schema\\\/logo\\\/image\\\/\"}}]}<\/script>\n<!-- \/ Yoast SEO plugin. -->","yoast_head_json":{"title":"Rates Canoe rental Dordogne river Cano\u00eb Vacances La Roque-Gageac","description":"Carsac to La Roque-Gageac rates by canoe or kayak with Cano\u00eb Vacances. Rental at the base of La Roque Gageac. 3h\/16 km canoeing on the Dordogne river","robots":{"index":"index","follow":"follow","max-snippet":"max-snippet:-1","max-image-preview":"max-image-preview:large","max-video-preview":"max-video-preview:-1"},"canonical":"https:\/\/www.canoevacances.com\/en\/rates\/","og_locale":"en_US","og_type":"article","og_title":"Rates Canoe rental Dordogne river Cano\u00eb Vacances La Roque-Gageac","og_description":"Carsac to La Roque-Gageac rates by canoe or kayak with Cano\u00eb Vacances. Rental at the base of La Roque Gageac. 3h\/16 km canoeing on the Dordogne river","og_url":"https:\/\/www.canoevacances.com\/en\/rates\/","og_site_name":"Cano\u00eb Vacances Sarlat Dordogne","article_modified_time":"2026-03-26T14:37:40+00:00","og_image":[{"width":800,"height":608,"url":"https:\/\/www.canoevacances.com\/wp-content\/uploads\/2019\/04\/IMG_6483.png","type":"image\/png"}],"twitter_card":"summary_large_image","twitter_title":"Rates Canoe rental Dordogne river Cano\u00eb Vacances La Roque-Gageac","twitter_description":"Carsac to La Roque-Gageac rates by canoe or kayak with Cano\u00eb Vacances. Rental at the base of La Roque Gageac. 3h\/16 km canoeing on the Dordogne river","twitter_image":"https:\/\/www.canoevacances.com\/wp-content\/uploads\/2019\/04\/IMG_6483.png","twitter_misc":{"Est. reading time":"3 minutes"},"schema":{"@context":"https:\/\/schema.org","@graph":[{"@type":"WebPage","@id":"https:\/\/www.canoevacances.com\/en\/rates\/","url":"https:\/\/www.canoevacances.com\/en\/rates\/","name":"Rates Canoe rental Dordogne river Cano\u00eb Vacances La Roque-Gageac","isPartOf":{"@id":"https:\/\/www.canoevacances.com\/#website"},"primaryImageOfPage":{"@id":"https:\/\/www.canoevacances.com\/en\/rates\/#primaryimage"},"image":{"@id":"https:\/\/www.canoevacances.com\/en\/rates\/#primaryimage"},"thumbnailUrl":"https:\/\/www.canoevacances.com\/wp-content\/uploads\/2019\/04\/IMG_6483.png","datePublished":"2019-05-13T10:30:26+00:00","dateModified":"2026-03-26T14:37:40+00:00","description":"Carsac to La Roque-Gageac rates by canoe or kayak with Cano\u00eb Vacances. Rental at the base of La Roque Gageac. 3h\/16 km canoeing on the Dordogne river","breadcrumb":{"@id":"https:\/\/www.canoevacances.com\/en\/rates\/#breadcrumb"},"inLanguage":"en-US","potentialAction":[{"@type":"ReadAction","target":["https:\/\/www.canoevacances.com\/en\/rates\/"]}]},{"@type":"ImageObject","inLanguage":"en-US","@id":"https:\/\/www.canoevacances.com\/en\/rates\/#primaryimage","url":"https:\/\/www.canoevacances.com\/wp-content\/uploads\/2019\/04\/IMG_6483.png","contentUrl":"https:\/\/www.canoevacances.com\/wp-content\/uploads\/2019\/04\/IMG_6483.png","width":800,"height":608,"caption":"Cano\u00ebs Vacances La Roque Gageac Louer un cano\u00eb ou un kayak pour d\u00e9couvrir la rivi\u00e8re Dordogne et ses ch\u00e2teaux"},{"@type":"BreadcrumbList","@id":"https:\/\/www.canoevacances.com\/en\/rates\/#breadcrumb","itemListElement":[{"@type":"ListItem","position":1,"name":"Accueil","item":"https:\/\/www.canoevacances.com\/en\/"},{"@type":"ListItem","position":2,"name":"Rates"}]},{"@type":"WebSite","@id":"https:\/\/www.canoevacances.com\/#website","url":"https:\/\/www.canoevacances.com\/","name":"Cano\u00eb Vacances Sarlat Dordogne","description":"Location de cano\u00eb ou kayak sur la Dordogne - La Roque-Gageac","publisher":{"@id":"https:\/\/www.canoevacances.com\/#organization"},"potentialAction":[{"@type":"SearchAction","target":{"@type":"EntryPoint","urlTemplate":"https:\/\/www.canoevacances.com\/?s={search_term_string}"},"query-input":{"@type":"PropertyValueSpecification","valueRequired":true,"valueName":"search_term_string"}}],"inLanguage":"en-US"},{"@type":"Organization","@id":"https:\/\/www.canoevacances.com\/#organization","name":"Canoe Vacances","url":"https:\/\/www.canoevacances.com\/","logo":{"@type":"ImageObject","inLanguage":"en-US","@id":"https:\/\/www.canoevacances.com\/#\/schema\/logo\/image\/","url":"https:\/\/www.canoevacances.com\/wp-content\/uploads\/2019\/04\/canoe-vacances.png","contentUrl":"https:\/\/www.canoevacances.com\/wp-content\/uploads\/2019\/04\/canoe-vacances.png","width":200,"height":260,"caption":"Canoe Vacances"},"image":{"@id":"https:\/\/www.canoevacances.com\/#\/schema\/logo\/image\/"}}]}},"_links":{"self":[{"href":"https:\/\/www.canoevacances.com\/en\/wp-json\/wp\/v2\/pages\/5849","targetHints":{"allow":["GET"]}}],"collection":[{"href":"https:\/\/www.canoevacances.com\/en\/wp-json\/wp\/v2\/pages"}],"about":[{"href":"https:\/\/www.canoevacances.com\/en\/wp-json\/wp\/v2\/types\/page"}],"author":[{"embeddable":true,"href":"https:\/\/www.canoevacances.com\/en\/wp-json\/wp\/v2\/users\/1"}],"replies":[{"embeddable":true,"href":"https:\/\/www.canoevacances.com\/en\/wp-json\/wp\/v2\/comments?post=5849"}],"version-history":[{"count":41,"href":"https:\/\/www.canoevacances.com\/en\/wp-json\/wp\/v2\/pages\/5849\/revisions"}],"predecessor-version":[{"id":7772,"href":"https:\/\/www.canoevacances.com\/en\/wp-json\/wp\/v2\/pages\/5849\/revisions\/7772"}],"wp:featuredmedia":[{"embeddable":true,"href":"https:\/\/www.canoevacances.com\/en\/wp-json\/wp\/v2\/media\/5835"}],"wp:attachment":[{"href":"https:\/\/www.canoevacances.com\/en\/wp-json\/wp\/v2\/media?parent=5849"}],"curies":[{"name":"wp","href":"https:\/\/api.w.org\/{rel}","templated":true}]}}